{"id":303,"date":"2023-10-24T23:38:40","date_gmt":"2023-10-25T05:38:40","guid":{"rendered":"https:\/\/femumex.org\/?page_id=303"},"modified":"2023-10-24T23:38:40","modified_gmt":"2023-10-25T05:38:40","slug":"objetivos","status":"publish","type":"page","link":"http:\/\/femumex.org\/es\/objetivos\/","title":{"rendered":"Objetivos"},"content":{"rendered":"\n<div style=\"height:10px\" aria-hidden=\"true\" class=\"wp-block-spacer\"><\/div>\n\n\n\n<h2 class=\"wp-block-heading has-text-align-center\">Objetivos<\/h2>\n\n\n\n<hr class=\"wp-block-separator has-text-color has-ast-global-color-1-color has-alpha-channel-opacity has-ast-global-color-1-background-color has-background is-style-wide\"\/>\n\n\n\n<div style=\"height:20px\" aria-hidden=\"true\" class=\"wp-block-spacer\"><\/div>\n\n\n\n<h3 class=\"wp-block-heading has-ast-global-color-0-color has-text-color\">Objetivos<\/h3>\n\n\n\n<ul class=\"wp-block-list\">\n<li>Trabajar en defensa de los Derechos Humanos de las mujeres en M\u00e9xico.<\/li>\n\n\n\n<li>Promover una cultura para la paz, entendida no s\u00f3lo como ausencia de guerra, sino como el ambiente cultural en que la humanidad puede desarrollar sus potencialidades, con respeto a los derechos humanos de todas y todos los miembros de la comunidad nacional.<\/li>\n\n\n\n<li>Prevenir la violencia<\/li>\n\n\n\n<li>Promover una mentalidad que elimine la discriminaci\u00f3n<\/li>\n\n\n\n<li>Superar atavismos patriarcales; valorar las contribuciones de la mujer a la vida nacional<\/li>\n\n\n\n<li>Trabajar por el desarrollo de la poblaci\u00f3n femenina mediante actividades educativas y culturales<\/li>\n\n\n\n<li>Lograr el reconocimiento del trabajo femenino<\/li>\n\n\n\n<li>Difundir una imagen constructiva de la mujer a trav\u00e9s de los medios de comunicaci\u00f3n.<\/li>\n<\/ul>\n\n\n\n<h3 class=\"wp-block-heading has-ast-global-color-0-color has-text-color\">Objetivos institucionales<\/h3>\n\n\n\n<ul class=\"wp-block-list\">\n<li>Mejorar la situaci\u00f3n de las mujeres mexicanas, mediante la promoci\u00f3n de la actualizaci\u00f3n del marco jur\u00eddico, del sistema escolarizado y la difusi\u00f3n de una cultura de equidad de g\u00e9nero.<\/li>\n\n\n\n<li>La edici\u00f3n y publicaci\u00f3n de libros, revistas y boletines tanto en medios impresos como electr\u00f3nicos.<\/li>\n\n\n\n<li>La organizaci\u00f3n de diversos eventos acad\u00e9micos y culturales en diversas entidades de la Rep\u00fablica Mexicana, tales como cursos, congresos y seminarios nacionales e internacionales, conferencias, mesas redondas, talleres, foros, exposiciones de obras art\u00edsticas y otros de la misma naturaleza.<\/li>\n\n\n\n<li>La participaci\u00f3n en programas de radio.<\/li>\n\n\n\n<li>La instauraci\u00f3n, establecimiento, coordinaci\u00f3n y organizaci\u00f3n de centros educativos y culturales, de museos y bibliotecas que permitan el conocimiento de la historia y situaci\u00f3n de las mujeres.<\/li>\n\n\n\n<li>La participaci\u00f3n de FEMU en todos los \u00e1mbitos acad\u00e9micos, cient\u00edficos y culturales en los niveles nacional e internacional.<\/li>\n\n\n\n<li>Realizar investigaci\u00f3n cient\u00edfica y tecnol\u00f3gica de alto nivel, desde la perspectiva multidisciplinaria, en \u00e1reas que coadyuven al desarrollo social, econ\u00f3mico y cultural de la mujer.<\/li>\n<\/ul>\n\n\n\n<div style=\"height:30px\" aria-hidden=\"true\" class=\"wp-block-spacer\"><\/div>\n","protected":false},"excerpt":{"rendered":"<p>Objetivos Objetivos Objetivos institucionales<\/p>\n","protected":false},"author":1,"featured_media":0,"parent":0,"menu_order":0,"comment_status":"closed","ping_status":"closed","template":"","meta":{"_uag_custom_page_level_css":"","site-sidebar-layout":"default","site-content-layout":"","ast-site-content-layout":"default","site-content-style":"default","site-sidebar-style":"default","ast-global-header-display":"","ast-banner-title-visibility":"","ast-main-header-display":"","ast-hfb-above-header-display":"","ast-hfb-below-header-display":"","ast-hfb-mobile-header-display":"","site-post-title":"","ast-breadcrumbs-content":"","ast-featured-img":"","footer-sml-layout":"","ast-disable-related-posts":"","theme-transparent-header-meta":"","adv-header-id-meta":"","stick-header-meta":"","header-above-stick-meta":"","header-main-stick-meta":"","header-below-stick-meta":"","astra-migrate-meta-layouts":"default","ast-page-background-enabled":"default","ast-page-background-meta":{"desktop":{"background-color":"var(--ast-global-color-4)","background-image":"","background-repeat":"repeat","background-position":"center center","background-size":"auto","background-attachment":"scroll","background-type":"","background-media":"","overlay-type":"","overlay-color":"","overlay-opacity":"","overlay-gradient":""},"tablet":{"background-color":"","background-image":"","background-repeat":"repeat","background-position":"center center","background-size":"auto","background-attachment":"scroll","background-type":"","background-media":"","overlay-type":"","overlay-color":"","overlay-opacity":"","overlay-gradient":""},"mobile":{"background-color":"","background-image":"","background-repeat":"repeat","background-position":"center center","background-size":"auto","background-attachment":"scroll","background-type":"","background-media":"","overlay-type":"","overlay-color":"","overlay-opacity":"","overlay-gradient":""}},"ast-content-background-meta":{"desktop":{"background-color":"var(--ast-global-color-5)","background-image":"","background-repeat":"repeat","background-position":"center center","background-size":"auto","background-attachment":"scroll","background-type":"","background-media":"","overlay-type":"","overlay-color":"","overlay-opacity":"","overlay-gradient":""},"tablet":{"background-color":"var(--ast-global-color-5)","background-image":"","background-repeat":"repeat","background-position":"center center","background-size":"auto","background-attachment":"scroll","background-type":"","background-media":"","overlay-type":"","overlay-color":"","overlay-opacity":"","overlay-gradient":""},"mobile":{"background-color":"var(--ast-global-color-5)","background-image":"","background-repeat":"repeat","background-position":"center center","background-size":"auto","background-attachment":"scroll","background-type":"","background-media":"","overlay-type":"","overlay-color":"","overlay-opacity":"","overlay-gradient":""}},"footnotes":""},"categories":[],"tags":[],"class_list":["post-303","page","type-page","status-publish","hentry"],"uagb_featured_image_src":{"full":false,"thumbnail":false,"medium":false,"medium_large":false,"large":false,"1536x1536":false,"2048x2048":false,"trp-custom-language-flag":false},"uagb_author_info":{"display_name":"Federacion Mexicana de Universitarias","author_link":"http:\/\/femumex.org\/es\/author\/mume\/"},"uagb_comment_info":0,"uagb_excerpt":"Objetivos Objetivos Objetivos institucionales","_links":{"self":[{"href":"http:\/\/femumex.org\/es\/wp-json\/wp\/v2\/pages\/303","targetHints":{"allow":["GET"]}}],"collection":[{"href":"http:\/\/femumex.org\/es\/wp-json\/wp\/v2\/pages"}],"about":[{"href":"http:\/\/femumex.org\/es\/wp-json\/wp\/v2\/types\/page"}],"author":[{"embeddable":true,"href":"http:\/\/femumex.org\/es\/wp-json\/wp\/v2\/users\/1"}],"replies":[{"embeddable":true,"href":"http:\/\/femumex.org\/es\/wp-json\/wp\/v2\/comments?post=303"}],"version-history":[{"count":1,"href":"http:\/\/femumex.org\/es\/wp-json\/wp\/v2\/pages\/303\/revisions"}],"predecessor-version":[{"id":304,"href":"http:\/\/femumex.org\/es\/wp-json\/wp\/v2\/pages\/303\/revisions\/304"}],"wp:attachment":[{"href":"http:\/\/femumex.org\/es\/wp-json\/wp\/v2\/media?parent=303"}],"wp:term":[{"taxonomy":"category","embeddable":true,"href":"http:\/\/femumex.org\/es\/wp-json\/wp\/v2\/categories?post=303"},{"taxonomy":"post_tag","embeddable":true,"href":"http:\/\/femumex.org\/es\/wp-json\/wp\/v2\/tags?post=303"}],"curies":[{"name":"wp","href":"https:\/\/api.w.org\/{rel}","templated":true}]}}