{"id":147,"date":"2023-10-24T03:13:19","date_gmt":"2023-10-24T09:13:19","guid":{"rendered":"https:\/\/femumex.org\/?page_id=147"},"modified":"2024-04-24T23:39:38","modified_gmt":"2024-04-25T05:39:38","slug":"afiliate","status":"publish","type":"page","link":"https:\/\/femumex.org\/en\/afiliate\/","title":{"rendered":"Join"},"content":{"rendered":"<div style=\"height:10px\" aria-hidden=\"true\" class=\"wp-block-spacer\"><\/div>\n\n\n\n<h2 class=\"wp-block-heading has-text-align-center\">Join<\/h2>\n\n\n\n<hr class=\"wp-block-separator has-text-color has-ast-global-color-1-color has-alpha-channel-opacity has-ast-global-color-1-background-color has-background is-style-wide\"\/>\n\n\n\n<div style=\"height:20px\" aria-hidden=\"true\" class=\"wp-block-spacer\"><\/div>\n\n\n\n<p>The Mexican Federation of University Women (<a href=\"https:\/\/femumex.org\/en\/\" data-type=\"link\" data-id=\"https:\/\/femumex.org\/\">FEMU<\/a>) is a national association of academics, member of the Graduate Women International (<a rel=\"noreferrer noopener\" href=\"https:\/\/graduatewomen.org\/\" data-type=\"link\" data-id=\"https:\/\/graduatewomen.org\/\" target=\"_blank\">GWI<\/a>), the first organization of university women in the world, founded since 1919 with pacifist purposes.<\/p>\n\n\n\n<p>FEMU has special consultative status with the Economic and Social Council (ECOSOC) of the United Nations. We work for women as a fundamental element to achieve the comprehensive development of people.<\/p>\n\n\n\n<p>Through our research, teaching and dissemination work, we promote respect for Women's Human Rights. We hold conferences, seminars and workshops, and we have published 26 works.<\/p>\n\n\n\n<p>Ten years ago, we created the Women's Museum to take a tour through the history of Mexico with a gender perspective, showing how difficult it has been for women to obtain their rights.<\/p>\n\n\n\n<p>We produce a weekly radio program, \u201cMujeres a la Tribuna\u201d, which is broadcast nationally every Friday through Ciudadana, 660 AM, from the Mexican Radio Institute.<\/p>\n\n\n\n<p>Dr. Patricia Galeana Herrera, Founding President, and Dr. Mirella Feingold Steiner, Executive President, as well as the rest of the Steering Committee, invite you to join to work together to promote a culture of peace and respect, prevent violence, promote a mentality that eliminates discrimination, overcome patriarchal atavisms and achieve recognition of women's work.<\/p>\n\n\n\n<p>S I N C E R E L Y<\/p>\n\n\n\n<p><strong>Dr. Patricia Galeana<\/strong><br>Founding President<\/p>\n\n\n\n<p>Being part of the Mexican Federation of University Women has several benefits such as:<\/p>\n\n\n\n<ul class=\"wp-block-list\">\n<li>The support of an organization certified and endorsed by CONACYT for the development of research projects related to the issue of women.<\/li>\n\n\n\n<li>By belonging to FEMU you are also a member of&nbsp;<a href=\"https:\/\/graduatewomen.org\/\" target=\"_blank\" rel=\"noreferrer noopener\">Graduate Women International<\/a>&nbsp;(GWI).<\/li>\n\n\n\n<li>The use of some of our office rooms so that our members can have work meetings with their students.<\/li>\n\n\n\n<li>Participation in Congresses and Seminars at the national and international level, with the publication of the participations in the reports of said academic events.<\/li>\n\n\n\n<li>The possibility of publishing articles in our electronic magazine.<\/li>\n\n\n\n<li>The possibility of benefiting from one of the scholarships awarded by GWI.<\/li>\n\n\n\n<li>As well as participating in the radio program \u201cMujeres a la Tribuna\u201d, broadcast by the IMER on the \u201cRadio Ciudadana\u201d station on Fridays at 4:00 p.m.<\/li>\n<\/ul>\n\n\n\n<h3 class=\"wp-block-heading has-ast-global-color-0-color has-text-color\">Membership<\/h3>\n\n\n\n<p>Can join FEMU, those university women with at least a bachelor's degree from public or private universities.<\/p>\n\n\n\n<p>To begin being part of the FEMU you simply have to present:<\/p>\n\n\n\n<ul class=\"wp-block-list\">\n<li>Registration request (press the indicated one)<\/li>\n<\/ul>\n\n\n\n<div class=\"wp-block-group is-nowrap is-layout-flex wp-container-core-group-is-layout-e0a6cd0e wp-block-group-is-layout-flex\" style=\"padding-top:0;padding-right:0;padding-bottom:0;padding-left:0\">\n<div class=\"wp-block-buttons is-layout-flex wp-block-buttons-is-layout-flex\">\n<div class=\"wp-block-button\"><a class=\"wp-block-button__link wp-element-button\" href=\"https:\/\/femumex.org\/wp-content\/uploads\/2023\/10\/HOJA_INSCRIPCION_INDIVIDUAL_FEMU.docx\" target=\"_blank\" rel=\"noreferrer noopener\">Individual<\/a><\/div>\n<\/div>\n\n\n\n<div class=\"wp-block-buttons is-layout-flex wp-block-buttons-is-layout-flex\">\n<div class=\"wp-block-button\"><a class=\"wp-block-button__link wp-element-button\" href=\"https:\/\/femumex.org\/wp-content\/uploads\/2023\/10\/HOJA_INSCRIPCION_INDIVIDUAL_JUNIOR_FEMU.docx\" target=\"_blank\" rel=\"noreferrer noopener\">Individual Junior<\/a><\/div>\n<\/div>\n\n\n\n<div class=\"wp-block-buttons is-layout-flex wp-block-buttons-is-layout-flex\">\n<div class=\"wp-block-button\"><a class=\"wp-block-button__link wp-element-button\">Associations<\/a><\/div>\n<\/div>\n<\/div>\n\n\n\n<ul class=\"wp-block-list\">\n<li>Recommendation Letter from active members or a letter of reasons addressed to the Steering Committee.<\/li>\n\n\n\n<li>A digital color photo with good definition<\/li>\n\n\n\n<li>Updated resume<\/li>\n\n\n\n<li>Cover the annual fee*<\/li>\n<\/ul>\n\n\n\n<p>*Before paying the fee, please send the required documentation so that the Steering Committee can evaluate the membership application.<\/p>\n\n\n\n<p>The amount of the annual fee is<strong>\u00a0$1500.00<\/strong>\u00a0per individual member, payment must be made at Banco Santander into the account:<\/p>\n\n\n\n<p>Santander<br>To the name of: Federaci\u00f3n Mexicana de Universitarias A.C.<br>Account: 655 029 338 37<br>Branch 5808, Perisur Plaza, D.F.<br>Interbank Clabe: 014 180 655 029 338 373<\/p>\n\n\n\n<div style=\"height:30px\" aria-hidden=\"true\" class=\"wp-block-spacer\"><\/div>","protected":false},"excerpt":{"rendered":"<p>Af\u00edliate La Federaci\u00f3n Mexicana de Universitarias (FEMU) es una&nbsp;asociaci\u00f3n nacional de acad\u00e9micas, miembro de la Graduate Women&nbsp;International (GWI), primera organizaci\u00f3n de mujeres universitarias del mundo,&nbsp;fundada desde 1919 con fines pacifistas. FEMU tiene estatus especial consultivo del Consejo Econ\u00f3mico y Social (ECOSOC)&nbsp;de las Naciones Unidas. Trabajamos en pro de las mujeres como elemento&nbsp;fundamental para lograr el [&hellip;]<\/p>\n","protected":false},"author":1,"featured_media":0,"parent":0,"menu_order":0,"comment_status":"closed","ping_status":"closed","template":"","meta":{"_uag_custom_page_level_css":"","site-sidebar-layout":"default","site-content-layout":"","ast-site-content-layout":"default","site-content-style":"default","site-sidebar-style":"default","ast-global-header-display":"","ast-banner-title-visibility":"","ast-main-header-display":"","ast-hfb-above-header-display":"","ast-hfb-below-header-display":"","ast-hfb-mobile-header-display":"","site-post-title":"","ast-breadcrumbs-content":"","ast-featured-img":"","footer-sml-layout":"","ast-disable-related-posts":"","theme-transparent-header-meta":"","adv-header-id-meta":"","stick-header-meta":"","header-above-stick-meta":"","header-main-stick-meta":"","header-below-stick-meta":"","astra-migrate-meta-layouts":"default","ast-page-background-enabled":"default","ast-page-background-meta":{"desktop":{"background-color":"var(--ast-global-color-4)","background-image":"","background-repeat":"repeat","background-position":"center center","background-size":"auto","background-attachment":"scroll","background-type":"","background-media":"","overlay-type":"","overlay-color":"","overlay-opacity":"","overlay-gradient":""},"tablet":{"background-color":"","background-image":"","background-repeat":"repeat","background-position":"center center","background-size":"auto","background-attachment":"scroll","background-type":"","background-media":"","overlay-type":"","overlay-color":"","overlay-opacity":"","overlay-gradient":""},"mobile":{"background-color":"","background-image":"","background-repeat":"repeat","background-position":"center center","background-size":"auto","background-attachment":"scroll","background-type":"","background-media":"","overlay-type":"","overlay-color":"","overlay-opacity":"","overlay-gradient":""}},"ast-content-background-meta":{"desktop":{"background-color":"var(--ast-global-color-5)","background-image":"","background-repeat":"repeat","background-position":"center center","background-size":"auto","background-attachment":"scroll","background-type":"","background-media":"","overlay-type":"","overlay-color":"","overlay-opacity":"","overlay-gradient":""},"tablet":{"background-color":"var(--ast-global-color-5)","background-image":"","background-repeat":"repeat","background-position":"center center","background-size":"auto","background-attachment":"scroll","background-type":"","background-media":"","overlay-type":"","overlay-color":"","overlay-opacity":"","overlay-gradient":""},"mobile":{"background-color":"var(--ast-global-color-5)","background-image":"","background-repeat":"repeat","background-position":"center center","background-size":"auto","background-attachment":"scroll","background-type":"","background-media":"","overlay-type":"","overlay-color":"","overlay-opacity":"","overlay-gradient":""}},"footnotes":""},"categories":[],"tags":[],"class_list":["post-147","page","type-page","status-publish","hentry"],"uagb_featured_image_src":{"full":false,"thumbnail":false,"medium":false,"medium_large":false,"large":false,"1536x1536":false,"2048x2048":false,"trp-custom-language-flag":false},"uagb_author_info":{"display_name":"Federacion Mexicana de Universitarias","author_link":"https:\/\/femumex.org\/en\/author\/mume\/"},"uagb_comment_info":0,"uagb_excerpt":"Af\u00edliate La Federaci\u00f3n Mexicana de Universitarias (FEMU) es una&nbsp;asociaci\u00f3n nacional de acad\u00e9micas, miembro de la Graduate Women&nbsp;International (GWI), primera organizaci\u00f3n de mujeres universitarias del mundo,&nbsp;fundada desde 1919 con fines pacifistas. FEMU tiene estatus especial consultivo del Consejo Econ\u00f3mico y Social (ECOSOC)&nbsp;de las Naciones Unidas. Trabajamos en pro de las mujeres como elemento&nbsp;fundamental para lograr el&hellip;","_links":{"self":[{"href":"https:\/\/femumex.org\/en\/wp-json\/wp\/v2\/pages\/147","targetHints":{"allow":["GET"]}}],"collection":[{"href":"https:\/\/femumex.org\/en\/wp-json\/wp\/v2\/pages"}],"about":[{"href":"https:\/\/femumex.org\/en\/wp-json\/wp\/v2\/types\/page"}],"author":[{"embeddable":true,"href":"https:\/\/femumex.org\/en\/wp-json\/wp\/v2\/users\/1"}],"replies":[{"embeddable":true,"href":"https:\/\/femumex.org\/en\/wp-json\/wp\/v2\/comments?post=147"}],"version-history":[{"count":8,"href":"https:\/\/femumex.org\/en\/wp-json\/wp\/v2\/pages\/147\/revisions"}],"predecessor-version":[{"id":1086,"href":"https:\/\/femumex.org\/en\/wp-json\/wp\/v2\/pages\/147\/revisions\/1086"}],"wp:attachment":[{"href":"https:\/\/femumex.org\/en\/wp-json\/wp\/v2\/media?parent=147"}],"wp:term":[{"taxonomy":"category","embeddable":true,"href":"https:\/\/femumex.org\/en\/wp-json\/wp\/v2\/categories?post=147"},{"taxonomy":"post_tag","embeddable":true,"href":"https:\/\/femumex.org\/en\/wp-json\/wp\/v2\/tags?post=147"}],"curies":[{"name":"wp","href":"https:\/\/api.w.org\/{rel}","templated":true}]}}