{"id":158,"date":"2023-10-24T03:21:35","date_gmt":"2023-10-24T09:21:35","guid":{"rendered":"https:\/\/femumex.org\/?page_id=158"},"modified":"2023-10-24T03:21:35","modified_gmt":"2023-10-24T09:21:35","slug":"cameus","status":"publish","type":"page","link":"https:\/\/femumex.org\/en\/cameus\/","title":{"rendered":"CAMEUS"},"content":{"rendered":"<div style=\"height:10px\" aria-hidden=\"true\" class=\"wp-block-spacer\"><\/div>\n\n\n\n<h2 class=\"wp-block-heading has-text-align-center\">CAMEUS<\/h2>\n\n\n\n<hr class=\"wp-block-separator has-text-color has-ast-global-color-1-color has-alpha-channel-opacity has-ast-global-color-1-background-color has-background is-style-wide\"\/>\n\n\n\n<div style=\"height:20px\" aria-hidden=\"true\" class=\"wp-block-spacer\"><\/div>\n\n\n\n<p>CAMEUS is a group made up of the Mexican Federation of University Women (FEMU), the Women Graduates of the United States (WG-USA) and the Federation of University Women of Canada (CFUW). Although collaborative actions had already started since 2018, the founding of CAMEUS took place during the 33rd Triennial Assembly and Centennial of the Graduate Women International (GWI), which took place from July 25 to 28, 2019 in Geneva, Swiss. As a group of university women, the central objective of CAMEUS is to promote the development of women in Canada, Mexico and the United States as a fundamental element to achieve the comprehensive development of North America, which is why it coordinates and participates in academic and research activities through International Forums, such as those organized by the UN Commission on the Status of Women (CSW). CAMEUS is also interested in promoting the creation of museums in some of the cities in both the United States and Canada, where UNAM already exists, taking as a model the Women's Museum in Mexico, founded and coordinated by Dr. Patricia Galeana. The FEMU group in CAMEUS is coordinated by Ms. Luc\u00eda Guzm\u00e1n, and made up of Ms. Glenda Hecksher, Dr. Margarita Almada, Dr. Alicia Gir\u00f3n, Dr. Gloria Luz Alejandre and Mtra. Meritxell Calder\u00f3n-Vargas. All of them participated in the \u201cRecovering our Humanity\u201d Forum that was held virtually on March 26, 2021, as part of CSW.<\/p>\n\n\n\n<div style=\"height:30px\" aria-hidden=\"true\" class=\"wp-block-spacer\"><\/div>","protected":false},"excerpt":{"rendered":"<p>CAMEUS CAMEUS es un grupo conformado por la Federaci\u00f3n Mexicana de Universitarias (FEMU), la Women Graduates de Estados Unidos (WG-USA) y la Federation of University Women de Canad\u00e1 (CFUW). Aunque las acciones de colaboraci\u00f3n ya se hab\u00edan iniciado desde 2018, la fundaci\u00f3n de CAMEUS tuvo lugar durante la 33\u00aa Asamblea Trienal y el Centenario de [&hellip;]<\/p>\n","protected":false},"author":1,"featured_media":0,"parent":0,"menu_order":0,"comment_status":"closed","ping_status":"closed","template":"","meta":{"_uag_custom_page_level_css":"","site-sidebar-layout":"default","site-content-layout":"","ast-site-content-layout":"default","site-content-style":"default","site-sidebar-style":"default","ast-global-header-display":"","ast-banner-title-visibility":"","ast-main-header-display":"","ast-hfb-above-header-display":"","ast-hfb-below-header-display":"","ast-hfb-mobile-header-display":"","site-post-title":"","ast-breadcrumbs-content":"","ast-featured-img":"","footer-sml-layout":"","ast-disable-related-posts":"","theme-transparent-header-meta":"","adv-header-id-meta":"","stick-header-meta":"","header-above-stick-meta":"","header-main-stick-meta":"","header-below-stick-meta":"","astra-migrate-meta-layouts":"default","ast-page-background-enabled":"default","ast-page-background-meta":{"desktop":{"background-color":"var(--ast-global-color-4)","background-image":"","background-repeat":"repeat","background-position":"center center","background-size":"auto","background-attachment":"scroll","background-type":"","background-media":"","overlay-type":"","overlay-color":"","overlay-opacity":"","overlay-gradient":""},"tablet":{"background-color":"","background-image":"","background-repeat":"repeat","background-position":"center center","background-size":"auto","background-attachment":"scroll","background-type":"","background-media":"","overlay-type":"","overlay-color":"","overlay-opacity":"","overlay-gradient":""},"mobile":{"background-color":"","background-image":"","background-repeat":"repeat","background-position":"center center","background-size":"auto","background-attachment":"scroll","background-type":"","background-media":"","overlay-type":"","overlay-color":"","overlay-opacity":"","overlay-gradient":""}},"ast-content-background-meta":{"desktop":{"background-color":"var(--ast-global-color-5)","background-image":"","background-repeat":"repeat","background-position":"center center","background-size":"auto","background-attachment":"scroll","background-type":"","background-media":"","overlay-type":"","overlay-color":"","overlay-opacity":"","overlay-gradient":""},"tablet":{"background-color":"var(--ast-global-color-5)","background-image":"","background-repeat":"repeat","background-position":"center center","background-size":"auto","background-attachment":"scroll","background-type":"","background-media":"","overlay-type":"","overlay-color":"","overlay-opacity":"","overlay-gradient":""},"mobile":{"background-color":"var(--ast-global-color-5)","background-image":"","background-repeat":"repeat","background-position":"center center","background-size":"auto","background-attachment":"scroll","background-type":"","background-media":"","overlay-type":"","overlay-color":"","overlay-opacity":"","overlay-gradient":""}},"footnotes":""},"categories":[],"tags":[],"class_list":["post-158","page","type-page","status-publish","hentry"],"uagb_featured_image_src":{"full":false,"thumbnail":false,"medium":false,"medium_large":false,"large":false,"1536x1536":false,"2048x2048":false,"trp-custom-language-flag":false},"uagb_author_info":{"display_name":"Federacion Mexicana de Universitarias","author_link":"https:\/\/femumex.org\/en\/author\/mume\/"},"uagb_comment_info":0,"uagb_excerpt":"CAMEUS CAMEUS es un grupo conformado por la Federaci\u00f3n Mexicana de Universitarias (FEMU), la Women Graduates de Estados Unidos (WG-USA) y la Federation of University Women de Canad\u00e1 (CFUW). Aunque las acciones de colaboraci\u00f3n ya se hab\u00edan iniciado desde 2018, la fundaci\u00f3n de CAMEUS tuvo lugar durante la 33\u00aa Asamblea Trienal y el Centenario de&hellip;","_links":{"self":[{"href":"https:\/\/femumex.org\/en\/wp-json\/wp\/v2\/pages\/158","targetHints":{"allow":["GET"]}}],"collection":[{"href":"https:\/\/femumex.org\/en\/wp-json\/wp\/v2\/pages"}],"about":[{"href":"https:\/\/femumex.org\/en\/wp-json\/wp\/v2\/types\/page"}],"author":[{"embeddable":true,"href":"https:\/\/femumex.org\/en\/wp-json\/wp\/v2\/users\/1"}],"replies":[{"embeddable":true,"href":"https:\/\/femumex.org\/en\/wp-json\/wp\/v2\/comments?post=158"}],"version-history":[{"count":1,"href":"https:\/\/femumex.org\/en\/wp-json\/wp\/v2\/pages\/158\/revisions"}],"predecessor-version":[{"id":159,"href":"https:\/\/femumex.org\/en\/wp-json\/wp\/v2\/pages\/158\/revisions\/159"}],"wp:attachment":[{"href":"https:\/\/femumex.org\/en\/wp-json\/wp\/v2\/media?parent=158"}],"wp:term":[{"taxonomy":"category","embeddable":true,"href":"https:\/\/femumex.org\/en\/wp-json\/wp\/v2\/categories?post=158"},{"taxonomy":"post_tag","embeddable":true,"href":"https:\/\/femumex.org\/en\/wp-json\/wp\/v2\/tags?post=158"}],"curies":[{"name":"wp","href":"https:\/\/api.w.org\/{rel}","templated":true}]}}