{"id":299,"date":"2023-10-24T23:35:34","date_gmt":"2023-10-25T05:35:34","guid":{"rendered":"https:\/\/femumex.org\/?page_id=299"},"modified":"2023-10-24T23:35:34","modified_gmt":"2023-10-25T05:35:34","slug":"organizacion","status":"publish","type":"page","link":"https:\/\/femumex.org\/en\/organizacion\/","title":{"rendered":"Organization"},"content":{"rendered":"<div style=\"height:10px\" aria-hidden=\"true\" class=\"wp-block-spacer\"><\/div>\n\n\n\n<h2 class=\"wp-block-heading has-text-align-center\">Organization<\/h2>\n\n\n\n<hr class=\"wp-block-separator has-text-color has-ast-global-color-1-color has-alpha-channel-opacity has-ast-global-color-1-background-color has-background is-style-wide\"\/>\n\n\n\n<div style=\"height:20px\" aria-hidden=\"true\" class=\"wp-block-spacer\"><\/div>\n\n\n\n<p>The Mexican Federation of University Women (FEMU) is a national organization of academic women that is part of the International Federation of University Women, the first organization of university women in the world, founded since 1919 with pacifist purposes. Our organization has been working for the development of women as a fundamental element to achieve the comprehensive development of people.<\/p>\n\n\n\n<p>In this sense, FEMU organizes teaching, research and cultural dissemination activities through courses, publications of our research on the situation of women in Mexico, holding International and National Congresses, Seminars and programs in the mass media.<\/p>\n\n\n\n<figure class=\"wp-block-image aligncenter size-large\"><a href=\"https:\/\/graduatewomen.org\/\" target=\"_blank\" rel=\"noreferrer noopener\"><img loading=\"lazy\" decoding=\"async\" width=\"900\" height=\"127\" src=\"https:\/\/femumex.org\/wp-content\/uploads\/2023\/10\/gwi-logo-900x127.jpg\" alt=\"\" class=\"wp-image-300\" srcset=\"https:\/\/femumex.org\/wp-content\/uploads\/2023\/10\/gwi-logo-900x127.jpg 900w, https:\/\/femumex.org\/wp-content\/uploads\/2023\/10\/gwi-logo-300x42.jpg 300w, https:\/\/femumex.org\/wp-content\/uploads\/2023\/10\/gwi-logo-768x108.jpg 768w, https:\/\/femumex.org\/wp-content\/uploads\/2023\/10\/gwi-logo.jpg 1218w\" sizes=\"auto, (max-width: 900px) 100vw, 900px\" \/><\/a><\/figure>\n\n\n\n<p>GWI is an international non-profit organization of university women, founded in 1919 as the International Federation of University Women during post-war Europe, by women who believed in the importance of collective work for peace, international understanding and friendship.<\/p>\n\n\n\n<div style=\"height:30px\" aria-hidden=\"true\" class=\"wp-block-spacer\"><\/div>","protected":false},"excerpt":{"rendered":"<p>Organizaci\u00f3n La Federaci\u00f3n Mexicana de Universitarias (FEMU) es una organizaci\u00f3n nacional de acad\u00e9micas miembro de la Federaci\u00f3n Internacional de Mujeres Universitarias, la primera organizaci\u00f3n de mujeres universitarias del mundo, fundada desde 1919 con fines pacifistas. Nuestra organizaci\u00f3n ha venido trabajando en pro del desarrollo de la mujer como elemento fundamental para lograr el desarrollo integral [&hellip;]<\/p>\n","protected":false},"author":1,"featured_media":0,"parent":0,"menu_order":0,"comment_status":"closed","ping_status":"closed","template":"","meta":{"_uag_custom_page_level_css":"","site-sidebar-layout":"default","site-content-layout":"","ast-site-content-layout":"default","site-content-style":"default","site-sidebar-style":"default","ast-global-header-display":"","ast-banner-title-visibility":"","ast-main-header-display":"","ast-hfb-above-header-display":"","ast-hfb-below-header-display":"","ast-hfb-mobile-header-display":"","site-post-title":"","ast-breadcrumbs-content":"","ast-featured-img":"","footer-sml-layout":"","ast-disable-related-posts":"","theme-transparent-header-meta":"","adv-header-id-meta":"","stick-header-meta":"","header-above-stick-meta":"","header-main-stick-meta":"","header-below-stick-meta":"","astra-migrate-meta-layouts":"default","ast-page-background-enabled":"default","ast-page-background-meta":{"desktop":{"background-color":"var(--ast-global-color-4)","background-image":"","background-repeat":"repeat","background-position":"center center","background-size":"auto","background-attachment":"scroll","background-type":"","background-media":"","overlay-type":"","overlay-color":"","overlay-opacity":"","overlay-gradient":""},"tablet":{"background-color":"","background-image":"","background-repeat":"repeat","background-position":"center center","background-size":"auto","background-attachment":"scroll","background-type":"","background-media":"","overlay-type":"","overlay-color":"","overlay-opacity":"","overlay-gradient":""},"mobile":{"background-color":"","background-image":"","background-repeat":"repeat","background-position":"center center","background-size":"auto","background-attachment":"scroll","background-type":"","background-media":"","overlay-type":"","overlay-color":"","overlay-opacity":"","overlay-gradient":""}},"ast-content-background-meta":{"desktop":{"background-color":"var(--ast-global-color-5)","background-image":"","background-repeat":"repeat","background-position":"center center","background-size":"auto","background-attachment":"scroll","background-type":"","background-media":"","overlay-type":"","overlay-color":"","overlay-opacity":"","overlay-gradient":""},"tablet":{"background-color":"var(--ast-global-color-5)","background-image":"","background-repeat":"repeat","background-position":"center center","background-size":"auto","background-attachment":"scroll","background-type":"","background-media":"","overlay-type":"","overlay-color":"","overlay-opacity":"","overlay-gradient":""},"mobile":{"background-color":"var(--ast-global-color-5)","background-image":"","background-repeat":"repeat","background-position":"center center","background-size":"auto","background-attachment":"scroll","background-type":"","background-media":"","overlay-type":"","overlay-color":"","overlay-opacity":"","overlay-gradient":""}},"footnotes":""},"categories":[],"tags":[],"class_list":["post-299","page","type-page","status-publish","hentry"],"uagb_featured_image_src":{"full":false,"thumbnail":false,"medium":false,"medium_large":false,"large":false,"1536x1536":false,"2048x2048":false,"trp-custom-language-flag":false},"uagb_author_info":{"display_name":"Federacion Mexicana de Universitarias","author_link":"https:\/\/femumex.org\/en\/author\/mume\/"},"uagb_comment_info":0,"uagb_excerpt":"Organizaci\u00f3n La Federaci\u00f3n Mexicana de Universitarias (FEMU) es una organizaci\u00f3n nacional de acad\u00e9micas miembro de la Federaci\u00f3n Internacional de Mujeres Universitarias, la primera organizaci\u00f3n de mujeres universitarias del mundo, fundada desde 1919 con fines pacifistas. Nuestra organizaci\u00f3n ha venido trabajando en pro del desarrollo de la mujer como elemento fundamental para lograr el desarrollo integral&hellip;","_links":{"self":[{"href":"https:\/\/femumex.org\/en\/wp-json\/wp\/v2\/pages\/299","targetHints":{"allow":["GET"]}}],"collection":[{"href":"https:\/\/femumex.org\/en\/wp-json\/wp\/v2\/pages"}],"about":[{"href":"https:\/\/femumex.org\/en\/wp-json\/wp\/v2\/types\/page"}],"author":[{"embeddable":true,"href":"https:\/\/femumex.org\/en\/wp-json\/wp\/v2\/users\/1"}],"replies":[{"embeddable":true,"href":"https:\/\/femumex.org\/en\/wp-json\/wp\/v2\/comments?post=299"}],"version-history":[{"count":2,"href":"https:\/\/femumex.org\/en\/wp-json\/wp\/v2\/pages\/299\/revisions"}],"predecessor-version":[{"id":302,"href":"https:\/\/femumex.org\/en\/wp-json\/wp\/v2\/pages\/299\/revisions\/302"}],"wp:attachment":[{"href":"https:\/\/femumex.org\/en\/wp-json\/wp\/v2\/media?parent=299"}],"wp:term":[{"taxonomy":"category","embeddable":true,"href":"https:\/\/femumex.org\/en\/wp-json\/wp\/v2\/categories?post=299"},{"taxonomy":"post_tag","embeddable":true,"href":"https:\/\/femumex.org\/en\/wp-json\/wp\/v2\/tags?post=299"}],"curies":[{"name":"wp","href":"https:\/\/api.w.org\/{rel}","templated":true}]}}