{"id":332,"date":"2023-10-25T00:03:27","date_gmt":"2023-10-25T06:03:27","guid":{"rendered":"https:\/\/femumex.org\/?page_id=332"},"modified":"2023-10-25T00:03:27","modified_gmt":"2023-10-25T06:03:27","slug":"derechos-obligaciones","status":"publish","type":"page","link":"https:\/\/femumex.org\/en\/derechos-obligaciones\/","title":{"rendered":"Rights and obligations"},"content":{"rendered":"<div style=\"height:10px\" aria-hidden=\"true\" class=\"wp-block-spacer\"><\/div>\n\n\n\n<h2 class=\"wp-block-heading has-text-align-center\">Rights and obligations<\/h2>\n\n\n\n<hr class=\"wp-block-separator has-text-color has-ast-global-color-1-color has-alpha-channel-opacity has-ast-global-color-1-background-color has-background is-style-wide\"\/>\n\n\n\n<div style=\"height:20px\" aria-hidden=\"true\" class=\"wp-block-spacer\"><\/div>\n\n\n\n<p class=\"has-ast-global-color-0-color has-text-color\"><strong>Mexican Federation of Universities A.C. (FEMU)<\/strong><\/p>\n\n\n\n<p><strong>Rights and obligations of members<\/strong><\/p>\n\n\n\n<p><strong>Article 9.<\/strong>&nbsp;The rights of active members are:<\/p>\n\n\n\n<ol class=\"wp-block-list\">\n<li>Attend the FEMU Assemblies.<\/li>\n\n\n\n<li>Have voice and vote in the General Assemblies.<\/li>\n<\/ol>\n\n\n\n<ul class=\"wp-block-list\">\n<li>Receive clear and truthful information regarding the agreements or resolutions made in the Assemblies to achieve the purposes and objectives of the FEMU.<\/li>\n<\/ul>\n\n\n\n<ol class=\"wp-block-list\">\n<li>Receive information and publications from the FEMU.<\/li>\n\n\n\n<li>Require and receive the services that the FEMU provides.<\/li>\n\n\n\n<li>Participate in all the benefits that the FEMU obtains for its members.<\/li>\n<\/ol>\n\n\n\n<ul class=\"wp-block-list\">\n<li>Separate from \u201cFEMU\u201d without having to express the reason for doing so, giving two months' notice; however, your separation must cover the fees you owe.<\/li>\n<\/ul>\n\n\n\n<p><strong>Article 10.<\/strong>&nbsp;The obligations of active members are:<\/p>\n\n\n\n<ol class=\"wp-block-list\">\n<li>Attend the ordinary and extraordinary Assemblies that are called by the Board of Directors.<\/li>\n\n\n\n<li>Cooperate and participate in activities to meet the objectives of the FEMU.<\/li>\n<\/ol>\n\n\n\n<ul class=\"wp-block-list\">\n<li>Perform loyally and honestly the commissions designated by the General Assembly or the Board of Directors.<\/li>\n<\/ul>\n\n\n\n<ol class=\"wp-block-list\">\n<li>Pay punctually the ordinary fees for the support of the FEMU, as well as the extraordinary ones that are approved by the General Assembly;<\/li>\n\n\n\n<li>Promote the strengthening of the FEMU with new members of the FEMU.<\/li>\n\n\n\n<li>Collaborate with academic and cultural activities carried out at the Women's Museum.<\/li>\n<\/ol>\n\n\n\n<ul class=\"wp-block-list\">\n<li>Disseminate the activities carried out by FEMU among the university community and in general with society.<\/li>\n\n\n\n<li>Provide the General Assembly or the Board of Directors with the reports it requests, on matters of common interest.<\/li>\n<\/ul>\n\n\n\n<ol class=\"wp-block-list\">\n<li>In general, comply with the resolutions of the General Assembly by the means at its disposal, as well as those determined by the Board of Directors according to its jurisdiction.<\/li>\n<\/ol>\n\n\n\n<p><strong>Article 11.<\/strong>&nbsp;Members of the FEMU may not use its name or hold their representation when there is no authorization from the Board of Directors or the Honor Council.<\/p>\n\n\n\n<p><strong>Article 12.<\/strong>&nbsp;The members will participate in all the activities of \u201cFEMU\u201d, always seeking the unity and integration of the members.<\/p>\n\n\n\n<p><strong>Article 49.<\/strong>&nbsp;The following are causes of exclusion:<\/p>\n\n\n\n<ol class=\"wp-block-list\">\n<li>a. Repeatedly failing to fulfill their obligations with the FEMU. b. Failure to continually comply with the regulations, Statutes or agreements of the General Assembly. c. Not covering the corresponding fee for a period of more than one year and d. In the above cases, prior sanction from the Honor Council will be required.<\/li>\n<\/ol>\n\n\n\n<div style=\"height:30px\" aria-hidden=\"true\" class=\"wp-block-spacer\"><\/div>","protected":false},"excerpt":{"rendered":"<p>Derechos y obligaciones Federaci\u00f3n Mexicana de Universitarias A.C. (FEMU) Derechos y obligaciones de las socias Art\u00edculo 9.&nbsp;Son derechos de las asociadas activas: Art\u00edculo 10.&nbsp;Son obligaciones de las asociadas activas: Art\u00edculo 11.&nbsp;Las asociadas de la FEMU no podr\u00e1n usar el nombre de la misma, ni ostentar su representaci\u00f3n cuando no exista autorizaci\u00f3n de la Mesa Directiva [&hellip;]<\/p>\n","protected":false},"author":1,"featured_media":0,"parent":0,"menu_order":0,"comment_status":"closed","ping_status":"closed","template":"","meta":{"_uag_custom_page_level_css":"","site-sidebar-layout":"default","site-content-layout":"","ast-site-content-layout":"default","site-content-style":"default","site-sidebar-style":"default","ast-global-header-display":"","ast-banner-title-visibility":"","ast-main-header-display":"","ast-hfb-above-header-display":"","ast-hfb-below-header-display":"","ast-hfb-mobile-header-display":"","site-post-title":"","ast-breadcrumbs-content":"","ast-featured-img":"","footer-sml-layout":"","ast-disable-related-posts":"","theme-transparent-header-meta":"","adv-header-id-meta":"","stick-header-meta":"","header-above-stick-meta":"","header-main-stick-meta":"","header-below-stick-meta":"","astra-migrate-meta-layouts":"default","ast-page-background-enabled":"default","ast-page-background-meta":{"desktop":{"background-color":"var(--ast-global-color-4)","background-image":"","background-repeat":"repeat","background-position":"center center","background-size":"auto","background-attachment":"scroll","background-type":"","background-media":"","overlay-type":"","overlay-color":"","overlay-opacity":"","overlay-gradient":""},"tablet":{"background-color":"","background-image":"","background-repeat":"repeat","background-position":"center center","background-size":"auto","background-attachment":"scroll","background-type":"","background-media":"","overlay-type":"","overlay-color":"","overlay-opacity":"","overlay-gradient":""},"mobile":{"background-color":"","background-image":"","background-repeat":"repeat","background-position":"center center","background-size":"auto","background-attachment":"scroll","background-type":"","background-media":"","overlay-type":"","overlay-color":"","overlay-opacity":"","overlay-gradient":""}},"ast-content-background-meta":{"desktop":{"background-color":"var(--ast-global-color-5)","background-image":"","background-repeat":"repeat","background-position":"center center","background-size":"auto","background-attachment":"scroll","background-type":"","background-media":"","overlay-type":"","overlay-color":"","overlay-opacity":"","overlay-gradient":""},"tablet":{"background-color":"var(--ast-global-color-5)","background-image":"","background-repeat":"repeat","background-position":"center center","background-size":"auto","background-attachment":"scroll","background-type":"","background-media":"","overlay-type":"","overlay-color":"","overlay-opacity":"","overlay-gradient":""},"mobile":{"background-color":"var(--ast-global-color-5)","background-image":"","background-repeat":"repeat","background-position":"center center","background-size":"auto","background-attachment":"scroll","background-type":"","background-media":"","overlay-type":"","overlay-color":"","overlay-opacity":"","overlay-gradient":""}},"footnotes":""},"categories":[],"tags":[],"class_list":["post-332","page","type-page","status-publish","hentry"],"uagb_featured_image_src":{"full":false,"thumbnail":false,"medium":false,"medium_large":false,"large":false,"1536x1536":false,"2048x2048":false,"trp-custom-language-flag":false},"uagb_author_info":{"display_name":"Federacion Mexicana de Universitarias","author_link":"https:\/\/femumex.org\/en\/author\/mume\/"},"uagb_comment_info":0,"uagb_excerpt":"Derechos y obligaciones Federaci\u00f3n Mexicana de Universitarias A.C. (FEMU) Derechos y obligaciones de las socias Art\u00edculo 9.&nbsp;Son derechos de las asociadas activas: Art\u00edculo 10.&nbsp;Son obligaciones de las asociadas activas: Art\u00edculo 11.&nbsp;Las asociadas de la FEMU no podr\u00e1n usar el nombre de la misma, ni ostentar su representaci\u00f3n cuando no exista autorizaci\u00f3n de la Mesa Directiva&hellip;","_links":{"self":[{"href":"https:\/\/femumex.org\/en\/wp-json\/wp\/v2\/pages\/332","targetHints":{"allow":["GET"]}}],"collection":[{"href":"https:\/\/femumex.org\/en\/wp-json\/wp\/v2\/pages"}],"about":[{"href":"https:\/\/femumex.org\/en\/wp-json\/wp\/v2\/types\/page"}],"author":[{"embeddable":true,"href":"https:\/\/femumex.org\/en\/wp-json\/wp\/v2\/users\/1"}],"replies":[{"embeddable":true,"href":"https:\/\/femumex.org\/en\/wp-json\/wp\/v2\/comments?post=332"}],"version-history":[{"count":2,"href":"https:\/\/femumex.org\/en\/wp-json\/wp\/v2\/pages\/332\/revisions"}],"predecessor-version":[{"id":334,"href":"https:\/\/femumex.org\/en\/wp-json\/wp\/v2\/pages\/332\/revisions\/334"}],"wp:attachment":[{"href":"https:\/\/femumex.org\/en\/wp-json\/wp\/v2\/media?parent=332"}],"wp:term":[{"taxonomy":"category","embeddable":true,"href":"https:\/\/femumex.org\/en\/wp-json\/wp\/v2\/categories?post=332"},{"taxonomy":"post_tag","embeddable":true,"href":"https:\/\/femumex.org\/en\/wp-json\/wp\/v2\/tags?post=332"}],"curies":[{"name":"wp","href":"https:\/\/api.w.org\/{rel}","templated":true}]}}