{"id":335,"date":"2023-10-25T00:20:02","date_gmt":"2023-10-25T06:20:02","guid":{"rendered":"https:\/\/femumex.org\/?page_id=335"},"modified":"2025-04-21T00:06:13","modified_gmt":"2025-04-21T06:06:13","slug":"comite-directivo","status":"publish","type":"page","link":"https:\/\/femumex.org\/en\/comite-directivo\/","title":{"rendered":"Steering Committee"},"content":{"rendered":"<div style=\"height:10px\" aria-hidden=\"true\" class=\"wp-block-spacer\"><\/div>\n\n\n\n<h2 class=\"wp-block-heading has-text-align-center\">Steering Committee<\/h2>\n\n\n\n<hr class=\"wp-block-separator has-text-color has-ast-global-color-1-color has-alpha-channel-opacity has-ast-global-color-1-background-color has-background is-style-wide\"\/>\n\n\n\n<div style=\"height:20px\" aria-hidden=\"true\" class=\"wp-block-spacer\"><\/div>\n\n\n\n<div class=\"wp-block-columns is-layout-flex wp-container-core-columns-is-layout-d4010286 wp-block-columns-is-layout-flex\" style=\"padding-top:var(--wp--preset--spacing--40);padding-right:0;padding-bottom:var(--wp--preset--spacing--40);padding-left:0\">\n<div class=\"wp-block-column is-layout-flow wp-block-column-is-layout-flow\">\n<figure class=\"wp-block-image aligncenter size-full has-custom-border is-style-rounded\"><img loading=\"lazy\" decoding=\"async\" width=\"96\" height=\"96\" src=\"https:\/\/femumex.org\/wp-content\/uploads\/2023\/10\/comite-mirellaFeingold.png\" alt=\"\" class=\"has-border-color has-ast-global-color-1-border-color wp-image-345\" style=\"border-width:5px\"\/><\/figure>\n\n\n\n<h5 class=\"wp-block-heading has-text-align-center\">Mirella Feingold Steiner<\/h5>\n\n\n\n<h6 class=\"wp-block-heading has-text-align-center has-ast-global-color-1-color has-text-color\"><em>Executive President<\/em><\/h6>\n<\/div>\n\n\n\n<div class=\"wp-block-column is-layout-flow wp-block-column-is-layout-flow\">\n<figure class=\"wp-block-image aligncenter size-full is-resized has-custom-border is-style-rounded\"><img loading=\"lazy\" decoding=\"async\" width=\"396\" height=\"398\" src=\"https:\/\/femumex.org\/wp-content\/uploads\/2025\/04\/Comite-Andrea-Samaniego.jpg\" alt=\"\" class=\"has-border-color has-ast-global-color-1-border-color wp-image-1263\" style=\"border-width:5px;object-fit:cover;width:95px;height:95px\" srcset=\"https:\/\/femumex.org\/wp-content\/uploads\/2025\/04\/Comite-Andrea-Samaniego.jpg 396w, https:\/\/femumex.org\/wp-content\/uploads\/2025\/04\/Comite-Andrea-Samaniego-298x300.jpg 298w, https:\/\/femumex.org\/wp-content\/uploads\/2025\/04\/Comite-Andrea-Samaniego-150x150.jpg 150w, https:\/\/femumex.org\/wp-content\/uploads\/2025\/04\/Comite-Andrea-Samaniego-12x12.jpg 12w\" sizes=\"auto, (max-width: 396px) 100vw, 396px\" \/><\/figure>\n\n\n\n<h5 class=\"wp-block-heading has-text-align-center\"><strong>Andrea Samaniego<\/strong><\/h5>\n\n\n\n<h6 class=\"wp-block-heading has-text-align-center has-ast-global-color-1-color has-text-color\"><em>Vice President of International Affairs<\/em><\/h6>\n<\/div>\n\n\n\n<div class=\"wp-block-column is-layout-flow wp-block-column-is-layout-flow\">\n<figure class=\"wp-block-image aligncenter size-full is-resized has-custom-border is-style-rounded\"><img loading=\"lazy\" decoding=\"async\" width=\"978\" height=\"1024\" src=\"https:\/\/femumex.org\/wp-content\/uploads\/2024\/10\/Comite-Lorena-Medina.jpg\" alt=\"\" class=\"has-border-color has-ast-global-color-1-border-color wp-image-1175\" style=\"border-width:5px;object-fit:cover;width:95px;height:95px\" srcset=\"https:\/\/femumex.org\/wp-content\/uploads\/2024\/10\/Comite-Lorena-Medina.jpg 978w, https:\/\/femumex.org\/wp-content\/uploads\/2024\/10\/Comite-Lorena-Medina-287x300.jpg 287w, https:\/\/femumex.org\/wp-content\/uploads\/2024\/10\/Comite-Lorena-Medina-860x900.jpg 860w, https:\/\/femumex.org\/wp-content\/uploads\/2024\/10\/Comite-Lorena-Medina-768x804.jpg 768w, https:\/\/femumex.org\/wp-content\/uploads\/2024\/10\/Comite-Lorena-Medina-11x12.jpg 11w\" sizes=\"auto, (max-width: 978px) 100vw, 978px\" \/><\/figure>\n\n\n\n<h5 class=\"wp-block-heading has-text-align-center\">Lorena A. Medina<\/h5>\n\n\n\n<h6 class=\"wp-block-heading has-text-align-center has-ast-global-color-1-color has-text-color\"><em>Vice President of National Affairs<\/em><\/h6>\n<\/div>\n\n\n\n<div class=\"wp-block-column is-layout-flow wp-block-column-is-layout-flow\">\n<figure class=\"wp-block-image aligncenter size-full has-custom-border is-style-rounded\"><img loading=\"lazy\" decoding=\"async\" width=\"96\" height=\"96\" src=\"https:\/\/femumex.org\/wp-content\/uploads\/2023\/10\/comite-Alejandre-luz.jpeg\" alt=\"\" class=\"has-border-color has-ast-global-color-1-border-color wp-image-348\" style=\"border-width:5px\"\/><\/figure>\n\n\n\n<h5 class=\"wp-block-heading has-text-align-center\">Gloria Luz Alejandre Ram\u00edrez<\/h5>\n\n\n\n<h6 class=\"wp-block-heading has-text-align-center has-ast-global-color-1-color has-text-color\"><em>General Secretary<\/em><\/h6>\n<\/div>\n<\/div>\n\n\n\n<div class=\"wp-block-columns is-layout-flex wp-container-core-columns-is-layout-d4010286 wp-block-columns-is-layout-flex\" style=\"padding-top:var(--wp--preset--spacing--40);padding-right:0;padding-bottom:var(--wp--preset--spacing--40);padding-left:0\">\n<div class=\"wp-block-column is-layout-flow wp-block-column-is-layout-flow\">\n<figure class=\"wp-block-image aligncenter size-full has-custom-border is-style-rounded\"><img loading=\"lazy\" decoding=\"async\" width=\"96\" height=\"96\" src=\"https:\/\/femumex.org\/wp-content\/uploads\/2023\/10\/comite-Frances-rodriguez.jpg\" alt=\"\" class=\"has-border-color has-ast-global-color-1-border-color wp-image-349\" style=\"border-width:5px\"\/><\/figure>\n\n\n\n<h5 class=\"wp-block-heading has-text-align-center\">Frances Rodr\u00edguez Van Gort<\/h5>\n\n\n\n<h6 class=\"wp-block-heading has-text-align-center has-ast-global-color-1-color has-text-color\"><em>University Coordinator<\/em><\/h6>\n<\/div>\n\n\n\n<div class=\"wp-block-column is-layout-flow wp-block-column-is-layout-flow\">\n<figure class=\"wp-block-image aligncenter size-full has-custom-border is-style-rounded\"><img loading=\"lazy\" decoding=\"async\" width=\"96\" height=\"96\" src=\"https:\/\/femumex.org\/wp-content\/uploads\/2023\/10\/comite-rosaMariaAlvarez.png\" alt=\"\" class=\"has-border-color has-ast-global-color-1-border-color wp-image-338\" style=\"border-width:5px\"\/><\/figure>\n\n\n\n<h5 class=\"wp-block-heading has-text-align-center\">Rosa Mar\u00eda \u00c1lvarez<\/h5>\n\n\n\n<h6 class=\"wp-block-heading has-text-align-center has-ast-global-color-1-color has-text-color\"><em>Legal Advisor<\/em><\/h6>\n<\/div>\n\n\n\n<div class=\"wp-block-column is-layout-flow wp-block-column-is-layout-flow\">\n<figure class=\"wp-block-image aligncenter size-thumbnail is-resized has-custom-border is-style-rounded\"><img loading=\"lazy\" decoding=\"async\" width=\"150\" height=\"150\" src=\"https:\/\/femumex.org\/wp-content\/uploads\/2024\/10\/Comite-Julieta-Morales-150x150.jpg\" alt=\"\" class=\"has-border-color has-ast-global-color-1-border-color wp-image-1176\" style=\"border-width:5px;object-fit:cover;width:95px;height:95px\" srcset=\"https:\/\/femumex.org\/wp-content\/uploads\/2024\/10\/Comite-Julieta-Morales-150x150.jpg 150w, https:\/\/femumex.org\/wp-content\/uploads\/2024\/10\/Comite-Julieta-Morales-12x12.jpg 12w\" sizes=\"auto, (max-width: 150px) 100vw, 150px\" \/><\/figure>\n\n\n\n<h5 class=\"wp-block-heading has-text-align-center\">Julieta Morales S\u00e1nchez<\/h5>\n\n\n\n<h6 class=\"wp-block-heading has-text-align-center has-ast-global-color-1-color has-text-color\"><em>Legal Advisor<\/em><\/h6>\n<\/div>\n\n\n\n<div class=\"wp-block-column is-layout-flow wp-block-column-is-layout-flow\">\n<figure class=\"wp-block-image aligncenter size-full has-custom-border is-style-rounded\"><img loading=\"lazy\" decoding=\"async\" width=\"96\" height=\"96\" src=\"https:\/\/femumex.org\/wp-content\/uploads\/2023\/10\/comite-mria-tereza.png\" alt=\"\" class=\"has-border-color has-ast-global-color-1-border-color wp-image-340\" style=\"border-width:5px\"\/><\/figure>\n\n\n\n<h5 class=\"wp-block-heading has-text-align-center\">Mar\u00eda Teresa Ortega Padilla<\/h5>\n\n\n\n<h6 class=\"wp-block-heading has-text-align-center has-ast-global-color-1-color has-text-color\"><em>Contralora<\/em><\/h6>\n<\/div>\n<\/div>\n\n\n\n<div class=\"wp-block-columns is-layout-flex wp-container-core-columns-is-layout-d4010286 wp-block-columns-is-layout-flex\" style=\"padding-top:var(--wp--preset--spacing--40);padding-right:0;padding-bottom:var(--wp--preset--spacing--40);padding-left:0\">\n<div class=\"wp-block-column is-layout-flow wp-block-column-is-layout-flow\">\n<figure class=\"wp-block-image aligncenter size-full has-custom-border is-style-rounded\"><img loading=\"lazy\" decoding=\"async\" width=\"96\" height=\"96\" src=\"https:\/\/femumex.org\/wp-content\/uploads\/2023\/10\/comite-Guadalupe-lopez.png\" alt=\"\" class=\"has-border-color has-ast-global-color-1-border-color wp-image-341\" style=\"border-width:5px\"\/><\/figure>\n\n\n\n<h5 class=\"wp-block-heading has-text-align-center\">Guadalupe L\u00f3pez Acosta<\/h5>\n\n\n\n<h6 class=\"wp-block-heading has-text-align-center has-ast-global-color-1-color has-text-color\"><em>Treasurer<\/em><\/h6>\n<\/div>\n\n\n\n<div class=\"wp-block-column is-layout-flow wp-block-column-is-layout-flow\">\n<figure class=\"wp-block-image aligncenter size-full has-custom-border is-style-rounded\"><img loading=\"lazy\" decoding=\"async\" width=\"96\" height=\"96\" src=\"https:\/\/femumex.org\/wp-content\/uploads\/2023\/10\/comite-Maria-Cristina-Rosas.jpg\" alt=\"\" class=\"has-border-color has-ast-global-color-1-border-color wp-image-342\" style=\"border-width:5px\"\/><\/figure>\n\n\n\n<h5 class=\"wp-block-heading has-text-align-center\">Mar\u00eda Cristina Rosas<\/h5>\n\n\n\n<h6 class=\"wp-block-heading has-text-align-center has-ast-global-color-1-color has-text-color\"><em>International Vocal<\/em><\/h6>\n<\/div>\n\n\n\n<div class=\"wp-block-column is-layout-flow wp-block-column-is-layout-flow\">\n<figure class=\"wp-block-image aligncenter size-full is-resized has-custom-border is-style-rounded\"><img loading=\"lazy\" decoding=\"async\" width=\"924\" height=\"1014\" src=\"https:\/\/femumex.org\/wp-content\/uploads\/2024\/07\/Comite-Georgina-Cardenas.png\" alt=\"\" class=\"has-border-color has-ast-global-color-1-border-color wp-image-1126\" style=\"border-width:5px;object-fit:contain;width:95px;height:95px\" srcset=\"https:\/\/femumex.org\/wp-content\/uploads\/2024\/07\/Comite-Georgina-Cardenas.png 924w, https:\/\/femumex.org\/wp-content\/uploads\/2024\/07\/Comite-Georgina-Cardenas-273x300.png 273w, https:\/\/femumex.org\/wp-content\/uploads\/2024\/07\/Comite-Georgina-Cardenas-820x900.png 820w, https:\/\/femumex.org\/wp-content\/uploads\/2024\/07\/Comite-Georgina-Cardenas-768x843.png 768w, https:\/\/femumex.org\/wp-content\/uploads\/2024\/07\/Comite-Georgina-Cardenas-11x12.png 11w\" sizes=\"auto, (max-width: 924px) 100vw, 924px\" \/><\/figure>\n\n\n\n<h5 class=\"wp-block-heading has-text-align-center\">Georg\u00edna C\u00e1rdenas<\/h5>\n\n\n\n<h6 class=\"wp-block-heading has-text-align-center has-ast-global-color-1-color has-text-color\"><em>National Vocal<\/em><\/h6>\n<\/div>\n\n\n\n<div class=\"wp-block-column is-layout-flow wp-block-column-is-layout-flow\">\n<figure class=\"wp-block-image aligncenter size-full has-custom-border is-style-rounded\"><img loading=\"lazy\" decoding=\"async\" width=\"96\" height=\"96\" src=\"https:\/\/femumex.org\/wp-content\/uploads\/2023\/10\/comite-sandra-velazquez.jpeg\" alt=\"\" class=\"has-border-color has-ast-global-color-1-border-color wp-image-344\" style=\"border-width:5px\"\/><\/figure>\n\n\n\n<h5 class=\"wp-block-heading has-text-align-center\">Sandra V\u00e1zquez<\/h5>\n\n\n\n<h6 class=\"wp-block-heading has-text-align-center has-ast-global-color-1-color has-text-color\"><em>Dissemination Coordination<\/em><\/h6>\n<\/div>\n<\/div>\n\n\n\n<div style=\"height:30px\" aria-hidden=\"true\" class=\"wp-block-spacer\"><\/div>","protected":false},"excerpt":{"rendered":"<p>Comit\u00e9 directivo Mirella Feingold Steiner Presidenta Ejecutiva Andrea Samaniego Vicepresidenta de Asuntos Internacionales Lorena A. Medina Vicepresidenta de Asuntos Nacionales Gloria Luz Alejandre Ram\u00edrez Secretaria General Frances Rodr\u00edguez Van Gort Coordinadora Universitaria Rosa Mar\u00eda \u00c1lvarez Asesora Legal Julieta Morales S\u00e1nchez Asesora Legal Mar\u00eda Teresa Ortega Padilla Contralora Guadalupe L\u00f3pez Acosta Tesorera Mar\u00eda Cristina Rosas Vocal [&hellip;]<\/p>\n","protected":false},"author":1,"featured_media":0,"parent":0,"menu_order":0,"comment_status":"closed","ping_status":"closed","template":"","meta":{"_uag_custom_page_level_css":"","site-sidebar-layout":"default","site-content-layout":"","ast-site-content-layout":"default","site-content-style":"default","site-sidebar-style":"default","ast-global-header-display":"","ast-banner-title-visibility":"","ast-main-header-display":"","ast-hfb-above-header-display":"","ast-hfb-below-header-display":"","ast-hfb-mobile-header-display":"","site-post-title":"","ast-breadcrumbs-content":"","ast-featured-img":"","footer-sml-layout":"","ast-disable-related-posts":"","theme-transparent-header-meta":"","adv-header-id-meta":"","stick-header-meta":"","header-above-stick-meta":"","header-main-stick-meta":"","header-below-stick-meta":"","astra-migrate-meta-layouts":"default","ast-page-background-enabled":"default","ast-page-background-meta":{"desktop":{"background-color":"var(--ast-global-color-4)","background-image":"","background-repeat":"repeat","background-position":"center center","background-size":"auto","background-attachment":"scroll","background-type":"","background-media":"","overlay-type":"","overlay-color":"","overlay-opacity":"","overlay-gradient":""},"tablet":{"background-color":"","background-image":"","background-repeat":"repeat","background-position":"center center","background-size":"auto","background-attachment":"scroll","background-type":"","background-media":"","overlay-type":"","overlay-color":"","overlay-opacity":"","overlay-gradient":""},"mobile":{"background-color":"","background-image":"","background-repeat":"repeat","background-position":"center center","background-size":"auto","background-attachment":"scroll","background-type":"","background-media":"","overlay-type":"","overlay-color":"","overlay-opacity":"","overlay-gradient":""}},"ast-content-background-meta":{"desktop":{"background-color":"var(--ast-global-color-5)","background-image":"","background-repeat":"repeat","background-position":"center center","background-size":"auto","background-attachment":"scroll","background-type":"","background-media":"","overlay-type":"","overlay-color":"","overlay-opacity":"","overlay-gradient":""},"tablet":{"background-color":"var(--ast-global-color-5)","background-image":"","background-repeat":"repeat","background-position":"center center","background-size":"auto","background-attachment":"scroll","background-type":"","background-media":"","overlay-type":"","overlay-color":"","overlay-opacity":"","overlay-gradient":""},"mobile":{"background-color":"var(--ast-global-color-5)","background-image":"","background-repeat":"repeat","background-position":"center center","background-size":"auto","background-attachment":"scroll","background-type":"","background-media":"","overlay-type":"","overlay-color":"","overlay-opacity":"","overlay-gradient":""}},"footnotes":""},"categories":[],"tags":[],"class_list":["post-335","page","type-page","status-publish","hentry"],"uagb_featured_image_src":{"full":false,"thumbnail":false,"medium":false,"medium_large":false,"large":false,"1536x1536":false,"2048x2048":false,"trp-custom-language-flag":false},"uagb_author_info":{"display_name":"Federacion Mexicana de Universitarias","author_link":"https:\/\/femumex.org\/en\/author\/mume\/"},"uagb_comment_info":0,"uagb_excerpt":"Comit\u00e9 directivo Mirella Feingold Steiner Presidenta Ejecutiva Andrea Samaniego Vicepresidenta de Asuntos Internacionales Lorena A. Medina Vicepresidenta de Asuntos Nacionales Gloria Luz Alejandre Ram\u00edrez Secretaria General Frances Rodr\u00edguez Van Gort Coordinadora Universitaria Rosa Mar\u00eda \u00c1lvarez Asesora Legal Julieta Morales S\u00e1nchez Asesora Legal Mar\u00eda Teresa Ortega Padilla Contralora Guadalupe L\u00f3pez Acosta Tesorera Mar\u00eda Cristina Rosas Vocal&hellip;","_links":{"self":[{"href":"https:\/\/femumex.org\/en\/wp-json\/wp\/v2\/pages\/335","targetHints":{"allow":["GET"]}}],"collection":[{"href":"https:\/\/femumex.org\/en\/wp-json\/wp\/v2\/pages"}],"about":[{"href":"https:\/\/femumex.org\/en\/wp-json\/wp\/v2\/types\/page"}],"author":[{"embeddable":true,"href":"https:\/\/femumex.org\/en\/wp-json\/wp\/v2\/users\/1"}],"replies":[{"embeddable":true,"href":"https:\/\/femumex.org\/en\/wp-json\/wp\/v2\/comments?post=335"}],"version-history":[{"count":12,"href":"https:\/\/femumex.org\/en\/wp-json\/wp\/v2\/pages\/335\/revisions"}],"predecessor-version":[{"id":1264,"href":"https:\/\/femumex.org\/en\/wp-json\/wp\/v2\/pages\/335\/revisions\/1264"}],"wp:attachment":[{"href":"https:\/\/femumex.org\/en\/wp-json\/wp\/v2\/media?parent=335"}],"wp:term":[{"taxonomy":"category","embeddable":true,"href":"https:\/\/femumex.org\/en\/wp-json\/wp\/v2\/categories?post=335"},{"taxonomy":"post_tag","embeddable":true,"href":"https:\/\/femumex.org\/en\/wp-json\/wp\/v2\/tags?post=335"}],"curies":[{"name":"wp","href":"https:\/\/api.w.org\/{rel}","templated":true}]}}