{"id":147,"date":"2023-10-24T03:13:19","date_gmt":"2023-10-24T09:13:19","guid":{"rendered":"https:\/\/femumex.org\/?page_id=147"},"modified":"2024-04-24T23:39:38","modified_gmt":"2024-04-25T05:39:38","slug":"afiliate","status":"publish","type":"page","link":"https:\/\/femumex.org\/es\/afiliate\/","title":{"rendered":"Af\u00edliate"},"content":{"rendered":"\n<div style=\"height:10px\" aria-hidden=\"true\" class=\"wp-block-spacer\"><\/div>\n\n\n\n<h2 class=\"wp-block-heading has-text-align-center\">Af\u00edliate<\/h2>\n\n\n\n<hr class=\"wp-block-separator has-text-color has-ast-global-color-1-color has-alpha-channel-opacity has-ast-global-color-1-background-color has-background is-style-wide\"\/>\n\n\n\n<div style=\"height:20px\" aria-hidden=\"true\" class=\"wp-block-spacer\"><\/div>\n\n\n\n<p>La Federaci\u00f3n Mexicana de Universitarias (<a href=\"https:\/\/femumex.org\/\" data-type=\"link\" data-id=\"https:\/\/femumex.org\/\">FEMU<\/a>) es una&nbsp;asociaci\u00f3n nacional de acad\u00e9micas, miembro de la Graduate Women&nbsp;International (<a rel=\"noreferrer noopener\" href=\"https:\/\/graduatewomen.org\/\" data-type=\"link\" data-id=\"https:\/\/graduatewomen.org\/\" target=\"_blank\">GWI<\/a>), primera organizaci\u00f3n de mujeres universitarias del mundo,&nbsp;fundada desde 1919 con fines pacifistas.<\/p>\n\n\n\n<p>FEMU tiene estatus especial consultivo del Consejo Econ\u00f3mico y Social (ECOSOC)&nbsp;de las Naciones Unidas. Trabajamos en pro de las mujeres como elemento&nbsp;fundamental para lograr el desarrollo integral de los pueblos.<\/p>\n\n\n\n<p>A trav\u00e9s de nuestro trabajo de investigaci\u00f3n, docencia y difusi\u00f3n, promovemos el&nbsp;respeto a los Derechos Humanos de las mujeres. Realizamos congresos,&nbsp;seminarios y talleres, y hemos publicado 26 obras.<\/p>\n\n\n\n<p>Hace diez a\u00f1os creamos el Museo de la Mujer para hacer un recorrido por la&nbsp;historia de M\u00e9xico con perspectiva de g\u00e9nero, mostrando lo dif\u00edcil que ha sido&nbsp;para las mujeres obtener sus derechos.<\/p>\n\n\n\n<p>Producimos un programa radiof\u00f3nico semanal, \u201cMujeres a la Tribuna\u201d, que se&nbsp;transmite nacionalmente todos los viernes a trav\u00e9s de Ciudadana, 660 del AM, del Instituto Mexicano de la Radio.<\/p>\n\n\n\n<p>La Dra. Patricia Galeana Herrera, Presidenta Fundadora, y la Dra. Mirella Feingold Steiner, Presidenta Ejecutiva, as\u00ed como el resto del Comit\u00e9 Directivo, le invitan a afiliarse para&nbsp;trabajar conjuntamente en la promoci\u00f3n de una cultura de paz y respeto, prevenir la violencia, promover una mentalidad que elimine la discriminaci\u00f3n, superar atavismos patriarcales y lograr el reconocimiento del trabajo femenino.<\/p>\n\n\n\n<p>A T E N T A M E N T E<\/p>\n\n\n\n<p><strong>Dra. Patricia Galeana<\/strong><br>Presidenta Fundadora<\/p>\n\n\n\n<p>Ser parte de la Federaci\u00f3n Mexicana de Universitarias tiene varios beneficios&nbsp;como:<\/p>\n\n\n\n<ul class=\"wp-block-list\">\n<li>El respaldo de una Organizaci\u00f3n certificada y avalada por CONACYT para el desarrollo de proyectos de investigaci\u00f3n relacionados con el tema de las mujeres.<\/li>\n\n\n\n<li>Al pertenecer a FEMU tambi\u00e9n se es miembro de la&nbsp;<a href=\"https:\/\/graduatewomen.org\/\" target=\"_blank\" rel=\"noreferrer noopener\">Graduate Women International<\/a>&nbsp;(GWI).<\/li>\n\n\n\n<li>El uso de alguna de las salas de nuestras oficinas para que nuestras agremiadas puedan tener reuniones de trabajo con sus alumnos.<\/li>\n\n\n\n<li>La participaci\u00f3n en Congresos y Seminarios a nivel nacional e internacional, con la publicaci\u00f3n de las participaciones en las memorias de dichos eventos acad\u00e9micos.<\/li>\n\n\n\n<li>La posibilidad de publicar art\u00edculos en nuestra revista electr\u00f3nica.<\/li>\n\n\n\n<li>La posibilidad de ser beneficiada con alguna de las becas que otorga GWI.<\/li>\n\n\n\n<li>As\u00ed como participar en el programa de radio \u201cMujeres a la Tribuna\u201d, transmitido por la el IMER en la estaci\u00f3n \u201cRadio Ciudadana\u201d los viernes a las 16:00 hrs.<\/li>\n<\/ul>\n\n\n\n<h3 class=\"wp-block-heading has-ast-global-color-0-color has-text-color\">Afiliaci\u00f3n<\/h3>\n\n\n\n<p>Pueden asociarse a FEMU aquellas mujeres universitarias con grado m\u00ednimo de licenciatura provenientes de Universidades p\u00fablicas o privadas.<\/p>\n\n\n\n<p>Para comenzar a formar parte de la FEMU simplemente hay que presentar:<\/p>\n\n\n\n<ul class=\"wp-block-list\">\n<li>Solicitud de inscripci\u00f3n (pulsar la indicada)<\/li>\n<\/ul>\n\n\n\n<div class=\"wp-block-group is-nowrap is-layout-flex wp-container-core-group-is-layout-e0a6cd0e wp-block-group-is-layout-flex\" style=\"padding-top:0;padding-right:0;padding-bottom:0;padding-left:0\">\n<div class=\"wp-block-buttons is-layout-flex wp-block-buttons-is-layout-flex\">\n<div class=\"wp-block-button\"><a class=\"wp-block-button__link wp-element-button\" href=\"https:\/\/femumex.org\/wp-content\/uploads\/2023\/10\/HOJA_INSCRIPCION_INDIVIDUAL_FEMU.docx\" target=\"_blank\" rel=\"noreferrer noopener\">Individual<\/a><\/div>\n<\/div>\n\n\n\n<div class=\"wp-block-buttons is-layout-flex wp-block-buttons-is-layout-flex\">\n<div class=\"wp-block-button\"><a class=\"wp-block-button__link wp-element-button\" href=\"https:\/\/femumex.org\/wp-content\/uploads\/2023\/10\/HOJA_INSCRIPCION_INDIVIDUAL_JUNIOR_FEMU.docx\" target=\"_blank\" rel=\"noreferrer noopener\">Individual Junior<\/a><\/div>\n<\/div>\n\n\n\n<div class=\"wp-block-buttons is-layout-flex wp-block-buttons-is-layout-flex\">\n<div class=\"wp-block-button\"><a class=\"wp-block-button__link wp-element-button\">Asociaciones<\/a><\/div>\n<\/div>\n<\/div>\n\n\n\n<ul class=\"wp-block-list\">\n<li>Carta de recomendaci\u00f3n de socias activas o una carta motivos dirigida al Comit\u00e9 Directivo.<\/li>\n\n\n\n<li>Una foto digital a color con buena definici\u00f3n<\/li>\n\n\n\n<li>Curriculum actualizado<\/li>\n\n\n\n<li>Cubrir la cuota anual*<\/li>\n<\/ul>\n\n\n\n<p>*Antes de pagar la cuota, favor de enviar la documentaci\u00f3n requerida con la finalidad de que el Comit\u00e9 Directivo eval\u00fae la solicitud de afiliaci\u00f3n.<\/p>\n\n\n\n<p>El monto de la cuota anual es de<strong>\u00a0$1500.00<\/strong>\u00a0por socia individual, el pago se debe hacer en el Banco Santander en la cuenta:<\/p>\n\n\n\n<p>Santander<br>A nombre de: Federaci\u00f3n Mexicana de Universitarias A.C<br>Cuenta: 655 029 338 37<br>Sucursal 5808, Perisur Plaza, D.F.<br>Clabe Interbancaria: 014 180 655 029 338 373<\/p>\n\n\n\n<div style=\"height:30px\" aria-hidden=\"true\" class=\"wp-block-spacer\"><\/div>\n","protected":false},"excerpt":{"rendered":"<p>Af\u00edliate La Federaci\u00f3n Mexicana de Universitarias (FEMU) es una&nbsp;asociaci\u00f3n nacional de acad\u00e9micas, miembro de la Graduate Women&nbsp;International (GWI), primera organizaci\u00f3n de mujeres universitarias del mundo,&nbsp;fundada desde 1919 con fines pacifistas. FEMU tiene estatus especial consultivo del Consejo Econ\u00f3mico y Social (ECOSOC)&nbsp;de las Naciones Unidas. Trabajamos en pro de las mujeres como elemento&nbsp;fundamental para lograr el [&hellip;]<\/p>\n","protected":false},"author":1,"featured_media":0,"parent":0,"menu_order":0,"comment_status":"closed","ping_status":"closed","template":"","meta":{"_uag_custom_page_level_css":"","site-sidebar-layout":"default","site-content-layout":"","ast-site-content-layout":"default","site-content-style":"default","site-sidebar-style":"default","ast-global-header-display":"","ast-banner-title-visibility":"","ast-main-header-display":"","ast-hfb-above-header-display":"","ast-hfb-below-header-display":"","ast-hfb-mobile-header-display":"","site-post-title":"","ast-breadcrumbs-content":"","ast-featured-img":"","footer-sml-layout":"","ast-disable-related-posts":"","theme-transparent-header-meta":"","adv-header-id-meta":"","stick-header-meta":"","header-above-stick-meta":"","header-main-stick-meta":"","header-below-stick-meta":"","astra-migrate-meta-layouts":"default","ast-page-background-enabled":"default","ast-page-background-meta":{"desktop":{"background-color":"var(--ast-global-color-4)","background-image":"","background-repeat":"repeat","background-position":"center center","background-size":"auto","background-attachment":"scroll","background-type":"","background-media":"","overlay-type":"","overlay-color":"","overlay-opacity":"","overlay-gradient":""},"tablet":{"background-color":"","background-image":"","background-repeat":"repeat","background-position":"center center","background-size":"auto","background-attachment":"scroll","background-type":"","background-media":"","overlay-type":"","overlay-color":"","overlay-opacity":"","overlay-gradient":""},"mobile":{"background-color":"","background-image":"","background-repeat":"repeat","background-position":"center center","background-size":"auto","background-attachment":"scroll","background-type":"","background-media":"","overlay-type":"","overlay-color":"","overlay-opacity":"","overlay-gradient":""}},"ast-content-background-meta":{"desktop":{"background-color":"var(--ast-global-color-5)","background-image":"","background-repeat":"repeat","background-position":"center center","background-size":"auto","background-attachment":"scroll","background-type":"","background-media":"","overlay-type":"","overlay-color":"","overlay-opacity":"","overlay-gradient":""},"tablet":{"background-color":"var(--ast-global-color-5)","background-image":"","background-repeat":"repeat","background-position":"center center","background-size":"auto","background-attachment":"scroll","background-type":"","background-media":"","overlay-type":"","overlay-color":"","overlay-opacity":"","overlay-gradient":""},"mobile":{"background-color":"var(--ast-global-color-5)","background-image":"","background-repeat":"repeat","background-position":"center center","background-size":"auto","background-attachment":"scroll","background-type":"","background-media":"","overlay-type":"","overlay-color":"","overlay-opacity":"","overlay-gradient":""}},"footnotes":""},"categories":[],"tags":[],"class_list":["post-147","page","type-page","status-publish","hentry"],"uagb_featured_image_src":{"full":false,"thumbnail":false,"medium":false,"medium_large":false,"large":false,"1536x1536":false,"2048x2048":false,"trp-custom-language-flag":false},"uagb_author_info":{"display_name":"Federacion Mexicana de Universitarias","author_link":"https:\/\/femumex.org\/es\/author\/mume\/"},"uagb_comment_info":0,"uagb_excerpt":"Af\u00edliate La Federaci\u00f3n Mexicana de Universitarias (FEMU) es una&nbsp;asociaci\u00f3n nacional de acad\u00e9micas, miembro de la Graduate Women&nbsp;International (GWI), primera organizaci\u00f3n de mujeres universitarias del mundo,&nbsp;fundada desde 1919 con fines pacifistas. FEMU tiene estatus especial consultivo del Consejo Econ\u00f3mico y Social (ECOSOC)&nbsp;de las Naciones Unidas. Trabajamos en pro de las mujeres como elemento&nbsp;fundamental para lograr el&hellip;","_links":{"self":[{"href":"https:\/\/femumex.org\/es\/wp-json\/wp\/v2\/pages\/147","targetHints":{"allow":["GET"]}}],"collection":[{"href":"https:\/\/femumex.org\/es\/wp-json\/wp\/v2\/pages"}],"about":[{"href":"https:\/\/femumex.org\/es\/wp-json\/wp\/v2\/types\/page"}],"author":[{"embeddable":true,"href":"https:\/\/femumex.org\/es\/wp-json\/wp\/v2\/users\/1"}],"replies":[{"embeddable":true,"href":"https:\/\/femumex.org\/es\/wp-json\/wp\/v2\/comments?post=147"}],"version-history":[{"count":8,"href":"https:\/\/femumex.org\/es\/wp-json\/wp\/v2\/pages\/147\/revisions"}],"predecessor-version":[{"id":1086,"href":"https:\/\/femumex.org\/es\/wp-json\/wp\/v2\/pages\/147\/revisions\/1086"}],"wp:attachment":[{"href":"https:\/\/femumex.org\/es\/wp-json\/wp\/v2\/media?parent=147"}],"wp:term":[{"taxonomy":"category","embeddable":true,"href":"https:\/\/femumex.org\/es\/wp-json\/wp\/v2\/categories?post=147"},{"taxonomy":"post_tag","embeddable":true,"href":"https:\/\/femumex.org\/es\/wp-json\/wp\/v2\/tags?post=147"}],"curies":[{"name":"wp","href":"https:\/\/api.w.org\/{rel}","templated":true}]}}