{"id":158,"date":"2023-10-24T03:21:35","date_gmt":"2023-10-24T09:21:35","guid":{"rendered":"https:\/\/femumex.org\/?page_id=158"},"modified":"2023-10-24T03:21:35","modified_gmt":"2023-10-24T09:21:35","slug":"cameus","status":"publish","type":"page","link":"https:\/\/femumex.org\/es\/cameus\/","title":{"rendered":"CAMEUS"},"content":{"rendered":"\n<div style=\"height:10px\" aria-hidden=\"true\" class=\"wp-block-spacer\"><\/div>\n\n\n\n<h2 class=\"wp-block-heading has-text-align-center\">CAMEUS<\/h2>\n\n\n\n<hr class=\"wp-block-separator has-text-color has-ast-global-color-1-color has-alpha-channel-opacity has-ast-global-color-1-background-color has-background is-style-wide\"\/>\n\n\n\n<div style=\"height:20px\" aria-hidden=\"true\" class=\"wp-block-spacer\"><\/div>\n\n\n\n<p>CAMEUS es un grupo conformado por la Federaci\u00f3n Mexicana de Universitarias (FEMU), la Women Graduates de Estados Unidos (WG-USA) y la Federation of University Women de Canad\u00e1 (CFUW). Aunque las acciones de colaboraci\u00f3n ya se hab\u00edan iniciado desde 2018, la fundaci\u00f3n de CAMEUS tuvo lugar durante la 33\u00aa Asamblea Trienal y el Centenario de la Graduate Women International (GWI), que se llev\u00f3 a cabo del 25 al 28 julio de 2019 en Ginebra, Suiza. Como grupo de universitarias, el objetivo central de CAMEUS es impulsar el desarrollo de la mujer en Canad\u00e1, M\u00e9xico y Estados Unidos como elemento fundamental para lograr el desarrollo integral de Norteam\u00e9rica, por lo que coordina y participa en actividades acad\u00e9micas y de investigaci\u00f3n a trav\u00e9s de Foros Internacionales, como los que organiza la Comisi\u00f3n de la Condici\u00f3n Jur\u00eddica y Social de la Mujer (CSW) de la ONU. CAMEUS tambi\u00e9n tiene inter\u00e9s en impulsar la creaci\u00f3n de museos en alguna de las ciudades tanto de Estados Unidos como de Canad\u00e1, donde ya existe presencia de la UNAM, tomando como modelo el Museo de la Mujer en M\u00e9xico, fundado y coordinado por la Dra. Patricia Galeana. El grupo de la FEMU en CAMEUS est\u00e1 coordinado por la Mtra. Luc\u00eda Guzm\u00e1n, e integrado por la Mtra. Glenda Hecksher, la Dra. Margarita Almada, la Dra. Alicia Gir\u00f3n, la Dra. Gloria Luz Alejandre y la Mtra. Meritxell Calder\u00f3n-Vargas. Todas ellas participaron en el Foro &#8220;Recuperando nuestra Humanidad&#8221; que se llev\u00f3 a cabo de manera virtual el 26 de marzo de 2021, como parte de la CSW65.<\/p>\n\n\n\n<div style=\"height:30px\" aria-hidden=\"true\" class=\"wp-block-spacer\"><\/div>\n","protected":false},"excerpt":{"rendered":"<p>CAMEUS CAMEUS es un grupo conformado por la Federaci\u00f3n Mexicana de Universitarias (FEMU), la Women Graduates de Estados Unidos (WG-USA) y la Federation of University Women de Canad\u00e1 (CFUW). Aunque las acciones de colaboraci\u00f3n ya se hab\u00edan iniciado desde 2018, la fundaci\u00f3n de CAMEUS tuvo lugar durante la 33\u00aa Asamblea Trienal y el Centenario de [&hellip;]<\/p>\n","protected":false},"author":1,"featured_media":0,"parent":0,"menu_order":0,"comment_status":"closed","ping_status":"closed","template":"","meta":{"_uag_custom_page_level_css":"","site-sidebar-layout":"default","site-content-layout":"","ast-site-content-layout":"default","site-content-style":"default","site-sidebar-style":"default","ast-global-header-display":"","ast-banner-title-visibility":"","ast-main-header-display":"","ast-hfb-above-header-display":"","ast-hfb-below-header-display":"","ast-hfb-mobile-header-display":"","site-post-title":"","ast-breadcrumbs-content":"","ast-featured-img":"","footer-sml-layout":"","ast-disable-related-posts":"","theme-transparent-header-meta":"","adv-header-id-meta":"","stick-header-meta":"","header-above-stick-meta":"","header-main-stick-meta":"","header-below-stick-meta":"","astra-migrate-meta-layouts":"default","ast-page-background-enabled":"default","ast-page-background-meta":{"desktop":{"background-color":"var(--ast-global-color-4)","background-image":"","background-repeat":"repeat","background-position":"center center","background-size":"auto","background-attachment":"scroll","background-type":"","background-media":"","overlay-type":"","overlay-color":"","overlay-opacity":"","overlay-gradient":""},"tablet":{"background-color":"","background-image":"","background-repeat":"repeat","background-position":"center center","background-size":"auto","background-attachment":"scroll","background-type":"","background-media":"","overlay-type":"","overlay-color":"","overlay-opacity":"","overlay-gradient":""},"mobile":{"background-color":"","background-image":"","background-repeat":"repeat","background-position":"center center","background-size":"auto","background-attachment":"scroll","background-type":"","background-media":"","overlay-type":"","overlay-color":"","overlay-opacity":"","overlay-gradient":""}},"ast-content-background-meta":{"desktop":{"background-color":"var(--ast-global-color-5)","background-image":"","background-repeat":"repeat","background-position":"center center","background-size":"auto","background-attachment":"scroll","background-type":"","background-media":"","overlay-type":"","overlay-color":"","overlay-opacity":"","overlay-gradient":""},"tablet":{"background-color":"var(--ast-global-color-5)","background-image":"","background-repeat":"repeat","background-position":"center center","background-size":"auto","background-attachment":"scroll","background-type":"","background-media":"","overlay-type":"","overlay-color":"","overlay-opacity":"","overlay-gradient":""},"mobile":{"background-color":"var(--ast-global-color-5)","background-image":"","background-repeat":"repeat","background-position":"center center","background-size":"auto","background-attachment":"scroll","background-type":"","background-media":"","overlay-type":"","overlay-color":"","overlay-opacity":"","overlay-gradient":""}},"footnotes":""},"categories":[],"tags":[],"class_list":["post-158","page","type-page","status-publish","hentry"],"uagb_featured_image_src":{"full":false,"thumbnail":false,"medium":false,"medium_large":false,"large":false,"1536x1536":false,"2048x2048":false,"trp-custom-language-flag":false},"uagb_author_info":{"display_name":"Federacion Mexicana de Universitarias","author_link":"https:\/\/femumex.org\/es\/author\/mume\/"},"uagb_comment_info":0,"uagb_excerpt":"CAMEUS CAMEUS es un grupo conformado por la Federaci\u00f3n Mexicana de Universitarias (FEMU), la Women Graduates de Estados Unidos (WG-USA) y la Federation of University Women de Canad\u00e1 (CFUW). Aunque las acciones de colaboraci\u00f3n ya se hab\u00edan iniciado desde 2018, la fundaci\u00f3n de CAMEUS tuvo lugar durante la 33\u00aa Asamblea Trienal y el Centenario de&hellip;","_links":{"self":[{"href":"https:\/\/femumex.org\/es\/wp-json\/wp\/v2\/pages\/158","targetHints":{"allow":["GET"]}}],"collection":[{"href":"https:\/\/femumex.org\/es\/wp-json\/wp\/v2\/pages"}],"about":[{"href":"https:\/\/femumex.org\/es\/wp-json\/wp\/v2\/types\/page"}],"author":[{"embeddable":true,"href":"https:\/\/femumex.org\/es\/wp-json\/wp\/v2\/users\/1"}],"replies":[{"embeddable":true,"href":"https:\/\/femumex.org\/es\/wp-json\/wp\/v2\/comments?post=158"}],"version-history":[{"count":1,"href":"https:\/\/femumex.org\/es\/wp-json\/wp\/v2\/pages\/158\/revisions"}],"predecessor-version":[{"id":159,"href":"https:\/\/femumex.org\/es\/wp-json\/wp\/v2\/pages\/158\/revisions\/159"}],"wp:attachment":[{"href":"https:\/\/femumex.org\/es\/wp-json\/wp\/v2\/media?parent=158"}],"wp:term":[{"taxonomy":"category","embeddable":true,"href":"https:\/\/femumex.org\/es\/wp-json\/wp\/v2\/categories?post=158"},{"taxonomy":"post_tag","embeddable":true,"href":"https:\/\/femumex.org\/es\/wp-json\/wp\/v2\/tags?post=158"}],"curies":[{"name":"wp","href":"https:\/\/api.w.org\/{rel}","templated":true}]}}