{"id":299,"date":"2023-10-24T23:35:34","date_gmt":"2023-10-25T05:35:34","guid":{"rendered":"https:\/\/femumex.org\/?page_id=299"},"modified":"2023-10-24T23:35:34","modified_gmt":"2023-10-25T05:35:34","slug":"organizacion","status":"publish","type":"page","link":"https:\/\/femumex.org\/es\/organizacion\/","title":{"rendered":"Organizaci\u00f3n"},"content":{"rendered":"\n<div style=\"height:10px\" aria-hidden=\"true\" class=\"wp-block-spacer\"><\/div>\n\n\n\n<h2 class=\"wp-block-heading has-text-align-center\">Organizaci\u00f3n<\/h2>\n\n\n\n<hr class=\"wp-block-separator has-text-color has-ast-global-color-1-color has-alpha-channel-opacity has-ast-global-color-1-background-color has-background is-style-wide\"\/>\n\n\n\n<div style=\"height:20px\" aria-hidden=\"true\" class=\"wp-block-spacer\"><\/div>\n\n\n\n<p>La Federaci\u00f3n Mexicana de Universitarias (FEMU) es una organizaci\u00f3n nacional de acad\u00e9micas miembro de la Federaci\u00f3n Internacional de Mujeres Universitarias, la primera organizaci\u00f3n de mujeres universitarias del mundo, fundada desde 1919 con fines pacifistas. Nuestra organizaci\u00f3n ha venido trabajando en pro del desarrollo de la mujer como elemento fundamental para lograr el desarrollo integral de los pueblos.<\/p>\n\n\n\n<p>En este sentido, FEMU organiza actividades docentes, de investigaci\u00f3n y de difusi\u00f3n de la cultura a trav\u00e9s de cursos, publicaciones de nuestras investigaciones sobre la situaci\u00f3n de la mujer en M\u00e9xico, realizaci\u00f3n de Congresos Internacionales y Nacionales, Seminarios y programas en los medios masivos de comunicaci\u00f3n.<\/p>\n\n\n\n<figure class=\"wp-block-image aligncenter size-large\"><a href=\"https:\/\/graduatewomen.org\/\" target=\"_blank\" rel=\"noreferrer noopener\"><img loading=\"lazy\" decoding=\"async\" width=\"900\" height=\"127\" src=\"https:\/\/femumex.org\/wp-content\/uploads\/2023\/10\/gwi-logo-900x127.jpg\" alt=\"\" class=\"wp-image-300\" srcset=\"https:\/\/femumex.org\/wp-content\/uploads\/2023\/10\/gwi-logo-900x127.jpg 900w, https:\/\/femumex.org\/wp-content\/uploads\/2023\/10\/gwi-logo-300x42.jpg 300w, https:\/\/femumex.org\/wp-content\/uploads\/2023\/10\/gwi-logo-768x108.jpg 768w, https:\/\/femumex.org\/wp-content\/uploads\/2023\/10\/gwi-logo.jpg 1218w\" sizes=\"auto, (max-width: 900px) 100vw, 900px\" \/><\/a><\/figure>\n\n\n\n<p>GWI es una organizaci\u00f3n internacional de mujeres universitarias sin fines de lucro, fundada en 1919 con el nombre de International Federation of University Women durante la posguerra europea, por mujeres que cre\u00edan en la importancia del trabajo colectivo por la paz, el entendimiento internacional y la amistad.<\/p>\n\n\n\n<div style=\"height:30px\" aria-hidden=\"true\" class=\"wp-block-spacer\"><\/div>\n","protected":false},"excerpt":{"rendered":"<p>Organizaci\u00f3n La Federaci\u00f3n Mexicana de Universitarias (FEMU) es una organizaci\u00f3n nacional de acad\u00e9micas miembro de la Federaci\u00f3n Internacional de Mujeres Universitarias, la primera organizaci\u00f3n de mujeres universitarias del mundo, fundada desde 1919 con fines pacifistas. Nuestra organizaci\u00f3n ha venido trabajando en pro del desarrollo de la mujer como elemento fundamental para lograr el desarrollo integral [&hellip;]<\/p>\n","protected":false},"author":1,"featured_media":0,"parent":0,"menu_order":0,"comment_status":"closed","ping_status":"closed","template":"","meta":{"_uag_custom_page_level_css":"","site-sidebar-layout":"default","site-content-layout":"","ast-site-content-layout":"default","site-content-style":"default","site-sidebar-style":"default","ast-global-header-display":"","ast-banner-title-visibility":"","ast-main-header-display":"","ast-hfb-above-header-display":"","ast-hfb-below-header-display":"","ast-hfb-mobile-header-display":"","site-post-title":"","ast-breadcrumbs-content":"","ast-featured-img":"","footer-sml-layout":"","ast-disable-related-posts":"","theme-transparent-header-meta":"","adv-header-id-meta":"","stick-header-meta":"","header-above-stick-meta":"","header-main-stick-meta":"","header-below-stick-meta":"","astra-migrate-meta-layouts":"default","ast-page-background-enabled":"default","ast-page-background-meta":{"desktop":{"background-color":"var(--ast-global-color-4)","background-image":"","background-repeat":"repeat","background-position":"center center","background-size":"auto","background-attachment":"scroll","background-type":"","background-media":"","overlay-type":"","overlay-color":"","overlay-opacity":"","overlay-gradient":""},"tablet":{"background-color":"","background-image":"","background-repeat":"repeat","background-position":"center center","background-size":"auto","background-attachment":"scroll","background-type":"","background-media":"","overlay-type":"","overlay-color":"","overlay-opacity":"","overlay-gradient":""},"mobile":{"background-color":"","background-image":"","background-repeat":"repeat","background-position":"center center","background-size":"auto","background-attachment":"scroll","background-type":"","background-media":"","overlay-type":"","overlay-color":"","overlay-opacity":"","overlay-gradient":""}},"ast-content-background-meta":{"desktop":{"background-color":"var(--ast-global-color-5)","background-image":"","background-repeat":"repeat","background-position":"center center","background-size":"auto","background-attachment":"scroll","background-type":"","background-media":"","overlay-type":"","overlay-color":"","overlay-opacity":"","overlay-gradient":""},"tablet":{"background-color":"var(--ast-global-color-5)","background-image":"","background-repeat":"repeat","background-position":"center center","background-size":"auto","background-attachment":"scroll","background-type":"","background-media":"","overlay-type":"","overlay-color":"","overlay-opacity":"","overlay-gradient":""},"mobile":{"background-color":"var(--ast-global-color-5)","background-image":"","background-repeat":"repeat","background-position":"center center","background-size":"auto","background-attachment":"scroll","background-type":"","background-media":"","overlay-type":"","overlay-color":"","overlay-opacity":"","overlay-gradient":""}},"footnotes":""},"categories":[],"tags":[],"class_list":["post-299","page","type-page","status-publish","hentry"],"uagb_featured_image_src":{"full":false,"thumbnail":false,"medium":false,"medium_large":false,"large":false,"1536x1536":false,"2048x2048":false,"trp-custom-language-flag":false},"uagb_author_info":{"display_name":"Federacion Mexicana de Universitarias","author_link":"https:\/\/femumex.org\/es\/author\/mume\/"},"uagb_comment_info":0,"uagb_excerpt":"Organizaci\u00f3n La Federaci\u00f3n Mexicana de Universitarias (FEMU) es una organizaci\u00f3n nacional de acad\u00e9micas miembro de la Federaci\u00f3n Internacional de Mujeres Universitarias, la primera organizaci\u00f3n de mujeres universitarias del mundo, fundada desde 1919 con fines pacifistas. Nuestra organizaci\u00f3n ha venido trabajando en pro del desarrollo de la mujer como elemento fundamental para lograr el desarrollo integral&hellip;","_links":{"self":[{"href":"https:\/\/femumex.org\/es\/wp-json\/wp\/v2\/pages\/299","targetHints":{"allow":["GET"]}}],"collection":[{"href":"https:\/\/femumex.org\/es\/wp-json\/wp\/v2\/pages"}],"about":[{"href":"https:\/\/femumex.org\/es\/wp-json\/wp\/v2\/types\/page"}],"author":[{"embeddable":true,"href":"https:\/\/femumex.org\/es\/wp-json\/wp\/v2\/users\/1"}],"replies":[{"embeddable":true,"href":"https:\/\/femumex.org\/es\/wp-json\/wp\/v2\/comments?post=299"}],"version-history":[{"count":2,"href":"https:\/\/femumex.org\/es\/wp-json\/wp\/v2\/pages\/299\/revisions"}],"predecessor-version":[{"id":302,"href":"https:\/\/femumex.org\/es\/wp-json\/wp\/v2\/pages\/299\/revisions\/302"}],"wp:attachment":[{"href":"https:\/\/femumex.org\/es\/wp-json\/wp\/v2\/media?parent=299"}],"wp:term":[{"taxonomy":"category","embeddable":true,"href":"https:\/\/femumex.org\/es\/wp-json\/wp\/v2\/categories?post=299"},{"taxonomy":"post_tag","embeddable":true,"href":"https:\/\/femumex.org\/es\/wp-json\/wp\/v2\/tags?post=299"}],"curies":[{"name":"wp","href":"https:\/\/api.w.org\/{rel}","templated":true}]}}