{"id":3,"date":"2023-10-23T04:41:42","date_gmt":"2023-10-23T04:41:42","guid":{"rendered":"https:\/\/femumex.org\/?page_id=3"},"modified":"2023-11-03T20:33:42","modified_gmt":"2023-11-04T02:33:42","slug":"privacidad","status":"publish","type":"page","link":"https:\/\/femumex.org\/es\/privacidad\/","title":{"rendered":"Aviso de privacidad"},"content":{"rendered":"\n<h2 class=\"wp-block-heading has-text-align-center\"><strong>Aviso de privacidad<\/strong><\/h2>\n\n\n\n<p><strong>Federaci\u00f3n Mexicana de Universitarias AC<\/strong> con domicilio en el edificio de Posgrado de Arquitectura, primera planta, Ciudad Universitaria, Coyoac\u00e1n, C.P. 04510, Ciudad de M\u00e9xico, CDMX, es el responsable del uso y protecci\u00f3n de sus datos personales, y al respecto le informamos lo siguiente:<\/p>\n\n\n\n<p>Los datos personales que recabamos de usted, los utilizaremos para las siguientes finalidades que son necesarias para el servicio que solicita:<\/p>\n\n\n\n<ul class=\"wp-block-list\">\n<li><em>Alta en base de datos para facturaci\u00f3n o remisi\u00f3n.<\/em><\/li>\n\n\n\n<li><em>Alta en cat\u00e1logo de proveedores y acreedores.<\/em><\/li>\n\n\n\n<li><em>Alta en base de datos bancaria.<\/em><\/li>\n\n\n\n<li><em>Alta en base de datos de afiliaci\u00f3n.<\/em><\/li>\n<\/ul>\n\n\n\n<p>De manera adicional, utilizaremos su informaci\u00f3n personal para las siguientes finalidades que&nbsp;<strong>no son necesarias<\/strong>&nbsp;para el servicio solicitado, pero que nos permiten y facilitan brindarle una mejor atenci\u00f3n:<\/p>\n\n\n\n<ul class=\"wp-block-list\">\n<li><em>Alta en base de datos para uso y distribuci\u00f3n del cat\u00e1logo de productos y servicios<\/em><\/li>\n<\/ul>\n\n\n\n<p>En caso de que no desee que sus datos personales sean tratados para estos fines adicionales, desde este momento usted nos puede comunicar lo anterior,\u00a0al correo <strong><em>femumexico@gmail.com<\/em><\/strong><\/p>\n\n\n\n<p>La negativa para el uso de sus datos personales para estas finalidades no podr\u00e1 ser un motivo para que le neguemos los servicios y productos que solicita o contrata con nosotros.<\/p>\n\n\n\n<p>Para llevar a cabo las finalidades descritas en el presente aviso de privacidad, utilizaremos los siguientes datos personales:&nbsp;<\/p>\n\n\n\n<ul class=\"wp-block-list\">\n<li><em>De identificaci\u00f3n: Nombre o Raz\u00f3n Social, Domicilio, RFC, Uso de CFDI, Correo Electr\u00f3nico, Fotograf\u00eda, Curriculum<\/em><\/li>\n\n\n\n<li><em>De Patrimonio: Cuantas o claves Interbancarias<\/em><\/li>\n\n\n\n<li><em>Otros: Tel\u00e9fono, WhatsApp, Dominio, Solicitudes de afiliaci\u00f3n, Cartas motivo<\/em><\/li>\n<\/ul>\n\n\n\n<p><br>Le informamos que sus datos personales son compartidos dentro del pa\u00eds con las siguientes personas, empresas, organizaciones y autoridades distintas a nosotros, para los siguientes fines:<\/p>\n\n\n\n<ul class=\"wp-block-list\">\n<li>&nbsp;&nbsp;&nbsp;<em>SAT \/ Facturaci\u00f3n y Actividad con Terceros<\/em><\/li>\n\n\n\n<li><em>&nbsp;&nbsp;&nbsp;Instituciones Bancarias \/ Alta y Movilidad Financiera<\/em><\/li>\n\n\n\n<li><em>&nbsp;&nbsp;&nbsp;Graduate Women International \/ Afiliaci\u00f3n<\/em><\/li>\n<\/ul>\n\n\n\n<p>De igual forma el sitio <strong><em>femumex.org<\/em><\/strong> puede incluir contenido incrustado (por ejemplo, v\u00eddeos, im\u00e1genes, art\u00edculos, etc.). El contenido incrustado de otras webs se comporta exactamente de la misma manera que si el visitante hubiera visitado la otra web.<\/p>\n\n\n\n<p>Estos sitios web pueden recopilar datos sobre ti, utilizar cookies, incrustar un seguimiento adicional de terceros, y supervisar tu interacci\u00f3n con ese contenido incrustado, incluido el seguimiento de tu interacci\u00f3n con el contenido incrustado si tienes una cuenta y est\u00e1s conectado a esa web.<\/p>\n\n\n\n<p>As\u00ed mismo el sitio web <strong><em>femumex.org<\/em><\/strong> recopila datos de anal\u00edtica, que incluyen;<\/p>\n\n\n\n<ul class=\"wp-block-list\">\n<li><em>P\u00e1gina visitada<\/em><\/li>\n\n\n\n<li><em>Tiempo promedio de visita<\/em><\/li>\n\n\n\n<li><em>Buscador utilizado<\/em><\/li>\n\n\n\n<li><em>IP de visitante<\/em><\/li>\n<\/ul>\n\n\n\n<p>Estos datos son recopilados por la instituci\u00f3n a trav\u00e9s de un complemento de an\u00e1lisis llamado koko analytics y son almacenados de forma local por un periodo de 12 meses, sin ning\u00fan prop\u00f3sito complementario al an\u00e1lisis de flujo de visitas del sitio.<\/p>\n\n\n\n<p>Usted tiene derecho a conocer qu\u00e9 datos personales tenemos de usted, para qu\u00e9 los utilizamos y las condiciones del uso que les damos (Acceso). Asimismo, es su derecho solicitar la correcci\u00f3n de su informaci\u00f3n personal en caso de que est\u00e9 desactualizada, sea inexacta o incompleta (Rectificaci\u00f3n); que la eliminemos de nuestros registros o bases de datos cuando considere que la misma no est\u00e1 siendo utilizada conforme a los principios, deberes y obligaciones previstas en la normativa (Cancelaci\u00f3n); as\u00ed como oponerse al uso de sus datos personales para fines espec\u00edficos (Oposici\u00f3n). Estos derechos se conocen como derechos ARCO.<\/p>\n\n\n\n<p>Para el ejercicio de cualquiera de los derechos ARCO, usted deber\u00e1 presentar la solicitud respectiva el correo <strong><em>femumexico@gmail.com<\/em><\/strong><\/p>\n\n\n\n<p>Para conocer el procedimiento y requisitos para el ejercicio de los derechos ARCO, usted podr\u00e1 ingresar a nuestro sitio de Internet <strong><em>femumex.org<\/em><\/strong> a la secci\u00f3n <strong><em>contacto<\/em><\/strong>, o bien ponerse en contacto al correo <strong><em>femumexico@gmail.com<\/em><\/strong><\/p>\n\n\n\n<p>Usted puede revocar el consentimiento que, en su caso, nos haya otorgado para el tratamiento de sus datos personales. Sin embargo, es importante que tenga en cuenta que no en todos los casos podremos atender su solicitud o concluir el uso de forma inmediata, ya que es posible que por alguna obligaci\u00f3n legal requiramos seguir tratando sus datos personales. Asimismo, usted deber\u00e1 considerar que, para ciertos fines, la revocaci\u00f3n de su consentimiento implicar\u00e1 que no le podamos seguir prestando el servicio que nos solicit\u00f3, o la conclusi\u00f3n de su relaci\u00f3n con nosotros.<\/p>\n\n\n\n<p>Para revocar su consentimiento deber\u00e1 presentar su solicitud en\u00a0el correo <strong><em>femumexico@gmail.com<\/em><\/strong><\/p>\n\n\n\n<p><br>Con objeto de que usted pueda limitar el uso y divulgaci\u00f3n de su informaci\u00f3n personal, le ofrecemos los siguientes medios:<\/p>\n\n\n\n<ul class=\"wp-block-list\">\n<li>Su inscripci\u00f3n en el Registro P\u00fablico para Evitar Publicidad, que est\u00e1 a cargo de la Procuradur\u00eda Federal del Consumidor, con la finalidad de que sus datos personales no sean utilizados para recibir publicidad o promociones de empresas de bienes o servicios. Para mayor informaci\u00f3n sobre este registro, usted puede consultar el portal de Internet de la PROFECO, o bien ponerse en contacto directo con \u00e9sta.<\/li>\n<\/ul>\n\n\n\n<p>El presente aviso de privacidad puede sufrir modificaciones, cambios o actualizaciones derivadas de nuevos requerimientos legales; de nuestras propias necesidades por los productos o servicios que ofrecemos; de nuestras pr\u00e1cticas de privacidad; de cambios en nuestro modelo de negocio, o por otras causas.<\/p>\n\n\n\n<p>Nos comprometemos a mantenerlo informado sobre los cambios que pueda sufrir el presente aviso de privacidad, a trav\u00e9s del correo <strong><em>femumexico@gmail.com<\/em><\/strong> y desde la p\u00e1gina web <strong><em>femumex.org\/privacidad<\/em><\/strong> <\/p>\n\n\n\n<p class=\"has-text-align-right\">\u00daltima actualizaci\u00f3n&nbsp;<strong>30\/10\/2023<\/strong><\/p>\n","protected":false},"excerpt":{"rendered":"<p>Aviso de privacidad Federaci\u00f3n Mexicana de Universitarias AC con domicilio en el edificio de Posgrado de Arquitectura, primera planta, Ciudad Universitaria, Coyoac\u00e1n, C.P. 04510, Ciudad de M\u00e9xico, CDMX, es el responsable del uso y protecci\u00f3n de sus datos personales, y al respecto le informamos lo siguiente: Los datos personales que recabamos de usted, los utilizaremos [&hellip;]<\/p>\n","protected":false},"author":1,"featured_media":0,"parent":0,"menu_order":0,"comment_status":"closed","ping_status":"open","template":"","meta":{"_uag_custom_page_level_css":"","site-sidebar-layout":"default","site-content-layout":"","ast-site-content-layout":"default","site-content-style":"default","site-sidebar-style":"default","ast-global-header-display":"","ast-banner-title-visibility":"","ast-main-header-display":"","ast-hfb-above-header-display":"","ast-hfb-below-header-display":"","ast-hfb-mobile-header-display":"","site-post-title":"","ast-breadcrumbs-content":"","ast-featured-img":"","footer-sml-layout":"","ast-disable-related-posts":"","theme-transparent-header-meta":"","adv-header-id-meta":"","stick-header-meta":"","header-above-stick-meta":"","header-main-stick-meta":"","header-below-stick-meta":"","astra-migrate-meta-layouts":"default","ast-page-background-enabled":"default","ast-page-background-meta":{"desktop":{"background-color":"var(--ast-global-color-4)","background-image":"","background-repeat":"repeat","background-position":"center center","background-size":"auto","background-attachment":"scroll","background-type":"","background-media":"","overlay-type":"","overlay-color":"","overlay-opacity":"","overlay-gradient":""},"tablet":{"background-color":"","background-image":"","background-repeat":"repeat","background-position":"center center","background-size":"auto","background-attachment":"scroll","background-type":"","background-media":"","overlay-type":"","overlay-color":"","overlay-opacity":"","overlay-gradient":""},"mobile":{"background-color":"","background-image":"","background-repeat":"repeat","background-position":"center center","background-size":"auto","background-attachment":"scroll","background-type":"","background-media":"","overlay-type":"","overlay-color":"","overlay-opacity":"","overlay-gradient":""}},"ast-content-background-meta":{"desktop":{"background-color":"var(--ast-global-color-5)","background-image":"","background-repeat":"repeat","background-position":"center center","background-size":"auto","background-attachment":"scroll","background-type":"","background-media":"","overlay-type":"","overlay-color":"","overlay-opacity":"","overlay-gradient":""},"tablet":{"background-color":"var(--ast-global-color-5)","background-image":"","background-repeat":"repeat","background-position":"center center","background-size":"auto","background-attachment":"scroll","background-type":"","background-media":"","overlay-type":"","overlay-color":"","overlay-opacity":"","overlay-gradient":""},"mobile":{"background-color":"var(--ast-global-color-5)","background-image":"","background-repeat":"repeat","background-position":"center center","background-size":"auto","background-attachment":"scroll","background-type":"","background-media":"","overlay-type":"","overlay-color":"","overlay-opacity":"","overlay-gradient":""}},"footnotes":""},"categories":[],"tags":[],"class_list":["post-3","page","type-page","status-publish","hentry"],"uagb_featured_image_src":{"full":false,"thumbnail":false,"medium":false,"medium_large":false,"large":false,"1536x1536":false,"2048x2048":false,"trp-custom-language-flag":false},"uagb_author_info":{"display_name":"Federacion Mexicana de Universitarias","author_link":"https:\/\/femumex.org\/es\/author\/mume\/"},"uagb_comment_info":0,"uagb_excerpt":"Aviso de privacidad Federaci\u00f3n Mexicana de Universitarias AC con domicilio en el edificio de Posgrado de Arquitectura, primera planta, Ciudad Universitaria, Coyoac\u00e1n, C.P. 04510, Ciudad de M\u00e9xico, CDMX, es el responsable del uso y protecci\u00f3n de sus datos personales, y al respecto le informamos lo siguiente: Los datos personales que recabamos de usted, los utilizaremos&hellip;","_links":{"self":[{"href":"https:\/\/femumex.org\/es\/wp-json\/wp\/v2\/pages\/3","targetHints":{"allow":["GET"]}}],"collection":[{"href":"https:\/\/femumex.org\/es\/wp-json\/wp\/v2\/pages"}],"about":[{"href":"https:\/\/femumex.org\/es\/wp-json\/wp\/v2\/types\/page"}],"author":[{"embeddable":true,"href":"https:\/\/femumex.org\/es\/wp-json\/wp\/v2\/users\/1"}],"replies":[{"embeddable":true,"href":"https:\/\/femumex.org\/es\/wp-json\/wp\/v2\/comments?post=3"}],"version-history":[{"count":8,"href":"https:\/\/femumex.org\/es\/wp-json\/wp\/v2\/pages\/3\/revisions"}],"predecessor-version":[{"id":962,"href":"https:\/\/femumex.org\/es\/wp-json\/wp\/v2\/pages\/3\/revisions\/962"}],"wp:attachment":[{"href":"https:\/\/femumex.org\/es\/wp-json\/wp\/v2\/media?parent=3"}],"wp:term":[{"taxonomy":"category","embeddable":true,"href":"https:\/\/femumex.org\/es\/wp-json\/wp\/v2\/categories?post=3"},{"taxonomy":"post_tag","embeddable":true,"href":"https:\/\/femumex.org\/es\/wp-json\/wp\/v2\/tags?post=3"}],"curies":[{"name":"wp","href":"https:\/\/api.w.org\/{rel}","templated":true}]}}