{"id":309,"date":"2023-10-24T23:58:32","date_gmt":"2023-10-25T05:58:32","guid":{"rendered":"https:\/\/femumex.org\/?page_id=309"},"modified":"2024-10-26T19:17:03","modified_gmt":"2024-10-27T01:17:03","slug":"historia","status":"publish","type":"page","link":"https:\/\/femumex.org\/es\/historia\/","title":{"rendered":"Historia"},"content":{"rendered":"\n<div style=\"height:10px\" aria-hidden=\"true\" class=\"wp-block-spacer\"><\/div>\n\n\n\n<h2 class=\"wp-block-heading has-text-align-center\">Historia<\/h2>\n\n\n\n<hr class=\"wp-block-separator has-text-color has-ast-global-color-1-color has-alpha-channel-opacity has-ast-global-color-1-background-color has-background is-style-wide\"\/>\n\n\n\n<div style=\"height:20px\" aria-hidden=\"true\" class=\"wp-block-spacer\"><\/div>\n\n\n\n<figure class=\"wp-block-image aligncenter size-full\"><img loading=\"lazy\" decoding=\"async\" width=\"930\" height=\"400\" src=\"https:\/\/femumex.org\/wp-content\/uploads\/2023\/10\/historia-1.jpg\" alt=\"\" class=\"wp-image-305\" srcset=\"https:\/\/femumex.org\/wp-content\/uploads\/2023\/10\/historia-1.jpg 930w, https:\/\/femumex.org\/wp-content\/uploads\/2023\/10\/historia-1-300x129.jpg 300w, https:\/\/femumex.org\/wp-content\/uploads\/2023\/10\/historia-1-900x387.jpg 900w, https:\/\/femumex.org\/wp-content\/uploads\/2023\/10\/historia-1-768x330.jpg 768w\" sizes=\"auto, (max-width: 930px) 100vw, 930px\" \/><\/figure>\n\n\n\n<p class=\"has-small-font-size\"><em>De izq. a der: Gilda Bautista, Glenda Hecksher, Margarita Almada, Marianne Haslegrave, Patricia Galeana, Louisse Croot, Mirella Feingold y Maria Elena Flores<\/em><\/p>\n\n\n\n<div class=\"wp-block-columns is-layout-flex wp-container-core-columns-is-layout-a5331a9e wp-block-columns-is-layout-flex\" style=\"padding-top:0;padding-right:0;padding-bottom:0;padding-left:0\">\n<div class=\"wp-block-column is-layout-flow wp-block-column-is-layout-flow\" style=\"flex-basis:60%\">\n<div style=\"height:40px\" aria-hidden=\"true\" class=\"wp-block-spacer\"><\/div>\n\n\n\n<figure class=\"wp-block-image size-full\"><img loading=\"lazy\" decoding=\"async\" width=\"700\" height=\"428\" src=\"https:\/\/femumex.org\/wp-content\/uploads\/2023\/10\/historia-2.jpg\" alt=\"\" class=\"wp-image-306\" srcset=\"https:\/\/femumex.org\/wp-content\/uploads\/2023\/10\/historia-2.jpg 700w, https:\/\/femumex.org\/wp-content\/uploads\/2023\/10\/historia-2-300x183.jpg 300w\" sizes=\"auto, (max-width: 700px) 100vw, 700px\" \/><\/figure>\n\n\n\n<p class=\"has-small-font-size\"><em>Griselda \u00c1lvarez y Patricia Galeana<\/em><\/p>\n<\/div>\n\n\n\n<div class=\"wp-block-column is-layout-flow wp-block-column-is-layout-flow\" style=\"flex-basis:40%\">\n<p>Patricia Galeana<\/p>\n\n\n\n<p>La m\u00e1s antigua organizaci\u00f3n de la sociedad civil dedicada a trabajar por el desarrollo de la mujer en el \u00e1mbito internacional, es la Federaci\u00f3n Internacional de Mujeres Universitarias. Surgi\u00f3 en Europa con fines pacifistas, en 1919, cuando el n\u00famero de universitarias en el mundo era muy reducido.<\/p>\n\n\n\n<p>Despu\u00e9s de la Segunda Guerra Mundial, las integrantes de la IFUW (por sus siglas en ingl\u00e9s) cobraron conciencia de que para que hubiera paz en el mundo, deb\u00eda existir primero paz en la casa, y \u00e9sta s\u00f3lo se lograr\u00eda con la equidad entre los g\u00e9neros y el respeto a los derechos de todos los miembros de la sociedad.<\/p>\n<\/div>\n<\/div>\n\n\n\n<p>Gracias a haber tenido acceso a la educaci\u00f3n superior, las universitarias pudieron dar forma a un organismo internacional que cuenta actualmente con socias en 69 pa\u00edses de todos los continentes. Su sede se encuentra en Ginebra, y desde 1924, cuenta con un Programa de Becas de Investigaci\u00f3n para promover a las mujeres tituladas a que ocupen cargos de toma de decisiones.<\/p>\n\n\n\n<p>Por su trabajo en pro de los derechos humanos de la mujer IFUW ha sido reconocida como \u00f3rgano consultivo de Naciones Unidas.<\/p>\n\n\n\n<p>En 1929, las universitarias mexicanas de la Facultad de Filosof\u00eda y Letras de la UNAM constituyeron una asociaci\u00f3n y se unieron a IFUW. Destacan de aquellos a\u00f1os, las personalidades de Eulalia Guzm\u00e1n, Amalia Castillo Led\u00f3n y Rosario Castellanos. Con el tiempo, al desaparecer sus fundadoras la asociaci\u00f3n mexicana perdi\u00f3 su membresia ante IFUW y fue desintegr\u00e1ndose.<\/p>\n\n\n\n<p>Recientemente, IFUW ha cambiado su nombre a Graduate Women International con la finalidad de ampliar su alcance con otras organizaciones.<\/p>\n\n\n\n<div class=\"wp-block-columns is-layout-flex wp-container-core-columns-is-layout-a5331a9e wp-block-columns-is-layout-flex\" style=\"padding-top:0;padding-right:0;padding-bottom:0;padding-left:0\">\n<div class=\"wp-block-column is-layout-flow wp-block-column-is-layout-flow\" style=\"flex-basis:60%\">\n<div style=\"height:60px\" aria-hidden=\"true\" class=\"wp-block-spacer\"><\/div>\n\n\n\n<figure class=\"wp-block-image size-full\"><img loading=\"lazy\" decoding=\"async\" width=\"700\" height=\"388\" src=\"https:\/\/femumex.org\/wp-content\/uploads\/2023\/10\/historia-3.jpg\" alt=\"\" class=\"wp-image-307\" srcset=\"https:\/\/femumex.org\/wp-content\/uploads\/2023\/10\/historia-3.jpg 700w, https:\/\/femumex.org\/wp-content\/uploads\/2023\/10\/historia-3-300x166.jpg 300w\" sizes=\"auto, (max-width: 700px) 100vw, 700px\" \/><\/figure>\n\n\n\n<p class=\"has-small-font-size\"><em>Elisa Garc\u00eda Barrag\u00e1n y Clementina D\u00edaz y de Ovando<\/em><\/p>\n<\/div>\n\n\n\n<div class=\"wp-block-column is-layout-flow wp-block-column-is-layout-flow\" style=\"flex-basis:40%\">\n<p>En 1990, 33 universitarias, directoras de diversas facultades, institutos y centros de la UNAM, decidieron darle nueva vida a la organizaci\u00f3n, y refundaron a la Federaci\u00f3n Mexicana de Universitarias (FEMU), que recuper\u00f3 el sitio perdido en la organizaci\u00f3n internacional.<\/p>\n\n\n\n<p>Hoy FEMU es una red nacional compuesta por asociaciones de acad\u00e9micas de las diferentes \u00e1reas del conocimiento, as\u00ed como de todas las entidades de la Rep\u00fablica Mexicana, mayoritariamente de las Universidades p\u00fablicas; as\u00ed como por miembros individuales, que son acad\u00e9micas en activo. Sus estatutos establecen el car\u00e1cter plural y apartidista de la organizaci\u00f3n. Como parte de GWI, FEMU propicia el intercambio acad\u00e9mico de todas sus integrantes.<\/p>\n<\/div>\n<\/div>\n\n\n\n<p>Entre los logros alcanzados por FEMU cabe destacar, por mencionar s\u00f3lo algunos: haber impulsado la creaci\u00f3n del Programa de atenci\u00f3n a los derechos de la Mujer de la Comisi\u00f3n Nacional de Derechos Humanos (CNDH); incorpor\u00e1ndose al Consejo de la CNDH sus dos presidentas honorarias vitalicias la Doctora Clementina D\u00edaz y de Ovando y la Maestra Griselda \u00c1lvarez Ponce de Le\u00f3n; haber participado en la elaboraci\u00f3n de la cartilla de derechos de la mujer de la misma comisi\u00f3n; haber logrado que el CONACYT quitara el l\u00edmite de edad de 35 a\u00f1os a las universitarias para la obtenci\u00f3n de becas de posgrado; incorpor\u00e1ndose a su Consejo miembros de FEMU; haber influido en que se otorgaran a las mujeres los mismos derechos a la seguridad social que a sus parejas; haber promovido la creaci\u00f3n de refugios para mujeres maltratadas, como el de Tlalnepantla, Estado de M\u00e9xico, bajo el cuidado de las acad\u00e9micas de la Escuela Nacional de Estudios Profesionales de Iztacala de la UNAM y apoyado por el municipio de Tlalnepantla; que el albergue para la atenci\u00f3n de ni\u00f1os y ni\u00f1as v\u00edctimas de la violencia familiar, creado por la Asociaci\u00f3n de Universitarias de Sinaloa; haya creado otro centro de atenci\u00f3n a v\u00edctimas de Fortaleza, A.C. en la ciudad de M\u00e9xico. Asimismo, en materia jur\u00eddica pugnamos por la tipificaci\u00f3n de la violencia intrafamiliar como delito en todos los estados de la Rep\u00fablica.<\/p>\n\n\n\n<p>Son miembros de FEMU, exgobernadoras, la \u00fanica ministra de la Suprema Corte de Justicia de la Naci\u00f3n, maestras em\u00e9ritas de la UNAM, miembros de su Junta de Gobierno, magistradas, rectoras y directoras de escuelas, facultades e instituciones universitarias, maestras, investigadoras y difusoras de la cultura, funcionarias p\u00fablicas y profesionistas destacadas que trabajan por el desarrollo de la mujer mexicana.<\/p>\n\n\n\n<div class=\"wp-block-columns is-layout-flex wp-container-core-columns-is-layout-a5331a9e wp-block-columns-is-layout-flex\" style=\"padding-top:0;padding-right:0;padding-bottom:0;padding-left:0\">\n<div class=\"wp-block-column is-layout-flow wp-block-column-is-layout-flow\" style=\"flex-basis:60%\">\n<div style=\"height:50px\" aria-hidden=\"true\" class=\"wp-block-spacer\"><\/div>\n\n\n\n<figure class=\"wp-block-image size-full\"><img loading=\"lazy\" decoding=\"async\" width=\"700\" height=\"436\" src=\"https:\/\/femumex.org\/wp-content\/uploads\/2023\/10\/historia-4.jpg\" alt=\"\" class=\"wp-image-308\" srcset=\"https:\/\/femumex.org\/wp-content\/uploads\/2023\/10\/historia-4.jpg 700w, https:\/\/femumex.org\/wp-content\/uploads\/2023\/10\/historia-4-300x187.jpg 300w\" sizes=\"auto, (max-width: 700px) 100vw, 700px\" \/><\/figure>\n<\/div>\n\n\n\n<div class=\"wp-block-column is-layout-flow wp-block-column-is-layout-flow\" style=\"flex-basis:40%\">\n<p>FEMU tiene como objetivo esencial promover una cultura para la paz; de respeto a los derechos humanos de todas y todos los miembros de la comunidad nacional; prevenir la violencia; promover una mentalidad que supere toda discriminaci\u00f3n; superar atavismos patriarcales androcentristas; valorar las contribuciones de la mujer a la vida nacional; trabajar por el desarrollo de la poblaci\u00f3n femenina mediante actividades educativas y culturales; lograr el reconocimiento del trabajo femenino; difundir una imagen constructiva de la mujer a trav\u00e9s de los medios de comunicaci\u00f3n. FEMU representa a sus miembros ante las autoridades federales y estatales, universitarias, y ante organismos o instituciones nacionales e internacionales, para el logro de las metas se\u00f1aladas.<\/p>\n<\/div>\n<\/div>\n\n\n\n<p>Se han organizado en forma permanente, congresos, seminarios, simposios estatales, nacionales, latinoamericanos e internacionales, en los que se ha ido profundizando en el diagn\u00f3stico de la condici\u00f3n de las mujeres. Las conclusiones y propuestas obtenidas han sido presentadas a las autoridades correspondientes, para influir en la toma de decisiones que afectan a la poblaci\u00f3n femenina. FEMU cuenta con una amplia bibliograf\u00eda producto de su trabajo:<\/p>\n\n\n\n<ul class=\"wp-block-list\">\n<li>I. La participaci\u00f3n de la mujer en la vida nacional, 1989.<\/li>\n\n\n\n<li>II. Antolog\u00eda de mujeres universitarias, 1990.<\/li>\n\n\n\n<li>III. Universitarias latinoamericanas. Liderazgo y desarrollo, 1990.<\/li>\n\n\n\n<li>IV. La condici\u00f3n de la mujer colimense, 1992.<\/li>\n\n\n\n<li>V. La condici\u00f3n de la mujer mexicana. Tomo I, 1992<\/li>\n\n\n\n<li>VI. La condici\u00f3n de la mujer mexicana. Tomo II, 1993<\/li>\n\n\n\n<li>VII. La situaci\u00f3n de la mujer en Nuevo Le\u00f3n, 1993.<\/li>\n\n\n\n<li>VIII. Presente y prospectiva de la mujer en Guanajuato, 1994<\/li>\n\n\n\n<li>IX. La condici\u00f3n de la mujer en Jalisco, 1994.<\/li>\n\n\n\n<li>X. La mujer del M\u00e9xico de la transici\u00f3n, 1994<\/li>\n\n\n\n<li>XI. Los derechos de las ni\u00f1as, 1995.<\/li>\n\n\n\n<li>XII. Informe de las Instituciones Gubernamentales dedicadas a la mujer, 1996.<\/li>\n\n\n\n<li>XIII. La condici\u00f3n de la mujer ind\u00edgena y sus derechos fundamentales, 1997.<\/li>\n\n\n\n<li>XIV. Mujer y Constituci\u00f3n, 1998.<\/li>\n\n\n\n<li>XV. La verdadera historia de la ciudadan\u00eda de las mujeres. A cincuenta a\u00f1os del reconocimiento del Derecho a votar, 2003.<\/li>\n\n\n\n<li>XVI. Derechos humanos de las mujeres en M\u00e9xico, 2004.<\/li>\n\n\n\n<li>XVII. Medio siglo de derechos pol\u00edticos de las mujeres en M\u00e9xico, 2008.<\/li>\n\n\n\n<li>XVIII. La mujer como agente de cambio para el humanismo y la paz, 2007.<\/li>\n\n\n\n<li>XIX. La migraci\u00f3n M\u00e9xico-Estados Unidos y su feminizaci\u00f3n, 2008.<\/li>\n\n\n\n<li>XX. La historia de las mujeres en M\u00e9xico, 2010.<\/li>\n\n\n\n<li>XXI. Los Derechos Reproductivos de las mujeres en M\u00e9xico, 2010.<\/li>\n\n\n\n<li>XXII. Historia comparada de las mujeres en las Am\u00e9ricas, 2012.<\/li>\n\n\n\n<li>XXIII. El Museo de la Mujer, 2012.<\/li>\n\n\n\n<li>XXIV. Rompiendo el techo de cristal: las mujeres en la ciencia, en la educaci\u00f3n y en la independencia financiera, 2013.<\/li>\n\n\n\n<li>XXV. Por una cultura de paz: c\u00f3mo suprimir la violencia contra las mujeres, 2016.<\/li>\n\n\n\n<li>XXVI. Por la descriminalizaci\u00f3n de las mujeres en M\u00e9xico, 2017.<\/li>\n\n\n\n<li>XXVII. Atr\u00e9vete a cambiar: a una cultura de igualdad sustantiva, 2018.<\/li>\n\n\n\n<li>XXVIII. Empoderamiento de ni\u00f1as y mujeres a trav\u00e9s de la educaci\u00f3n, 2022.<\/li>\n\n\n\n<li>XXIX. El impacto de la pandemia en la vida de las mujeres, 2023.<\/li>\n\n\n\n<li>XXX. La trata en tiempos de pandemia. Migraci\u00f3n Sur-Norte, 2023.<\/li>\n\n\n\n<li>XXXI. El Estado y la sociedad frente a los cuidados, 2024.<\/li>\n\n\n\n<li>XXXII. La violencia contra la mujer y la agenda feminista 2030, 2024.<\/li>\n<\/ul>\n\n\n\n<p>Herbert Marcuse escribi\u00f3 que la m\u00e1s grande revoluci\u00f3n del siglo XX era la revoluci\u00f3n de las mujeres y que \u00e9sta era irreversible. Sin embargo, debemos estar conscientes de que en los procesos hist\u00f3ricos nada es para siempre y que las cosas no son sino van siendo, se hacen d\u00eda a d\u00eda, por ello debemos trabajar permanentemente para consolidar los logros alcanzados y avanzar hacia una sociedad m\u00e1s igualitaria, donde impere la paz y el respeto de todas y todos, en el plebiscito de todos los d\u00edas.<\/p>\n\n\n\n<p>As\u00ed como el socialista ut\u00f3pico del siglo XVIII Carlos Faurier, declar\u00f3 que la mejor manera de saber el grado de civilizaci\u00f3n que hab\u00eda alcanzado un hombre era la relaci\u00f3n con su pareja; el filosofo de la Paz, Norberto Bobbio, en este cambio de siglo se\u00f1ala, que el mejor term\u00f3metro para medir el grado de desarrollo de un pueblo es ver la situaci\u00f3n de sus mujeres.<\/p>\n\n\n\n<p>Queremos, como quer\u00eda el poeta Octavio Paz, un hombre sol despose\u00eddo de su autoritarismo y una mujer luna liberada de su Esclavitud. Aspiramos a una verdadera democracia que es una forma de vida con el reparto equitativo del poder y de la riqueza, ciertamente es una utop\u00eda, pero son las utop\u00edas las que mueven al mundo, empe\u00f1emos nuestro esfuerzo para alcanzarlo.<\/p>\n\n\n\n<div style=\"height:30px\" aria-hidden=\"true\" class=\"wp-block-spacer\"><\/div>\n","protected":false},"excerpt":{"rendered":"<p>Historia De izq. a der: Gilda Bautista, Glenda Hecksher, Margarita Almada, Marianne Haslegrave, Patricia Galeana, Louisse Croot, Mirella Feingold y Maria Elena Flores Griselda \u00c1lvarez y Patricia Galeana Patricia Galeana La m\u00e1s antigua organizaci\u00f3n de la sociedad civil dedicada a trabajar por el desarrollo de la mujer en el \u00e1mbito internacional, es la Federaci\u00f3n Internacional [&hellip;]<\/p>\n","protected":false},"author":1,"featured_media":0,"parent":0,"menu_order":0,"comment_status":"closed","ping_status":"closed","template":"","meta":{"_uag_custom_page_level_css":"","site-sidebar-layout":"default","site-content-layout":"","ast-site-content-layout":"default","site-content-style":"default","site-sidebar-style":"default","ast-global-header-display":"","ast-banner-title-visibility":"","ast-main-header-display":"","ast-hfb-above-header-display":"","ast-hfb-below-header-display":"","ast-hfb-mobile-header-display":"","site-post-title":"","ast-breadcrumbs-content":"","ast-featured-img":"","footer-sml-layout":"","ast-disable-related-posts":"","theme-transparent-header-meta":"","adv-header-id-meta":"","stick-header-meta":"","header-above-stick-meta":"","header-main-stick-meta":"","header-below-stick-meta":"","astra-migrate-meta-layouts":"default","ast-page-background-enabled":"default","ast-page-background-meta":{"desktop":{"background-color":"var(--ast-global-color-4)","background-image":"","background-repeat":"repeat","background-position":"center center","background-size":"auto","background-attachment":"scroll","background-type":"","background-media":"","overlay-type":"","overlay-color":"","overlay-opacity":"","overlay-gradient":""},"tablet":{"background-color":"","background-image":"","background-repeat":"repeat","background-position":"center center","background-size":"auto","background-attachment":"scroll","background-type":"","background-media":"","overlay-type":"","overlay-color":"","overlay-opacity":"","overlay-gradient":""},"mobile":{"background-color":"","background-image":"","background-repeat":"repeat","background-position":"center center","background-size":"auto","background-attachment":"scroll","background-type":"","background-media":"","overlay-type":"","overlay-color":"","overlay-opacity":"","overlay-gradient":""}},"ast-content-background-meta":{"desktop":{"background-color":"var(--ast-global-color-5)","background-image":"","background-repeat":"repeat","background-position":"center center","background-size":"auto","background-attachment":"scroll","background-type":"","background-media":"","overlay-type":"","overlay-color":"","overlay-opacity":"","overlay-gradient":""},"tablet":{"background-color":"var(--ast-global-color-5)","background-image":"","background-repeat":"repeat","background-position":"center center","background-size":"auto","background-attachment":"scroll","background-type":"","background-media":"","overlay-type":"","overlay-color":"","overlay-opacity":"","overlay-gradient":""},"mobile":{"background-color":"var(--ast-global-color-5)","background-image":"","background-repeat":"repeat","background-position":"center center","background-size":"auto","background-attachment":"scroll","background-type":"","background-media":"","overlay-type":"","overlay-color":"","overlay-opacity":"","overlay-gradient":""}},"footnotes":""},"categories":[],"tags":[],"class_list":["post-309","page","type-page","status-publish","hentry"],"uagb_featured_image_src":{"full":false,"thumbnail":false,"medium":false,"medium_large":false,"large":false,"1536x1536":false,"2048x2048":false,"trp-custom-language-flag":false},"uagb_author_info":{"display_name":"Federacion Mexicana de Universitarias","author_link":"https:\/\/femumex.org\/es\/author\/mume\/"},"uagb_comment_info":0,"uagb_excerpt":"Historia De izq. a der: Gilda Bautista, Glenda Hecksher, Margarita Almada, Marianne Haslegrave, Patricia Galeana, Louisse Croot, Mirella Feingold y Maria Elena Flores Griselda \u00c1lvarez y Patricia Galeana Patricia Galeana La m\u00e1s antigua organizaci\u00f3n de la sociedad civil dedicada a trabajar por el desarrollo de la mujer en el \u00e1mbito internacional, es la Federaci\u00f3n Internacional&hellip;","_links":{"self":[{"href":"https:\/\/femumex.org\/es\/wp-json\/wp\/v2\/pages\/309","targetHints":{"allow":["GET"]}}],"collection":[{"href":"https:\/\/femumex.org\/es\/wp-json\/wp\/v2\/pages"}],"about":[{"href":"https:\/\/femumex.org\/es\/wp-json\/wp\/v2\/types\/page"}],"author":[{"embeddable":true,"href":"https:\/\/femumex.org\/es\/wp-json\/wp\/v2\/users\/1"}],"replies":[{"embeddable":true,"href":"https:\/\/femumex.org\/es\/wp-json\/wp\/v2\/comments?post=309"}],"version-history":[{"count":22,"href":"https:\/\/femumex.org\/es\/wp-json\/wp\/v2\/pages\/309\/revisions"}],"predecessor-version":[{"id":1181,"href":"https:\/\/femumex.org\/es\/wp-json\/wp\/v2\/pages\/309\/revisions\/1181"}],"wp:attachment":[{"href":"https:\/\/femumex.org\/es\/wp-json\/wp\/v2\/media?parent=309"}],"wp:term":[{"taxonomy":"category","embeddable":true,"href":"https:\/\/femumex.org\/es\/wp-json\/wp\/v2\/categories?post=309"},{"taxonomy":"post_tag","embeddable":true,"href":"https:\/\/femumex.org\/es\/wp-json\/wp\/v2\/tags?post=309"}],"curies":[{"name":"wp","href":"https:\/\/api.w.org\/{rel}","templated":true}]}}