{"id":332,"date":"2023-10-25T00:03:27","date_gmt":"2023-10-25T06:03:27","guid":{"rendered":"https:\/\/femumex.org\/?page_id=332"},"modified":"2023-10-25T00:03:27","modified_gmt":"2023-10-25T06:03:27","slug":"derechos-obligaciones","status":"publish","type":"page","link":"https:\/\/femumex.org\/es\/derechos-obligaciones\/","title":{"rendered":"Derechos y obligaciones"},"content":{"rendered":"\n<div style=\"height:10px\" aria-hidden=\"true\" class=\"wp-block-spacer\"><\/div>\n\n\n\n<h2 class=\"wp-block-heading has-text-align-center\">Derechos y obligaciones<\/h2>\n\n\n\n<hr class=\"wp-block-separator has-text-color has-ast-global-color-1-color has-alpha-channel-opacity has-ast-global-color-1-background-color has-background is-style-wide\"\/>\n\n\n\n<div style=\"height:20px\" aria-hidden=\"true\" class=\"wp-block-spacer\"><\/div>\n\n\n\n<p class=\"has-ast-global-color-0-color has-text-color\"><strong>Federaci\u00f3n Mexicana de Universitarias A.C. (FEMU)<\/strong><\/p>\n\n\n\n<p><strong>Derechos y obligaciones de las socias<\/strong><\/p>\n\n\n\n<p><strong>Art\u00edculo 9.<\/strong>&nbsp;Son derechos de las asociadas activas:<\/p>\n\n\n\n<ol class=\"wp-block-list\">\n<li>Asistir a las Asambleas de la FEMU.<\/li>\n\n\n\n<li>Tener voz y voto en las Asambleas Generales.<\/li>\n<\/ol>\n\n\n\n<ul class=\"wp-block-list\">\n<li>Recibir informaci\u00f3n clara y veraz relativa a los acuerdos o resoluciones que se tomen en las Asambleas para lograr cumplir con las finalidades y objetivos de la FEMU.<\/li>\n<\/ul>\n\n\n\n<ol class=\"wp-block-list\">\n<li>Recibir la informaci\u00f3n y publicaciones de la FEMU.<\/li>\n\n\n\n<li>Requerir y recibir los servicios que la FEMU imparta.<\/li>\n\n\n\n<li>Participar en todos los beneficios que la FEMU obtenga para sus integrantes.<\/li>\n<\/ol>\n\n\n\n<ul class=\"wp-block-list\">\n<li>Separarse de la \u201cFEMU\u201d sin necesidad de expresar la causa que tenga para ello, dando aviso con dos meses de anticipaci\u00f3n; no obstante, su separaci\u00f3n deber\u00e1 cubrir las cuotas que adeude.<\/li>\n<\/ul>\n\n\n\n<p><strong>Art\u00edculo 10.<\/strong>&nbsp;Son obligaciones de las asociadas activas:<\/p>\n\n\n\n<ol class=\"wp-block-list\">\n<li>Asistir a las Asambleas ordinarias y extraordinarias que sean convocadas por la Mesa Directiva.<\/li>\n\n\n\n<li>Cooperar y participar en las actividades para cumplir con los objetivos de la FEMU.<\/li>\n<\/ol>\n\n\n\n<ul class=\"wp-block-list\">\n<li>Desempe\u00f1ar leal y honestamente las comisiones designadas por la Asamblea General o la Mesa Directiva.<\/li>\n<\/ul>\n\n\n\n<ol class=\"wp-block-list\">\n<li>Pagar puntualmente las cuotas ordinarias para el sostenimiento de la FEMU, as\u00ed como las extraordinarias que sean aprobadas por la Asamblea General;<\/li>\n\n\n\n<li>Promover el fortalecimiento de la FEMU con nuevas integrantes de la FEMU.<\/li>\n\n\n\n<li>Colaborar con las actividades acad\u00e9micas y culturales, que se realizan en el Museo de la Mujer.<\/li>\n<\/ol>\n\n\n\n<ul class=\"wp-block-list\">\n<li>Difundir las actividades que realiza la FEMU entre la comunidad universitaria y en general con la sociedad.<\/li>\n\n\n\n<li>Proporcionar a la Asamblea General o a la Mesa Directiva los informes que \u00e9sta solicite, sobre asuntos de inter\u00e9s com\u00fan.<\/li>\n<\/ul>\n\n\n\n<ol class=\"wp-block-list\">\n<li>En general, cumplir por los medios a su alcance las resoluciones de la Asambleas General, as\u00ed como las de que de acuerdo a su competencia determine la Mesa Directiva.<\/li>\n<\/ol>\n\n\n\n<p><strong>Art\u00edculo 11.<\/strong>&nbsp;Las asociadas de la FEMU no podr\u00e1n usar el nombre de la misma, ni ostentar su representaci\u00f3n cuando no exista autorizaci\u00f3n de la Mesa Directiva o el Consejo de Honor.<\/p>\n\n\n\n<p><strong>Art\u00edculo 12.<\/strong>&nbsp;Las asociadas participaran en todas las actividades de la \u201cFEMU\u201d, procurando siempre la unidad e integraci\u00f3n de las integrantes.<\/p>\n\n\n\n<p><strong>Art\u00edculo 49.<\/strong>&nbsp;Son causas de exclusi\u00f3n las siguientes:<\/p>\n\n\n\n<ol class=\"wp-block-list\">\n<li>a. Faltar reiteradamente a sus obligaciones con la FEMU. b. No cumplir en forma continua con los reglamentos, los Estatutos o acuerdos de la Asamblea General. c. No cubrir la cuota correspondiente durante un periodo superior a un a\u00f1o y d. En los casos anteriores se requerir\u00e1 la sanci\u00f3n previa del Consejo de Honor.<\/li>\n<\/ol>\n\n\n\n<div style=\"height:30px\" aria-hidden=\"true\" class=\"wp-block-spacer\"><\/div>\n","protected":false},"excerpt":{"rendered":"<p>Derechos y obligaciones Federaci\u00f3n Mexicana de Universitarias A.C. (FEMU) Derechos y obligaciones de las socias Art\u00edculo 9.&nbsp;Son derechos de las asociadas activas: Art\u00edculo 10.&nbsp;Son obligaciones de las asociadas activas: Art\u00edculo 11.&nbsp;Las asociadas de la FEMU no podr\u00e1n usar el nombre de la misma, ni ostentar su representaci\u00f3n cuando no exista autorizaci\u00f3n de la Mesa Directiva [&hellip;]<\/p>\n","protected":false},"author":1,"featured_media":0,"parent":0,"menu_order":0,"comment_status":"closed","ping_status":"closed","template":"","meta":{"_uag_custom_page_level_css":"","site-sidebar-layout":"default","site-content-layout":"","ast-site-content-layout":"default","site-content-style":"default","site-sidebar-style":"default","ast-global-header-display":"","ast-banner-title-visibility":"","ast-main-header-display":"","ast-hfb-above-header-display":"","ast-hfb-below-header-display":"","ast-hfb-mobile-header-display":"","site-post-title":"","ast-breadcrumbs-content":"","ast-featured-img":"","footer-sml-layout":"","ast-disable-related-posts":"","theme-transparent-header-meta":"","adv-header-id-meta":"","stick-header-meta":"","header-above-stick-meta":"","header-main-stick-meta":"","header-below-stick-meta":"","astra-migrate-meta-layouts":"default","ast-page-background-enabled":"default","ast-page-background-meta":{"desktop":{"background-color":"var(--ast-global-color-4)","background-image":"","background-repeat":"repeat","background-position":"center center","background-size":"auto","background-attachment":"scroll","background-type":"","background-media":"","overlay-type":"","overlay-color":"","overlay-opacity":"","overlay-gradient":""},"tablet":{"background-color":"","background-image":"","background-repeat":"repeat","background-position":"center center","background-size":"auto","background-attachment":"scroll","background-type":"","background-media":"","overlay-type":"","overlay-color":"","overlay-opacity":"","overlay-gradient":""},"mobile":{"background-color":"","background-image":"","background-repeat":"repeat","background-position":"center center","background-size":"auto","background-attachment":"scroll","background-type":"","background-media":"","overlay-type":"","overlay-color":"","overlay-opacity":"","overlay-gradient":""}},"ast-content-background-meta":{"desktop":{"background-color":"var(--ast-global-color-5)","background-image":"","background-repeat":"repeat","background-position":"center center","background-size":"auto","background-attachment":"scroll","background-type":"","background-media":"","overlay-type":"","overlay-color":"","overlay-opacity":"","overlay-gradient":""},"tablet":{"background-color":"var(--ast-global-color-5)","background-image":"","background-repeat":"repeat","background-position":"center center","background-size":"auto","background-attachment":"scroll","background-type":"","background-media":"","overlay-type":"","overlay-color":"","overlay-opacity":"","overlay-gradient":""},"mobile":{"background-color":"var(--ast-global-color-5)","background-image":"","background-repeat":"repeat","background-position":"center center","background-size":"auto","background-attachment":"scroll","background-type":"","background-media":"","overlay-type":"","overlay-color":"","overlay-opacity":"","overlay-gradient":""}},"footnotes":""},"categories":[],"tags":[],"class_list":["post-332","page","type-page","status-publish","hentry"],"uagb_featured_image_src":{"full":false,"thumbnail":false,"medium":false,"medium_large":false,"large":false,"1536x1536":false,"2048x2048":false,"trp-custom-language-flag":false},"uagb_author_info":{"display_name":"Federacion Mexicana de Universitarias","author_link":"https:\/\/femumex.org\/es\/author\/mume\/"},"uagb_comment_info":0,"uagb_excerpt":"Derechos y obligaciones Federaci\u00f3n Mexicana de Universitarias A.C. (FEMU) Derechos y obligaciones de las socias Art\u00edculo 9.&nbsp;Son derechos de las asociadas activas: Art\u00edculo 10.&nbsp;Son obligaciones de las asociadas activas: Art\u00edculo 11.&nbsp;Las asociadas de la FEMU no podr\u00e1n usar el nombre de la misma, ni ostentar su representaci\u00f3n cuando no exista autorizaci\u00f3n de la Mesa Directiva&hellip;","_links":{"self":[{"href":"https:\/\/femumex.org\/es\/wp-json\/wp\/v2\/pages\/332","targetHints":{"allow":["GET"]}}],"collection":[{"href":"https:\/\/femumex.org\/es\/wp-json\/wp\/v2\/pages"}],"about":[{"href":"https:\/\/femumex.org\/es\/wp-json\/wp\/v2\/types\/page"}],"author":[{"embeddable":true,"href":"https:\/\/femumex.org\/es\/wp-json\/wp\/v2\/users\/1"}],"replies":[{"embeddable":true,"href":"https:\/\/femumex.org\/es\/wp-json\/wp\/v2\/comments?post=332"}],"version-history":[{"count":2,"href":"https:\/\/femumex.org\/es\/wp-json\/wp\/v2\/pages\/332\/revisions"}],"predecessor-version":[{"id":334,"href":"https:\/\/femumex.org\/es\/wp-json\/wp\/v2\/pages\/332\/revisions\/334"}],"wp:attachment":[{"href":"https:\/\/femumex.org\/es\/wp-json\/wp\/v2\/media?parent=332"}],"wp:term":[{"taxonomy":"category","embeddable":true,"href":"https:\/\/femumex.org\/es\/wp-json\/wp\/v2\/categories?post=332"},{"taxonomy":"post_tag","embeddable":true,"href":"https:\/\/femumex.org\/es\/wp-json\/wp\/v2\/tags?post=332"}],"curies":[{"name":"wp","href":"https:\/\/api.w.org\/{rel}","templated":true}]}}