{"id":362,"date":"2023-10-25T00:29:45","date_gmt":"2023-10-25T06:29:45","guid":{"rendered":"https:\/\/femumex.org\/?page_id=362"},"modified":"2024-10-20T20:24:30","modified_gmt":"2024-10-21T02:24:30","slug":"consejo-honor","status":"publish","type":"page","link":"https:\/\/femumex.org\/es\/consejo-honor\/","title":{"rendered":"Consejo de honor"},"content":{"rendered":"\n<div style=\"height:10px\" aria-hidden=\"true\" class=\"wp-block-spacer\"><\/div>\n\n\n\n<h2 class=\"wp-block-heading has-text-align-center\">Consejo de honor<\/h2>\n\n\n\n<hr class=\"wp-block-separator has-text-color has-ast-global-color-1-color has-alpha-channel-opacity has-ast-global-color-1-background-color has-background is-style-wide\"\/>\n\n\n\n<div style=\"height:20px\" aria-hidden=\"true\" class=\"wp-block-spacer\"><\/div>\n\n\n\n<div class=\"wp-block-columns is-layout-flex wp-container-core-columns-is-layout-d4010286 wp-block-columns-is-layout-flex\" style=\"padding-top:var(--wp--preset--spacing--40);padding-right:0;padding-bottom:var(--wp--preset--spacing--40);padding-left:0\">\n<div class=\"wp-block-column is-layout-flow wp-block-column-is-layout-flow\"><\/div>\n\n\n\n<div class=\"wp-block-column is-layout-flow wp-block-column-is-layout-flow\">\n<figure class=\"wp-block-image aligncenter size-thumbnail has-custom-border is-style-rounded\"><img loading=\"lazy\" decoding=\"async\" width=\"150\" height=\"150\" src=\"https:\/\/femumex.org\/wp-content\/uploads\/2023\/10\/consejo-PonceDeLeonGriselda-150x150.png\" alt=\"\" class=\"has-border-color has-ast-global-color-1-border-color wp-image-359\" style=\"border-width:5px\" srcset=\"https:\/\/femumex.org\/wp-content\/uploads\/2023\/10\/consejo-PonceDeLeonGriselda-150x150.png 150w, https:\/\/femumex.org\/wp-content\/uploads\/2023\/10\/consejo-PonceDeLeonGriselda-300x300.png 300w, https:\/\/femumex.org\/wp-content\/uploads\/2023\/10\/consejo-PonceDeLeonGriselda.png 600w\" sizes=\"auto, (max-width: 150px) 100vw, 150px\" \/><\/figure>\n\n\n\n<h5 class=\"wp-block-heading has-text-align-center\">\u2020 Griselda \u00c1lvarez Ponce de Le\u00f3n<\/h5>\n\n\n\n<h6 class=\"wp-block-heading has-text-align-center has-ast-global-color-1-color has-text-color\"><em>Presidenta Honoraria Vitalicia<\/em><\/h6>\n<\/div>\n\n\n\n<div class=\"wp-block-column is-layout-flow wp-block-column-is-layout-flow\"><\/div>\n<\/div>\n\n\n\n<div class=\"wp-block-columns is-layout-flex wp-container-core-columns-is-layout-d4010286 wp-block-columns-is-layout-flex\" style=\"padding-top:var(--wp--preset--spacing--40);padding-right:0;padding-bottom:var(--wp--preset--spacing--40);padding-left:0\">\n<div class=\"wp-block-column is-layout-flow wp-block-column-is-layout-flow\">\n<figure class=\"wp-block-image aligncenter size-full has-custom-border is-style-rounded\"><img loading=\"lazy\" decoding=\"async\" width=\"96\" height=\"96\" src=\"https:\/\/femumex.org\/wp-content\/uploads\/2023\/10\/consejo-clementinaDiaz.png\" alt=\"\" class=\"has-border-color has-ast-global-color-1-border-color wp-image-360\" style=\"border-width:5px\"\/><\/figure>\n\n\n\n<h5 class=\"wp-block-heading has-text-align-center\">\u2020 Clementina D\u00edaz de Ovando<\/h5>\n<\/div>\n\n\n\n<div class=\"wp-block-column is-layout-flow wp-block-column-is-layout-flow\">\n<figure class=\"wp-block-image aligncenter size-full has-custom-border is-style-rounded\"><img loading=\"lazy\" decoding=\"async\" width=\"96\" height=\"96\" src=\"https:\/\/femumex.org\/wp-content\/uploads\/2023\/10\/consejo-gracielaArroyo.png\" alt=\"\" class=\"has-border-color has-ast-global-color-1-border-color wp-image-361\" style=\"border-width:5px\"\/><\/figure>\n\n\n\n<h5 class=\"wp-block-heading has-text-align-center\">\u2020 Graciela Arroyo de Cordero<\/h5>\n<\/div>\n\n\n\n<div class=\"wp-block-column is-layout-flow wp-block-column-is-layout-flow\">\n<figure class=\"wp-block-image aligncenter size-full has-custom-border is-style-rounded\"><img loading=\"lazy\" decoding=\"async\" width=\"96\" height=\"96\" src=\"https:\/\/femumex.org\/wp-content\/uploads\/2023\/10\/consejo-margaritaAlmada.png\" alt=\"\" class=\"has-border-color has-ast-global-color-1-border-color wp-image-353\" style=\"border-width:5px\"\/><\/figure>\n\n\n\n<h5 class=\"wp-block-heading has-text-align-center\">Margarita Almada de Ascencio<\/h5>\n<\/div>\n\n\n\n<div class=\"wp-block-column is-layout-flow wp-block-column-is-layout-flow\">\n<figure class=\"wp-block-image aligncenter size-full has-custom-border is-style-rounded\"><img loading=\"lazy\" decoding=\"async\" width=\"96\" height=\"96\" src=\"https:\/\/femumex.org\/wp-content\/uploads\/2023\/10\/consejo-nadimaSimon.png\" alt=\"\" class=\"has-border-color has-ast-global-color-1-border-color wp-image-354\" style=\"border-width:5px\"\/><\/figure>\n\n\n\n<h5 class=\"wp-block-heading has-text-align-center\">Nadima Sim\u00f3n Dom\u00ednguez<\/h5>\n<\/div>\n<\/div>\n\n\n\n<div class=\"wp-block-columns is-layout-flex wp-container-core-columns-is-layout-d4010286 wp-block-columns-is-layout-flex\" style=\"padding-top:var(--wp--preset--spacing--40);padding-right:0;padding-bottom:var(--wp--preset--spacing--40);padding-left:0\">\n<div class=\"wp-block-column is-layout-flow wp-block-column-is-layout-flow\">\n<figure class=\"wp-block-image aligncenter size-full has-custom-border is-style-rounded\"><img loading=\"lazy\" decoding=\"async\" width=\"96\" height=\"96\" src=\"https:\/\/femumex.org\/wp-content\/uploads\/2023\/10\/consejo-olgaSanchez.png\" alt=\"\" class=\"has-border-color has-ast-global-color-1-border-color wp-image-355\" style=\"border-width:5px\"\/><\/figure>\n\n\n\n<h5 class=\"wp-block-heading has-text-align-center\">Olga S\u00e1nchez Cordero<\/h5>\n<\/div>\n\n\n\n<div class=\"wp-block-column is-layout-flow wp-block-column-is-layout-flow\">\n<figure class=\"wp-block-image aligncenter size-full has-custom-border is-style-rounded\"><img loading=\"lazy\" decoding=\"async\" width=\"96\" height=\"96\" src=\"https:\/\/femumex.org\/wp-content\/uploads\/2023\/10\/consejo-elisaGarcia.png\" alt=\"\" class=\"has-border-color has-ast-global-color-1-border-color wp-image-356\" style=\"border-width:5px\"\/><\/figure>\n\n\n\n<h5 class=\"wp-block-heading has-text-align-center\">\u2020 Elisa Garc\u00eda Barrag\u00e1n<\/h5>\n<\/div>\n\n\n\n<div class=\"wp-block-column is-layout-flow wp-block-column-is-layout-flow\">\n<figure class=\"wp-block-image aligncenter size-full has-custom-border is-style-rounded\"><img loading=\"lazy\" decoding=\"async\" width=\"96\" height=\"96\" src=\"https:\/\/femumex.org\/wp-content\/uploads\/2023\/10\/consejo-Estelamoraales.jpg\" alt=\"\" class=\"has-border-color has-ast-global-color-1-border-color wp-image-357\" style=\"border-width:5px\"\/><\/figure>\n\n\n\n<h5 class=\"wp-block-heading has-text-align-center\">Estela Morales Campos<\/h5>\n<\/div>\n\n\n\n<div class=\"wp-block-column is-layout-flow wp-block-column-is-layout-flow\">\n<figure class=\"wp-block-image aligncenter size-full has-custom-border is-style-rounded\"><img loading=\"lazy\" decoding=\"async\" width=\"96\" height=\"96\" src=\"https:\/\/femumex.org\/wp-content\/uploads\/2023\/10\/consejo-patriciaGaleana.png\" alt=\"\" class=\"has-border-color has-ast-global-color-1-border-color wp-image-358\" style=\"border-width:5px\"\/><\/figure>\n\n\n\n<h5 class=\"wp-block-heading has-text-align-center\">Patricia Galeana<\/h5>\n\n\n\n<h6 class=\"wp-block-heading has-text-align-center has-ast-global-color-1-color has-text-color\"><em>Presidenta Fundadora<\/em><\/h6>\n<\/div>\n<\/div>\n\n\n\n<div style=\"height:30px\" aria-hidden=\"true\" class=\"wp-block-spacer\"><\/div>\n","protected":false},"excerpt":{"rendered":"<p>Consejo de honor \u2020 Griselda \u00c1lvarez Ponce de Le\u00f3n Presidenta Honoraria Vitalicia \u2020 Clementina D\u00edaz de Ovando \u2020 Graciela Arroyo de Cordero Margarita Almada de Ascencio Nadima Sim\u00f3n Dom\u00ednguez Olga S\u00e1nchez Cordero \u2020 Elisa Garc\u00eda Barrag\u00e1n Estela Morales Campos Patricia Galeana Presidenta Fundadora<\/p>\n","protected":false},"author":1,"featured_media":0,"parent":0,"menu_order":0,"comment_status":"closed","ping_status":"closed","template":"","meta":{"_uag_custom_page_level_css":"","site-sidebar-layout":"default","site-content-layout":"","ast-site-content-layout":"default","site-content-style":"default","site-sidebar-style":"default","ast-global-header-display":"","ast-banner-title-visibility":"","ast-main-header-display":"","ast-hfb-above-header-display":"","ast-hfb-below-header-display":"","ast-hfb-mobile-header-display":"","site-post-title":"","ast-breadcrumbs-content":"","ast-featured-img":"","footer-sml-layout":"","ast-disable-related-posts":"","theme-transparent-header-meta":"","adv-header-id-meta":"","stick-header-meta":"","header-above-stick-meta":"","header-main-stick-meta":"","header-below-stick-meta":"","astra-migrate-meta-layouts":"default","ast-page-background-enabled":"default","ast-page-background-meta":{"desktop":{"background-color":"var(--ast-global-color-4)","background-image":"","background-repeat":"repeat","background-position":"center center","background-size":"auto","background-attachment":"scroll","background-type":"","background-media":"","overlay-type":"","overlay-color":"","overlay-opacity":"","overlay-gradient":""},"tablet":{"background-color":"","background-image":"","background-repeat":"repeat","background-position":"center center","background-size":"auto","background-attachment":"scroll","background-type":"","background-media":"","overlay-type":"","overlay-color":"","overlay-opacity":"","overlay-gradient":""},"mobile":{"background-color":"","background-image":"","background-repeat":"repeat","background-position":"center center","background-size":"auto","background-attachment":"scroll","background-type":"","background-media":"","overlay-type":"","overlay-color":"","overlay-opacity":"","overlay-gradient":""}},"ast-content-background-meta":{"desktop":{"background-color":"var(--ast-global-color-5)","background-image":"","background-repeat":"repeat","background-position":"center center","background-size":"auto","background-attachment":"scroll","background-type":"","background-media":"","overlay-type":"","overlay-color":"","overlay-opacity":"","overlay-gradient":""},"tablet":{"background-color":"var(--ast-global-color-5)","background-image":"","background-repeat":"repeat","background-position":"center center","background-size":"auto","background-attachment":"scroll","background-type":"","background-media":"","overlay-type":"","overlay-color":"","overlay-opacity":"","overlay-gradient":""},"mobile":{"background-color":"var(--ast-global-color-5)","background-image":"","background-repeat":"repeat","background-position":"center center","background-size":"auto","background-attachment":"scroll","background-type":"","background-media":"","overlay-type":"","overlay-color":"","overlay-opacity":"","overlay-gradient":""}},"footnotes":""},"categories":[],"tags":[],"class_list":["post-362","page","type-page","status-publish","hentry"],"uagb_featured_image_src":{"full":false,"thumbnail":false,"medium":false,"medium_large":false,"large":false,"1536x1536":false,"2048x2048":false,"trp-custom-language-flag":false},"uagb_author_info":{"display_name":"Federacion Mexicana de Universitarias","author_link":"https:\/\/femumex.org\/es\/author\/mume\/"},"uagb_comment_info":0,"uagb_excerpt":"Consejo de honor \u2020 Griselda \u00c1lvarez Ponce de Le\u00f3n Presidenta Honoraria Vitalicia \u2020 Clementina D\u00edaz de Ovando \u2020 Graciela Arroyo de Cordero Margarita Almada de Ascencio Nadima Sim\u00f3n Dom\u00ednguez Olga S\u00e1nchez Cordero \u2020 Elisa Garc\u00eda Barrag\u00e1n Estela Morales Campos Patricia Galeana Presidenta Fundadora","_links":{"self":[{"href":"https:\/\/femumex.org\/es\/wp-json\/wp\/v2\/pages\/362","targetHints":{"allow":["GET"]}}],"collection":[{"href":"https:\/\/femumex.org\/es\/wp-json\/wp\/v2\/pages"}],"about":[{"href":"https:\/\/femumex.org\/es\/wp-json\/wp\/v2\/types\/page"}],"author":[{"embeddable":true,"href":"https:\/\/femumex.org\/es\/wp-json\/wp\/v2\/users\/1"}],"replies":[{"embeddable":true,"href":"https:\/\/femumex.org\/es\/wp-json\/wp\/v2\/comments?post=362"}],"version-history":[{"count":3,"href":"https:\/\/femumex.org\/es\/wp-json\/wp\/v2\/pages\/362\/revisions"}],"predecessor-version":[{"id":1172,"href":"https:\/\/femumex.org\/es\/wp-json\/wp\/v2\/pages\/362\/revisions\/1172"}],"wp:attachment":[{"href":"https:\/\/femumex.org\/es\/wp-json\/wp\/v2\/media?parent=362"}],"wp:term":[{"taxonomy":"category","embeddable":true,"href":"https:\/\/femumex.org\/es\/wp-json\/wp\/v2\/categories?post=362"},{"taxonomy":"post_tag","embeddable":true,"href":"https:\/\/femumex.org\/es\/wp-json\/wp\/v2\/tags?post=362"}],"curies":[{"name":"wp","href":"https:\/\/api.w.org\/{rel}","templated":true}]}}