{"id":382,"date":"2023-10-25T21:23:23","date_gmt":"2023-10-26T03:23:23","guid":{"rendered":"https:\/\/femumex.org\/?page_id=382"},"modified":"2023-10-25T21:25:52","modified_gmt":"2023-10-26T03:25:52","slug":"premio-cddo","status":"publish","type":"page","link":"https:\/\/femumex.org\/es\/premio-cddo\/","title":{"rendered":"Premio Clementina D\u00edaz y de Ovando"},"content":{"rendered":"\n<div style=\"height:10px\" aria-hidden=\"true\" class=\"wp-block-spacer\"><\/div>\n\n\n\n<h2 class=\"wp-block-heading has-text-align-center\">Premio Clementina D\u00edaz y de Ovando<\/h2>\n\n\n\n<hr class=\"wp-block-separator has-text-color has-ast-global-color-1-color has-alpha-channel-opacity has-ast-global-color-1-background-color has-background is-style-wide\"\/>\n\n\n\n<div style=\"height:20px\" aria-hidden=\"true\" class=\"wp-block-spacer\"><\/div>\n\n\n\n<div class=\"wp-block-columns is-layout-flex wp-container-core-columns-is-layout-ec2e7a44 wp-block-columns-is-layout-flex\" style=\"padding-top:0;padding-bottom:0\">\n<div class=\"wp-block-column is-layout-flow wp-block-column-is-layout-flow\" style=\"flex-basis:33.33%\">\n<figure class=\"wp-block-image size-full\"><img loading=\"lazy\" decoding=\"async\" width=\"245\" height=\"300\" src=\"https:\/\/femumex.org\/wp-content\/uploads\/2023\/10\/Premio-cdo.png\" alt=\"\" class=\"wp-image-385\"\/><\/figure>\n<\/div>\n\n\n\n<div class=\"wp-block-column is-layout-flow wp-block-column-is-layout-flow\" style=\"flex-basis:66.66%\">\n<p>La Federaci\u00f3n Mexicana de Universitarias, A.C. otorga el premio \u201cClementina D\u00edaz y de Ovando\u201d que tiene como objetivo el reconocer la trayectoria laboral y acad\u00e9mica de quienes se han distinguido por sus acciones en favor de los derechos de las mujeres y la igualdad sustantiva.<\/p>\n\n\n\n<ul class=\"wp-block-list\">\n<li><a href=\"https:\/\/femumex.org\/premio-cddo\/#2010\" data-type=\"link\" data-id=\"https:\/\/femumex.org\/premio-cddo\/#2010\">Premio 2010. Ifigenia Mart\u00ednez<\/a><\/li>\n\n\n\n<li><a href=\"https:\/\/femumex.org\/premio-cddo\/#2017\" data-type=\"link\" data-id=\"https:\/\/femumex.org\/premio-cddo\/#2017\">Premio 2017. Elena Poniatowska<\/a><\/li>\n\n\n\n<li><a href=\"https:\/\/femumex.org\/premio-cddo\/#2018\">Premio 2018. Olga S\u00e1nchez Cordero<\/a><\/li>\n\n\n\n<li><a href=\"https:\/\/femumex.org\/premio-cddo\/#2019\" data-type=\"link\" data-id=\"https:\/\/femumex.org\/premio-cddo\/#2019\">Premio 2019. Margo Glantz<\/a><\/li>\n<\/ul>\n<\/div>\n<\/div>\n\n\n\n<div style=\"height:40px\" aria-hidden=\"true\" class=\"wp-block-spacer\"><\/div>\n\n\n\n<div class=\"wp-block-group is-layout-constrained wp-container-core-group-is-layout-639b5052 wp-block-group-is-layout-constrained\" style=\"padding-top:0;padding-right:0;padding-bottom:0;padding-left:0\">\n<hr class=\"wp-block-separator has-text-color has-ast-global-color-1-color has-alpha-channel-opacity has-ast-global-color-1-background-color has-background is-style-wide\"\/>\n\n\n\n<div style=\"height:20px\" aria-hidden=\"true\" class=\"wp-block-spacer\"><\/div>\n\n\n\n<h3 class=\"wp-block-heading has-text-align-center has-ast-global-color-0-color has-text-color\" id=\"2010\">Premio Clementina D\u00edaz y de Ovando 2010<\/h3>\n\n\n\n<div class=\"wp-block-columns is-layout-flex wp-container-core-columns-is-layout-ec2e7a44 wp-block-columns-is-layout-flex\" style=\"padding-top:0;padding-bottom:0\">\n<div class=\"wp-block-column is-layout-flow wp-block-column-is-layout-flow\" style=\"flex-basis:20%\">\n<figure class=\"wp-block-image aligncenter size-full\"><img loading=\"lazy\" decoding=\"async\" width=\"198\" height=\"254\" src=\"https:\/\/femumex.org\/wp-content\/uploads\/2023\/10\/Ifigenia.jpg\" alt=\"\" class=\"wp-image-386\"\/><\/figure>\n\n\n\n<div class=\"wp-block-buttons is-content-justification-center is-layout-flex wp-container-core-buttons-is-layout-a89b3969 wp-block-buttons-is-layout-flex\">\n<div class=\"wp-block-button\"><a class=\"wp-block-button__link wp-element-button\" href=\"https:\/\/www.senado.gob.mx\/64\/senador\/1279\" target=\"_blank\" rel=\"noreferrer noopener\">Visita<\/a><\/div>\n<\/div>\n<\/div>\n\n\n\n<div class=\"wp-block-column is-layout-flow wp-block-column-is-layout-flow\" style=\"flex-basis:80%\">\n<div class=\"wp-block-group is-vertical is-layout-flex wp-container-core-group-is-layout-67710c2e wp-block-group-is-layout-flex\" style=\"margin-top:0;margin-bottom:0;padding-top:0;padding-bottom:0\">\n<p>Licenciada en Econom\u00eda por la UNAM, primera mexicana que obtuvo un posgrado en Econom\u00eda en la Universidad Harvard y en 1950 fue cofundadora de la Comisi\u00f3n Econ\u00f3mica para Am\u00e9rica Latina y el Caribe (CEPAL).<\/p>\n\n\n\n<p>Fue una de las primeras mujeres en encabezar importantes responsabilidades en el Gobierno Federal. En 1966 encabeza la Oficina de la Presidencia de la Rep\u00fablica como Jefa econ\u00f3mica, Subsecretaria de Descentralizaci\u00f3n Administrativa de la Secretar\u00eda de Hacienda y Cr\u00e9dito P\u00fablico.<\/p>\n\n\n\n<p>En el Partido Revolucionario Institucional ocup\u00f3 la Presidencia de la Comisi\u00f3n de Presupuesto.<\/p>\n\n\n\n<p>Embajadora de M\u00e9xico en Nueva York ante la Organizaci\u00f3n de las Naciones Unidas.<\/p>\n\n\n\n<p>Miembro de la Comisi\u00f3n Consultiva de Pol\u00edtica Exterior de la Secretar\u00eda de Relaciones Exteriores.<\/p>\n\n\n\n<p>Precandidata a la Jefatura de Gobierno del DF en el a\u00f1o 2000.<\/p>\n\n\n\n<p>Coordinadora Econ\u00f3mica de las campa\u00f1as Presidenciales del Lic. Andr\u00e9s Manuel L\u00f3pez Obrador.<\/p>\n\n\n\n<p>Integr\u00f3 el Grupo de Notables que redactaron el Proyecto de Constituci\u00f3n Pol\u00edtica de la Ciudad de M\u00e9xico, ocupando la vicepresidencia de la Junta Instaladora en la Asamblea Constituyente.<\/p>\n\n\n\n<p>Integr\u00f3 el consejo consultivo inicial de UNICEF, M\u00e9xico.<\/p>\n<\/div>\n<\/div>\n<\/div>\n\n\n\n<div style=\"height:20px\" aria-hidden=\"true\" class=\"wp-block-spacer\"><\/div>\n<\/div>\n\n\n\n<div class=\"wp-block-group is-layout-constrained wp-container-core-group-is-layout-639b5052 wp-block-group-is-layout-constrained\" style=\"padding-top:0;padding-right:0;padding-bottom:0;padding-left:0\">\n<hr class=\"wp-block-separator has-text-color has-ast-global-color-1-color has-alpha-channel-opacity has-ast-global-color-1-background-color has-background is-style-wide\"\/>\n\n\n\n<div style=\"height:20px\" aria-hidden=\"true\" class=\"wp-block-spacer\"><\/div>\n\n\n\n<h3 class=\"wp-block-heading has-text-align-center has-ast-global-color-0-color has-text-color\" id=\"2017\">Premio Clementina D\u00edaz y de Ovando 2017<\/h3>\n\n\n\n<div class=\"wp-block-columns is-layout-flex wp-container-core-columns-is-layout-28f84493 wp-block-columns-is-layout-flex\">\n<div class=\"wp-block-column is-layout-flow wp-block-column-is-layout-flow\" style=\"flex-basis:25%\">\n<figure class=\"wp-block-image aligncenter size-full\"><img loading=\"lazy\" decoding=\"async\" width=\"300\" height=\"164\" src=\"https:\/\/femumex.org\/wp-content\/uploads\/2023\/10\/Elena-premio.jpg\" alt=\"\" class=\"wp-image-387\"\/><\/figure>\n\n\n\n<div style=\"height:10px\" aria-hidden=\"true\" class=\"wp-block-spacer\"><\/div>\n\n\n\n<figure class=\"wp-block-image aligncenter size-full\"><img loading=\"lazy\" decoding=\"async\" width=\"150\" height=\"150\" src=\"https:\/\/femumex.org\/wp-content\/uploads\/2023\/10\/Elena-2-premio.jpg\" alt=\"\" class=\"wp-image-388\"\/><\/figure>\n\n\n\n<div style=\"height:10px\" aria-hidden=\"true\" class=\"wp-block-spacer\"><\/div>\n\n\n\n<figure class=\"wp-block-image aligncenter size-full\"><img loading=\"lazy\" decoding=\"async\" width=\"194\" height=\"300\" src=\"https:\/\/femumex.org\/wp-content\/uploads\/2023\/10\/CartelCDO-premio.jpg\" alt=\"\" class=\"wp-image-384\"\/><\/figure>\n<\/div>\n\n\n\n<div class=\"wp-block-column is-layout-flow wp-block-column-is-layout-flow\" style=\"flex-basis:66.66%\">\n<p>Elena Poniatowska Amor, hija de padre franc\u00e9s de origen polaco, Jean E. Poniatowski, y madre mexicana, Paula Amor, naci\u00f3 en Par\u00eds, en 1932. Primera mujer en recibir el Premio Nacional de Periodismo, entre sus obras se cuentan \u201cLa Noche de Tlatelolco\u201d, un cl\u00e1sico desde su publicaci\u00f3n, al que se le otorg\u00f3 el Premio Xavier Villaurrutia que rechaz\u00f3 preguntando qui\u00e9n iba a premiar a los muertos. Entre sus novelas y cuentos destacan \u201cLa flor de lis\u201d, \u201cDe noche vienes\u201d y \u201cTlapaler\u00eda\u201d, \u201cPaseo de la Reforma\u201d \u201cHasta no verte Jes\u00fas m\u00edo\u201d, la vida de una soldadera mexicana, \u201cQuerido Diego, te abraza Quiela\u201d, \u201cTin\u00edsima\u201d ganadora del Premio Mazatl\u00e1n (1992), \u201cLa piel del cielo\u201d, ganadora del Premio Alfaguara de novela 2001 y \u201cEl tren pasa primero\u201d.<\/p>\n\n\n\n<p>Tras recibir doctorados Honoris Causa de la UNAM y de la UAM, le fueron otorgados los de la Universidad de Puebla, de la de Sonora y del Estado de M\u00e9xico, de la de Guerrero, la de Chiapas y la de Puerto Rico. Tambi\u00e9n recibi\u00f3 el New School of Social Research de Nueva York, Manhattanville College y la Florida Atlantic University en los Estados Unidos y en Paris 8, La Sorbona y en Pau-Pyr\u00e9n\u00e9es, entre otros.<\/p>\n\n\n\n<div class=\"wp-block-buttons is-content-justification-right is-layout-flex wp-container-core-buttons-is-layout-d445cf74 wp-block-buttons-is-layout-flex\">\n<div class=\"wp-block-button\"><a class=\"wp-block-button__link wp-element-button\" href=\"https:\/\/www.fundacionelenaponiatowska.org\/biografia.html\" target=\"_blank\" rel=\"noreferrer noopener\">Visita<\/a><\/div>\n<\/div>\n<\/div>\n<\/div>\n\n\n\n<div style=\"height:20px\" aria-hidden=\"true\" class=\"wp-block-spacer\"><\/div>\n<\/div>\n\n\n\n<div class=\"wp-block-group is-layout-constrained wp-container-core-group-is-layout-639b5052 wp-block-group-is-layout-constrained\" style=\"padding-top:0;padding-right:0;padding-bottom:0;padding-left:0\">\n<hr class=\"wp-block-separator has-text-color has-ast-global-color-1-color has-alpha-channel-opacity has-ast-global-color-1-background-color has-background is-style-wide\"\/>\n\n\n\n<div style=\"height:20px\" aria-hidden=\"true\" class=\"wp-block-spacer\"><\/div>\n\n\n\n<h3 class=\"wp-block-heading has-text-align-center has-ast-global-color-0-color has-text-color\" id=\"2018\">Premio Clementina D\u00edaz y de Ovando 2018<\/h3>\n\n\n\n<div class=\"wp-block-columns is-layout-flex wp-container-core-columns-is-layout-28f84493 wp-block-columns-is-layout-flex\">\n<div class=\"wp-block-column is-layout-flow wp-block-column-is-layout-flow\" style=\"flex-basis:30%\">\n<figure class=\"wp-block-image size-full\"><img loading=\"lazy\" decoding=\"async\" width=\"352\" height=\"143\" src=\"https:\/\/femumex.org\/wp-content\/uploads\/2023\/10\/Olga-premio.jpg\" alt=\"\" class=\"wp-image-389\" srcset=\"https:\/\/femumex.org\/wp-content\/uploads\/2023\/10\/Olga-premio.jpg 352w, https:\/\/femumex.org\/wp-content\/uploads\/2023\/10\/Olga-premio-300x122.jpg 300w\" sizes=\"auto, (max-width: 352px) 100vw, 352px\" \/><\/figure>\n\n\n\n<div style=\"height:10px\" aria-hidden=\"true\" class=\"wp-block-spacer\"><\/div>\n\n\n\n<p><a href=\"https:\/\/lopezobrador.org.mx\/olga-sanchez-cordero\/\">Dra. Olga S\u00e1nchez Cordero<\/a><\/p>\n<\/div>\n\n\n\n<div class=\"wp-block-column is-layout-flow wp-block-column-is-layout-flow\" style=\"flex-basis:70%\">\n<p>Primera mujer nombrada como Secretaria de Gobernaci\u00f3n.<\/p>\n\n\n\n<p>Naci\u00f3 en la Ciudad de M\u00e9xico en 1947, es licenciada en derecho en la UNAM y realiz\u00f3 sus estudios de posgrado en Pol\u00edtica Social y Administraci\u00f3n en Gran Breta\u00f1a. Ha sido distinguida en siete ocasiones con el doctorado&nbsp;<em>Honoris Causa<\/em>&nbsp;por la Universidad Aut\u00f3noma de Morelos, la Universidad Aut\u00f3noma de Nuevo Le\u00f3n y otras.<\/p>\n\n\n\n<p>Fue la primera mujer Notaria por oposici\u00f3n en el entonces Distrito Federal, ahora Ciudad de M\u00e9xico, en la que es titular de la Notar\u00eda P\u00fablica 182 y tambi\u00e9n se desempe\u00f1\u00f3 como magistrada numeraria del Tribunal Superior de Justicia de 1993 a 1995. Fungi\u00f3 como Ministra de la Suprema Corte de Justicia de la Naci\u00f3n, cargo que desempe\u00f1\u00f3 de febrero de 1995 a noviembre de 2015.<\/p>\n\n\n\n<p>Cuenta con una gran cantidad de publicaciones en libros y revistas. En septiembre de 2016 fue nombrada Diputada Constituyente de la Ciudad de M\u00e9xico.<\/p>\n<\/div>\n<\/div>\n\n\n\n<div style=\"height:20px\" aria-hidden=\"true\" class=\"wp-block-spacer\"><\/div>\n<\/div>\n\n\n\n<div class=\"wp-block-group is-layout-constrained wp-container-core-group-is-layout-639b5052 wp-block-group-is-layout-constrained\" style=\"padding-top:0;padding-right:0;padding-bottom:0;padding-left:0\">\n<hr class=\"wp-block-separator has-text-color has-ast-global-color-1-color has-alpha-channel-opacity has-ast-global-color-1-background-color has-background is-style-wide\"\/>\n\n\n\n<div style=\"height:20px\" aria-hidden=\"true\" class=\"wp-block-spacer\"><\/div>\n\n\n\n<h3 class=\"wp-block-heading has-text-align-center has-ast-global-color-0-color has-text-color\" id=\"2019\">Premio Clementina D\u00edaz y de Ovando 2019<\/h3>\n\n\n\n<div class=\"wp-block-columns is-layout-flex wp-container-core-columns-is-layout-28f84493 wp-block-columns-is-layout-flex\">\n<div class=\"wp-block-column is-layout-flow wp-block-column-is-layout-flow\" style=\"flex-basis:30%\">\n<figure class=\"wp-block-image aligncenter size-full\"><img loading=\"lazy\" decoding=\"async\" width=\"300\" height=\"181\" src=\"https:\/\/femumex.org\/wp-content\/uploads\/2023\/10\/premio2020.jpg\" alt=\"\" class=\"wp-image-390\"\/><\/figure>\n\n\n\n<div style=\"height:10px\" aria-hidden=\"true\" class=\"wp-block-spacer\"><\/div>\n\n\n\n<figure class=\"wp-block-image aligncenter size-full\"><img loading=\"lazy\" decoding=\"async\" width=\"194\" height=\"300\" src=\"https:\/\/femumex.org\/wp-content\/uploads\/2023\/10\/CartelCDO2019-premio.jpg\" alt=\"\" class=\"wp-image-391\"\/><\/figure>\n<\/div>\n\n\n\n<div class=\"wp-block-column is-layout-flow wp-block-column-is-layout-flow\" style=\"flex-basis:70%\">\n<p>Escritora, profesora y periodista. Naci\u00f3 en la Ciudad de M\u00e9xico el 28 de enero de 1930. Se gradu\u00f3 de Letras en la UNAM, y sigui\u00f3 los estudios acad\u00e9micos en Par\u00eds, obtuvo su doctorado en la Universidad de La Sorbonne.<\/p>\n\n\n\n<p>En 1958 empez\u00f3 su trayectoria acad\u00e9mica con el trabajo de docente en la UNAM. Fue fundadora y directora de la Revista Punto de Partida de La UNAM en 1966. De 1977 hasta 1985 Glantz fue colaboradora de Radio Universidad y tambi\u00e9n del peri\u00f3dico Unom\u00e1suno. En el \u00e1mbito de la difusi\u00f3n cultural tuvo varios cargos: directora del Instituto Cultural Mexicano-Israel\u00ed (1966-1970), del Centro de Lenguas Extranjeras de la UNAM (1970-1971) y&nbsp; de Literatura en el Instituto Nacional de Bellas artes (1983-1986), entre otros cargos. De 1986 a 1988 fue agregada cultural de la embajada de M\u00e9xico en Londres, Inglaterra.<\/p>\n\n\n\n<p>Desde 1995 es miembro activo de la Academia Mexicana de la Lengua, profesora em\u00e9rita de la UNAM, columnista del peri\u00f3dico mexicano La Jornada y novelista.<\/p>\n\n\n\n<div class=\"wp-block-buttons is-content-justification-right is-layout-flex wp-container-core-buttons-is-layout-d445cf74 wp-block-buttons-is-layout-flex\">\n<div class=\"wp-block-button\"><a class=\"wp-block-button__link wp-element-button\" href=\"https:\/\/www.lai.fu-berlin.de\/es\/e-learning\/projekte\/frauen_konzepte\/projektseiten\/frauenbereich\/glantz\/index.html\" target=\"_blank\" rel=\"noreferrer noopener\">Visita<\/a><\/div>\n<\/div>\n<\/div>\n<\/div>\n\n\n\n<div style=\"height:20px\" aria-hidden=\"true\" class=\"wp-block-spacer\"><\/div>\n<\/div>\n\n\n\n<div style=\"height:30px\" aria-hidden=\"true\" class=\"wp-block-spacer\"><\/div>\n","protected":false},"excerpt":{"rendered":"<p>Premio Clementina D\u00edaz y de Ovando La Federaci\u00f3n Mexicana de Universitarias, A.C. otorga el premio \u201cClementina D\u00edaz y de Ovando\u201d que tiene como objetivo el reconocer la trayectoria laboral y acad\u00e9mica de quienes se han distinguido por sus acciones en favor de los derechos de las mujeres y la igualdad sustantiva. Premio Clementina D\u00edaz y [&hellip;]<\/p>\n","protected":false},"author":1,"featured_media":0,"parent":0,"menu_order":0,"comment_status":"closed","ping_status":"closed","template":"","meta":{"_uag_custom_page_level_css":"","site-sidebar-layout":"default","site-content-layout":"","ast-site-content-layout":"default","site-content-style":"default","site-sidebar-style":"default","ast-global-header-display":"","ast-banner-title-visibility":"","ast-main-header-display":"","ast-hfb-above-header-display":"","ast-hfb-below-header-display":"","ast-hfb-mobile-header-display":"","site-post-title":"","ast-breadcrumbs-content":"","ast-featured-img":"","footer-sml-layout":"","ast-disable-related-posts":"","theme-transparent-header-meta":"","adv-header-id-meta":"","stick-header-meta":"","header-above-stick-meta":"","header-main-stick-meta":"","header-below-stick-meta":"","astra-migrate-meta-layouts":"default","ast-page-background-enabled":"default","ast-page-background-meta":{"desktop":{"background-color":"var(--ast-global-color-4)","background-image":"","background-repeat":"repeat","background-position":"center center","background-size":"auto","background-attachment":"scroll","background-type":"","background-media":"","overlay-type":"","overlay-color":"","overlay-opacity":"","overlay-gradient":""},"tablet":{"background-color":"","background-image":"","background-repeat":"repeat","background-position":"center center","background-size":"auto","background-attachment":"scroll","background-type":"","background-media":"","overlay-type":"","overlay-color":"","overlay-opacity":"","overlay-gradient":""},"mobile":{"background-color":"","background-image":"","background-repeat":"repeat","background-position":"center center","background-size":"auto","background-attachment":"scroll","background-type":"","background-media":"","overlay-type":"","overlay-color":"","overlay-opacity":"","overlay-gradient":""}},"ast-content-background-meta":{"desktop":{"background-color":"var(--ast-global-color-5)","background-image":"","background-repeat":"repeat","background-position":"center center","background-size":"auto","background-attachment":"scroll","background-type":"","background-media":"","overlay-type":"","overlay-color":"","overlay-opacity":"","overlay-gradient":""},"tablet":{"background-color":"var(--ast-global-color-5)","background-image":"","background-repeat":"repeat","background-position":"center center","background-size":"auto","background-attachment":"scroll","background-type":"","background-media":"","overlay-type":"","overlay-color":"","overlay-opacity":"","overlay-gradient":""},"mobile":{"background-color":"var(--ast-global-color-5)","background-image":"","background-repeat":"repeat","background-position":"center center","background-size":"auto","background-attachment":"scroll","background-type":"","background-media":"","overlay-type":"","overlay-color":"","overlay-opacity":"","overlay-gradient":""}},"footnotes":""},"categories":[],"tags":[],"class_list":["post-382","page","type-page","status-publish","hentry"],"uagb_featured_image_src":{"full":false,"thumbnail":false,"medium":false,"medium_large":false,"large":false,"1536x1536":false,"2048x2048":false,"trp-custom-language-flag":false},"uagb_author_info":{"display_name":"Federacion Mexicana de Universitarias","author_link":"https:\/\/femumex.org\/es\/author\/mume\/"},"uagb_comment_info":0,"uagb_excerpt":"Premio Clementina D\u00edaz y de Ovando La Federaci\u00f3n Mexicana de Universitarias, A.C. otorga el premio \u201cClementina D\u00edaz y de Ovando\u201d que tiene como objetivo el reconocer la trayectoria laboral y acad\u00e9mica de quienes se han distinguido por sus acciones en favor de los derechos de las mujeres y la igualdad sustantiva. Premio Clementina D\u00edaz y&hellip;","_links":{"self":[{"href":"https:\/\/femumex.org\/es\/wp-json\/wp\/v2\/pages\/382","targetHints":{"allow":["GET"]}}],"collection":[{"href":"https:\/\/femumex.org\/es\/wp-json\/wp\/v2\/pages"}],"about":[{"href":"https:\/\/femumex.org\/es\/wp-json\/wp\/v2\/types\/page"}],"author":[{"embeddable":true,"href":"https:\/\/femumex.org\/es\/wp-json\/wp\/v2\/users\/1"}],"replies":[{"embeddable":true,"href":"https:\/\/femumex.org\/es\/wp-json\/wp\/v2\/comments?post=382"}],"version-history":[{"count":18,"href":"https:\/\/femumex.org\/es\/wp-json\/wp\/v2\/pages\/382\/revisions"}],"predecessor-version":[{"id":408,"href":"https:\/\/femumex.org\/es\/wp-json\/wp\/v2\/pages\/382\/revisions\/408"}],"wp:attachment":[{"href":"https:\/\/femumex.org\/es\/wp-json\/wp\/v2\/media?parent=382"}],"wp:term":[{"taxonomy":"category","embeddable":true,"href":"https:\/\/femumex.org\/es\/wp-json\/wp\/v2\/categories?post=382"},{"taxonomy":"post_tag","embeddable":true,"href":"https:\/\/femumex.org\/es\/wp-json\/wp\/v2\/tags?post=382"}],"curies":[{"name":"wp","href":"https:\/\/api.w.org\/{rel}","templated":true}]}}