{"id":409,"date":"2023-10-25T21:46:16","date_gmt":"2023-10-26T03:46:16","guid":{"rendered":"https:\/\/femumex.org\/?page_id=409"},"modified":"2023-10-25T21:46:44","modified_gmt":"2023-10-26T03:46:44","slug":"integrantes","status":"publish","type":"page","link":"https:\/\/femumex.org\/es\/integrantes\/","title":{"rendered":"Integrantes"},"content":{"rendered":"\n<div style=\"height:10px\" aria-hidden=\"true\" class=\"wp-block-spacer\"><\/div>\n\n\n\n<h2 class=\"wp-block-heading has-text-align-center\">Integrantes<\/h2>\n\n\n\n<hr class=\"wp-block-separator has-text-color has-ast-global-color-1-color has-alpha-channel-opacity has-ast-global-color-1-background-color has-background is-style-wide\"\/>\n\n\n\n<div style=\"height:20px\" aria-hidden=\"true\" class=\"wp-block-spacer\"><\/div>\n\n\n\n<h4 class=\"wp-block-heading\"><strong>Directorio<\/strong><\/h4>\n\n\n\n<p><strong>ADMINISTRACI\u00d3N Y CONTADUR\u00cdA<\/strong><\/p>\n\n\n\n<ol class=\"wp-block-list\">\n<li><strong>Esther Villal\u00f3n Rodr\u00edguez de Jalife<\/strong><\/li>\n\n\n\n<li><strong>Glenda Baca Hecksher<\/strong><\/li>\n\n\n\n<li><strong>Guadalupe Rodr\u00edguez Moreno<\/strong><\/li>\n\n\n\n<li><strong>Laura Mercedes Montalvo<\/strong><\/li>\n\n\n\n<li><strong><a href=\"https:\/\/femumex.org\/wp-content\/uploads\/2023\/10\/Farah.pdf\" data-type=\"link\" data-id=\"https:\/\/femumex.org\/wp-content\/uploads\/2023\/10\/Farah.pdf\" target=\"_blank\" rel=\"noreferrer noopener\">Lisette Farah Sim\u00f3n<\/a><\/strong><\/li>\n\n\n\n<li><strong><a href=\"https:\/\/femumex.org\/wp-content\/uploads\/2023\/10\/Angelica-Cruz.pdf\" data-type=\"link\" data-id=\"https:\/\/femumex.org\/wp-content\/uploads\/2023\/10\/Angelica-Cruz.pdf\" target=\"_blank\" rel=\"noreferrer noopener\">Ma. Ang\u00e9lica Cruz Reyes<\/a><\/strong><\/li>\n\n\n\n<li><strong>Ma. de los \u00c1ngeles Aguilar Anaya<\/strong><\/li>\n\n\n\n<li><strong>Ma. Elena Flores Becerril<\/strong><\/li>\n\n\n\n<li><strong>Magali C\u00e1rdenas Tapia<\/strong><\/li>\n\n\n\n<li><strong><a href=\"https:\/\/femumex.org\/wp-content\/uploads\/2023\/10\/OrtizSotres-.pdf\" data-type=\"link\" data-id=\"https:\/\/femumex.org\/wp-content\/uploads\/2023\/10\/OrtizSotres-.pdf\" target=\"_blank\" rel=\"noreferrer noopener\">Martha Ortiz Sotres<\/a><\/strong><\/li>\n\n\n\n<li><a href=\"https:\/\/femumex.org\/wp-content\/uploads\/2023\/10\/Nadima.pdf\" target=\"_blank\" rel=\"noreferrer noopener\"><strong>Nadima Sim\u00f3n Dom\u00ednguez<\/strong><\/a><\/li>\n\n\n\n<li><strong>Natividad Ascencio Mateos<\/strong><\/li>\n\n\n\n<li><a href=\"https:\/\/femumex.org\/wp-content\/uploads\/2023\/10\/Nayana-.pdf\" target=\"_blank\" rel=\"noreferrer noopener\"><strong>Nayana Guerrero Ram\u00edrez<\/strong><\/a><\/li>\n\n\n\n<li><a href=\"https:\/\/femumex.org\/wp-content\/uploads\/2023\/10\/Vera.pdf\" target=\"_blank\" rel=\"noreferrer noopener\"><strong>Paola S. Vera<\/strong><\/a><\/li>\n\n\n\n<li><a href=\"https:\/\/femumex.org\/wp-content\/uploads\/2023\/10\/Cruz-Lesbros.pdf\" target=\"_blank\" rel=\"noreferrer noopener\"><strong>Rosa Mar\u00eda Cruz Lesbros<\/strong><\/a><\/li>\n\n\n\n<li><a href=\"https:\/\/femumex.org\/wp-content\/uploads\/2023\/10\/Rivas.pdf\" target=\"_blank\" rel=\"noreferrer noopener\"><strong>Ver\u00f3nica Rivas Pe\u00f1a<\/strong><\/a><\/li>\n<\/ol>\n\n\n\n<p><strong>ARTES<\/strong><\/p>\n\n\n\n<ol class=\"wp-block-list\">\n<li><a href=\"https:\/\/femumex.org\/wp-content\/uploads\/2023\/10\/Hecksher.pdf\" target=\"_blank\" rel=\"noreferrer noopener\"><strong>Glenda Hecksher Ramsden<\/strong><\/a><\/li>\n\n\n\n<li><a href=\"https:\/\/femumex.org\/wp-content\/uploads\/2023\/10\/Bolio.pdf\" target=\"_blank\" rel=\"noreferrer noopener\"><strong>Cintia Bolio<\/strong><\/a><\/li>\n<\/ol>\n\n\n\n<p><strong>ARQUITECTURA<\/strong><\/p>\n\n\n\n<ol class=\"wp-block-list\">\n<li><strong>Ana Karen Hern\u00e1ndez<\/strong><\/li>\n\n\n\n<li><a href=\"https:\/\/femumex.org\/wp-content\/uploads\/2023\/10\/Aranda.pdf\" target=\"_blank\" rel=\"noreferrer noopener\"><strong>Laura Aranda Cort\u00e9s<\/strong><\/a><\/li>\n\n\n\n<li><strong>Laura Paz Mayen Morelos<\/strong><\/li>\n\n\n\n<li><strong>Mayoli Ventosa Bruguera<\/strong><\/li>\n\n\n\n<li><strong>Norma Zamudio Castro<\/strong><\/li>\n<\/ol>\n\n\n\n<p><strong>BIBLIOTECOLOG\u00cdA<\/strong><\/p>\n\n\n\n<ol class=\"wp-block-list\">\n<li><a href=\"https:\/\/femumex.org\/wp-content\/uploads\/2023\/10\/Morales.pdf\" target=\"_blank\" rel=\"noreferrer noopener\"><strong>Estela Morales Campos<\/strong><\/a><\/li>\n\n\n\n<li><a href=\"https:\/\/femumex.org\/wp-content\/uploads\/2023\/10\/Almada.pdf\" target=\"_blank\" rel=\"noreferrer noopener\"><strong>Margarita Almada Navarro<\/strong><\/a><\/li>\n\n\n\n<li><strong>Nayeli Gervacio Mateo<\/strong><\/li>\n\n\n\n<li><strong>Sylvia P\u00e9rez de Alba<\/strong><\/li>\n<\/ol>\n\n\n\n<p><strong>CIENCIA POL\u00cdTICA Y ADMINISTRACI\u00d3N P\u00daBLICA<\/strong><\/p>\n\n\n\n<ol class=\"wp-block-list\">\n<li><strong>Andrea Samaniego S\u00e1nchez<\/strong><\/li>\n\n\n\n<li><strong>Dulce Merary Villalobos<\/strong><\/li>\n\n\n\n<li><a href=\"https:\/\/femumex.org\/wp-content\/uploads\/2023\/10\/Alejandre.pdf\" target=\"_blank\" rel=\"noreferrer noopener\"><strong>Gloria Luz Alejandre<\/strong><\/a><\/li>\n\n\n\n<li><a href=\"https:\/\/femumex.org\/wp-content\/uploads\/2023\/10\/Gloria-Ramirez.pdf\" target=\"_blank\" rel=\"noreferrer noopener\"><strong>Gloria Ram\u00edrez Hern\u00e1ndez<\/strong><\/a><\/li>\n<\/ol>\n\n\n\n<p><strong>COMUNICACI\u00d3N<\/strong><\/p>\n\n\n\n<ol class=\"wp-block-list\">\n<li><a href=\"https:\/\/femumex.org\/wp-content\/uploads\/2023\/10\/Moran.pdf\" target=\"_blank\" rel=\"noreferrer noopener\"><strong>Adriana Mor\u00e1n Ugarte<\/strong><\/a><\/li>\n\n\n\n<li><strong>Raquel Ram\u00edrez Salgado<\/strong><\/li>\n\n\n\n<li><a href=\"https:\/\/femumex.org\/wp-content\/uploads\/2023\/10\/Romero.pdf\" target=\"_blank\" rel=\"noreferrer noopener\"><strong>Ruth Romero Salda\u00f1a<\/strong><\/a><\/li>\n\n\n\n<li><a href=\"https:\/\/femumex.org\/wp-content\/uploads\/2023\/10\/Vazquez.pdf\" target=\"_blank\" rel=\"noreferrer noopener\"><strong>Sandra V\u00e1zquez Salazar<\/strong><\/a><\/li>\n<\/ol>\n\n\n\n<p><strong>DERECHO<\/strong><\/p>\n\n\n\n<ol class=\"wp-block-list\">\n<li><a href=\"https:\/\/femumex.org\/wp-content\/uploads\/2023\/10\/Alvarez.pdf\" target=\"_blank\" rel=\"noreferrer noopener\"><strong>Rosa Mar\u00eda \u00c1lvarez Gonz\u00e1lez<\/strong><\/a><\/li>\n\n\n\n<li><strong>Mar\u00eda Alma Alonso N\u00e1jera<\/strong><\/li>\n\n\n\n<li><strong>Alma Elena Sarayth de Le\u00f3n Cardona<\/strong><\/li>\n\n\n\n<li><a href=\"https:\/\/femumex.org\/wp-content\/uploads\/2023\/10\/Ambrosio.pdf\" target=\"_blank\" rel=\"noreferrer noopener\"><strong>Mar\u00eda Teresa Ambrosio Morales<\/strong><\/a><\/li>\n\n\n\n<li><strong>Gloria Cervera<\/strong><\/li>\n\n\n\n<li><a href=\"https:\/\/femumex.org\/wp-content\/uploads\/2023\/10\/Lourdes.pdf\" target=\"_blank\" rel=\"noreferrer noopener\"><strong>Lourdes Enr\u00edquez<\/strong><\/a><\/li>\n\n\n\n<li><a href=\"https:\/\/femumex.org\/wp-content\/uploads\/2023\/10\/Zoraida.pdf\" target=\"_blank\" rel=\"noreferrer noopener\"><strong>Zoraida Garc\u00eda Castillo<\/strong><\/a><\/li>\n\n\n\n<li><strong>Soledad Guadalupe L\u00f3pez Acosta<\/strong><\/li>\n\n\n\n<li><a href=\"https:\/\/femumex.org\/wp-content\/uploads\/2023\/10\/Julieta.pdf\" target=\"_blank\" rel=\"noreferrer noopener\"><strong>Julieta Morales S\u00e1nchez<\/strong><\/a><\/li>\n\n\n\n<li><strong>Carol Orozco<\/strong><\/li>\n\n\n\n<li><a href=\"https:\/\/femumex.org\/wp-content\/uploads\/2023\/10\/Ydalia.pdf\" target=\"_blank\" rel=\"noreferrer noopener\"><strong>Ydalia P\u00e9rez Fern\u00e1ndez Ceja<\/strong><\/a><\/li>\n\n\n\n<li><strong>Martha S\u00e1nchez Miguel<\/strong><\/li>\n\n\n\n<li><a href=\"https:\/\/femumex.org\/wp-content\/uploads\/2023\/10\/SanchezCordero.pdf\" target=\"_blank\" rel=\"noreferrer noopener\"><strong>Olga S\u00e1nchez Cordero<\/strong><\/a><\/li>\n\n\n\n<li><strong>Guadalupe Vald\u00e9s Osorio<\/strong><\/li>\n\n\n\n<li><a href=\"https:\/\/femumex.org\/wp-content\/uploads\/2023\/10\/Sasaki.pdf\" target=\"_blank\" rel=\"noreferrer noopener\"><strong>Celia Mar\u00edn Sasaki<\/strong><\/a><\/li>\n\n\n\n<li><strong>Kenya Ver\u00f3nica Ben\u00edtez Montero<\/strong><\/li>\n\n\n\n<li><strong>Mar\u00eda Fernanda Hinojosa Cant\u00fa<\/strong><\/li>\n\n\n\n<li><strong>Laura M\u00e1rquez Mart\u00ednez<\/strong><\/li>\n\n\n\n<li><strong>Mar\u00eda Patricia Lira Alonso<\/strong><\/li>\n\n\n\n<li><strong>Celia Marcial Jim\u00e9nez<\/strong><\/li>\n\n\n\n<li><strong>Leoba Casta\u00f1eda Rivas<\/strong><\/li>\n\n\n\n<li><strong>Irma Irene Ram\u00edrez (Hidalgo)<\/strong><\/li>\n<\/ol>\n\n\n\n<p><strong>ECONOM\u00cdA<\/strong><\/p>\n\n\n\n<ol class=\"wp-block-list\">\n<li><strong>Adheli Galindo Arenas<\/strong><\/li>\n\n\n\n<li><a href=\"https:\/\/femumex.org\/wp-content\/uploads\/2023\/10\/Giron.pdf\" target=\"_blank\" rel=\"noreferrer noopener\"><strong>Alicia Gir\u00f3n<\/strong><\/a><\/li>\n\n\n\n<li><a href=\"https:\/\/femumex.org\/wp-content\/uploads\/2023\/10\/Correa.pdf\" target=\"_blank\" rel=\"noreferrer noopener\"><strong>Mar\u00eda Eugenia Correa V\u00e1zquez<\/strong><\/a><\/li>\n\n\n\n<li><strong>Mar\u00eda Teresa Ortega Padilla<\/strong><\/li>\n\n\n\n<li><strong>Patricia Rodr\u00edguez L\u00f3pez<\/strong><\/li>\n<\/ol>\n\n\n\n<p><strong>F\u00cdSICA<\/strong><\/p>\n\n\n\n<ol class=\"wp-block-list\">\n<li><a href=\"https:\/\/femumex.org\/wp-content\/uploads\/2023\/10\/DelValle.pdf\" target=\"_blank\" rel=\"noreferrer noopener\"><strong>Gabriela Del Valle Mu\u00f1oz<\/strong><\/a><\/li>\n<\/ol>\n\n\n\n<p><strong>GEOGRAF\u00cdA<\/strong><\/p>\n\n\n\n<ol class=\"wp-block-list\">\n<li><a href=\"https:\/\/femumex.org\/wp-content\/uploads\/2023\/10\/Frances.pdf\" target=\"_blank\" rel=\"noreferrer noopener\"><strong>Mary Frances Rodr\u00edguez Van Gort<\/strong><\/a><\/li>\n<\/ol>\n\n\n\n<p><strong>HISTORIA<\/strong><\/p>\n\n\n\n<ol class=\"wp-block-list\">\n<li><strong>Cristina del Pilar Oehmichen Baz\u00e1n (Antropolog\u00eda)&nbsp;<\/strong><\/li>\n\n\n\n<li><strong>Lourdes Alvarado y Mart\u00ednez Escobar<\/strong><\/li>\n\n\n\n<li><a href=\"https:\/\/patriciagaleana.net\/\" target=\"_blank\" rel=\"noreferrer noopener\"><strong>Patricia\u00a0Galeana Herrera<\/strong><\/a><\/li>\n\n\n\n<li><strong>Oresta L\u00f3pez P\u00e9rez<\/strong><\/li>\n<\/ol>\n\n\n\n<p><strong>INGENIER\u00cdA<\/strong><\/p>\n\n\n\n<ol class=\"wp-block-list\">\n<li><strong>Margarita Torres Hern\u00e1ndez<\/strong><\/li>\n\n\n\n<li><strong>Rosa Mar\u00eda Ram\u00edrez Zamora<\/strong><\/li>\n<\/ol>\n\n\n\n<p><strong>LITERATURA<\/strong><\/p>\n\n\n\n<ol class=\"wp-block-list\">\n<li><a href=\"https:\/\/femumex.org\/wp-content\/uploads\/2023\/10\/RomeroChumacero.pdf\" target=\"_blank\" rel=\"noreferrer noopener\"><strong>Leticia Romero Chumacero<\/strong><\/a><\/li>\n\n\n\n<li><a href=\"https:\/\/femumex.org\/wp-content\/uploads\/2023\/10\/Guzman.pdf\" target=\"_blank\" rel=\"noreferrer noopener\"><strong>Luc\u00eda Guzm\u00e1n<\/strong><\/a><\/li>\n\n\n\n<li><strong>Liliana Weinberg Marchevsky<\/strong><\/li>\n\n\n\n<li><strong>Luz Fernanda Azuela<\/strong><\/li>\n\n\n\n<li><a href=\"https:\/\/femumex.org\/wp-content\/uploads\/2023\/10\/Garcia-Rey.pdf\" target=\"_blank\" rel=\"noreferrer noopener\"><strong>Roc\u00edo Garc\u00eda Rey<\/strong><\/a><\/li>\n\n\n\n<li><strong>Reyna Irene Escudero S\u00e1nchez (Hidalgo)<\/strong><\/li>\n<\/ol>\n\n\n\n<p><strong>MEDICINA<\/strong><\/p>\n\n\n\n<ol class=\"wp-block-list\">\n<li><strong>Elia Martha P\u00e9rez Armend\u00e1riz<\/strong><\/li>\n\n\n\n<li><strong>Jenny Malvido Leyva<\/strong><\/li>\n<\/ol>\n\n\n\n<p><strong>ODONTOLOG\u00cdA<\/strong><\/p>\n\n\n\n<ol class=\"wp-block-list\">\n<li><a href=\"https:\/\/femumex.org\/wp-content\/uploads\/2023\/10\/Saavedra.pdf\" target=\"_blank\" rel=\"noreferrer noopener\"><strong>Beatriz Saavedra<\/strong><\/a><\/li>\n\n\n\n<li><strong>Eloisa Arcos Gonz\u00e1lez<\/strong><\/li>\n\n\n\n<li><strong>Lourdes Ledesma Salinas<\/strong><\/li>\n\n\n\n<li><strong>Mar\u00eda del Carmen Carrillo<\/strong><\/li>\n\n\n\n<li><strong>Marisa Yvette Dom\u00ednguez Rodr\u00edguez<\/strong><\/li>\n\n\n\n<li><a href=\"https:\/\/femumex.org\/wp-content\/uploads\/2023\/10\/Feingold.pdf\" target=\"_blank\" rel=\"noreferrer noopener\"><strong>Mirella Feingold Steiner<\/strong><\/a><\/li>\n<\/ol>\n\n\n\n<p><strong>PEDAGOG\u00cdA<\/strong><\/p>\n\n\n\n<ol class=\"wp-block-list\">\n<li><a href=\"https:\/\/femumex.org\/wp-content\/uploads\/2023\/10\/Caballero.pdf\" target=\"_blank\" rel=\"noreferrer noopener\"><strong>Rebeca Caballero \u00c1lvarez<\/strong><\/a><\/li>\n<\/ol>\n\n\n\n<p><strong>PSICOLOG\u00cdA<\/strong><\/p>\n\n\n\n<ol class=\"wp-block-list\">\n<li><a href=\"https:\/\/femumex.org\/wp-content\/uploads\/2023\/10\/Mota.pdf\" target=\"_blank\" rel=\"noreferrer noopener\"><strong>Graciela Mota<\/strong><\/a><\/li>\n\n\n\n<li><a href=\"https:\/\/femumex.org\/wp-content\/uploads\/2023\/10\/Samperio.pdf\" target=\"_blank\" rel=\"noreferrer noopener\"><strong>Regina Esperanza Samperio Rodr\u00edguez<\/strong><\/a><\/li>\n\n\n\n<li><strong>Sumie Prado Arai<\/strong><\/li>\n\n\n\n<li><a href=\"https:\/\/femumex.org\/wp-content\/uploads\/2023\/10\/Wolf.pdf\" target=\"_blank\" rel=\"noreferrer noopener\"><strong>Ana Cliseria Wolf P\u00e9rez (Hidalgo)<\/strong><\/a><\/li>\n<\/ol>\n\n\n\n<p><strong>SOCIOLOG\u00cdA<\/strong><\/p>\n\n\n\n<ol class=\"wp-block-list\">\n<li><strong>Delia Selene De Dios Vallejo<\/strong><\/li>\n\n\n\n<li><strong>Esmeralda Remedios Lagos y Casta\u00f1eda<\/strong><\/li>\n\n\n\n<li><strong>Mar\u00eda Esther Munive Piz<\/strong><\/li>\n<\/ol>\n\n\n\n<p><strong>TRABAJO SOCIAL<\/strong><\/p>\n\n\n\n<ol class=\"wp-block-list\">\n<li><strong>Leticia Cano Soriano<\/strong><\/li>\n\n\n\n<li><a href=\"https:\/\/femumex.org\/wp-content\/uploads\/2023\/10\/LauraOrtega.pdf\" target=\"_blank\" rel=\"noreferrer noopener\"><strong>Mar\u00eda Laura Estela Ortega Garc\u00eda<\/strong><\/a><\/li>\n<\/ol>\n\n\n\n<p><strong>FEMU Junior<\/strong><\/p>\n\n\n\n<ol class=\"wp-block-list\">\n<li><strong>Alejandra Llera Mu\u00f1oz<\/strong><\/li>\n\n\n\n<li><strong>Ana M\u00f3nica Ceballo Samperio<\/strong><\/li>\n\n\n\n<li><strong>Brenda L\u00f3pez<\/strong><\/li>\n\n\n\n<li><strong>Carol Hern\u00e1ndez Rodr\u00edguez<\/strong><\/li>\n\n\n\n<li><strong>Catalina Carballido Garc\u00eda<\/strong><\/li>\n\n\n\n<li><strong>Denisse Michel V\u00e9lez Mart\u00ednez<\/strong><\/li>\n\n\n\n<li><strong>Raquel Adriana Vidal<\/strong><\/li>\n\n\n\n<li><strong>Regina Galicia Samperio<\/strong><\/li>\n\n\n\n<li><strong>Sarai Rosario D\u00edaz<\/strong><\/li>\n\n\n\n<li><strong>Sof\u00eda Judith P\u00e9rez Barrera<\/strong><\/li>\n\n\n\n<li><strong>Tzazil Valencia Oseguera<\/strong><\/li>\n\n\n\n<li><strong>Violeta Torres Carroll<\/strong><\/li>\n\n\n\n<li><strong>Yadira Monserrat C\u00f3rdoba L\u00f3pez<\/strong><\/li>\n\n\n\n<li><a href=\"https:\/\/femumex.org\/wp-content\/uploads\/2023\/10\/FernandaVidal.pdf\" target=\"_blank\" rel=\"noreferrer noopener\"><strong>Fernanda Vidal Correa<\/strong><\/a><\/li>\n\n\n\n<li><a href=\"https:\/\/femumex.org\/wp-content\/uploads\/2023\/10\/LauraVidal.pdf\" target=\"_blank\" rel=\"noreferrer noopener\"><strong>Laura Vidal Correa<\/strong><\/a><\/li>\n<\/ol>\n\n\n\n<div style=\"height:30px\" aria-hidden=\"true\" class=\"wp-block-spacer\"><\/div>\n","protected":false},"excerpt":{"rendered":"<p>Integrantes Directorio ADMINISTRACI\u00d3N Y CONTADUR\u00cdA ARTES ARQUITECTURA BIBLIOTECOLOG\u00cdA CIENCIA POL\u00cdTICA Y ADMINISTRACI\u00d3N P\u00daBLICA COMUNICACI\u00d3N DERECHO ECONOM\u00cdA F\u00cdSICA GEOGRAF\u00cdA HISTORIA INGENIER\u00cdA LITERATURA MEDICINA ODONTOLOG\u00cdA PEDAGOG\u00cdA PSICOLOG\u00cdA SOCIOLOG\u00cdA TRABAJO SOCIAL FEMU Junior<\/p>\n","protected":false},"author":1,"featured_media":0,"parent":0,"menu_order":0,"comment_status":"closed","ping_status":"closed","template":"","meta":{"_uag_custom_page_level_css":"","site-sidebar-layout":"default","site-content-layout":"","ast-site-content-layout":"default","site-content-style":"default","site-sidebar-style":"default","ast-global-header-display":"","ast-banner-title-visibility":"","ast-main-header-display":"","ast-hfb-above-header-display":"","ast-hfb-below-header-display":"","ast-hfb-mobile-header-display":"","site-post-title":"","ast-breadcrumbs-content":"","ast-featured-img":"","footer-sml-layout":"","ast-disable-related-posts":"","theme-transparent-header-meta":"","adv-header-id-meta":"","stick-header-meta":"","header-above-stick-meta":"","header-main-stick-meta":"","header-below-stick-meta":"","astra-migrate-meta-layouts":"default","ast-page-background-enabled":"default","ast-page-background-meta":{"desktop":{"background-color":"var(--ast-global-color-4)","background-image":"","background-repeat":"repeat","background-position":"center center","background-size":"auto","background-attachment":"scroll","background-type":"","background-media":"","overlay-type":"","overlay-color":"","overlay-opacity":"","overlay-gradient":""},"tablet":{"background-color":"","background-image":"","background-repeat":"repeat","background-position":"center center","background-size":"auto","background-attachment":"scroll","background-type":"","background-media":"","overlay-type":"","overlay-color":"","overlay-opacity":"","overlay-gradient":""},"mobile":{"background-color":"","background-image":"","background-repeat":"repeat","background-position":"center center","background-size":"auto","background-attachment":"scroll","background-type":"","background-media":"","overlay-type":"","overlay-color":"","overlay-opacity":"","overlay-gradient":""}},"ast-content-background-meta":{"desktop":{"background-color":"var(--ast-global-color-5)","background-image":"","background-repeat":"repeat","background-position":"center center","background-size":"auto","background-attachment":"scroll","background-type":"","background-media":"","overlay-type":"","overlay-color":"","overlay-opacity":"","overlay-gradient":""},"tablet":{"background-color":"var(--ast-global-color-5)","background-image":"","background-repeat":"repeat","background-position":"center center","background-size":"auto","background-attachment":"scroll","background-type":"","background-media":"","overlay-type":"","overlay-color":"","overlay-opacity":"","overlay-gradient":""},"mobile":{"background-color":"var(--ast-global-color-5)","background-image":"","background-repeat":"repeat","background-position":"center center","background-size":"auto","background-attachment":"scroll","background-type":"","background-media":"","overlay-type":"","overlay-color":"","overlay-opacity":"","overlay-gradient":""}},"footnotes":""},"categories":[],"tags":[],"class_list":["post-409","page","type-page","status-publish","hentry"],"uagb_featured_image_src":{"full":false,"thumbnail":false,"medium":false,"medium_large":false,"large":false,"1536x1536":false,"2048x2048":false,"trp-custom-language-flag":false},"uagb_author_info":{"display_name":"Federacion Mexicana de Universitarias","author_link":"https:\/\/femumex.org\/es\/author\/mume\/"},"uagb_comment_info":0,"uagb_excerpt":"Integrantes Directorio ADMINISTRACI\u00d3N Y CONTADUR\u00cdA ARTES ARQUITECTURA BIBLIOTECOLOG\u00cdA CIENCIA POL\u00cdTICA Y ADMINISTRACI\u00d3N P\u00daBLICA COMUNICACI\u00d3N DERECHO ECONOM\u00cdA F\u00cdSICA GEOGRAF\u00cdA HISTORIA INGENIER\u00cdA LITERATURA MEDICINA ODONTOLOG\u00cdA PEDAGOG\u00cdA PSICOLOG\u00cdA SOCIOLOG\u00cdA TRABAJO SOCIAL FEMU Junior","_links":{"self":[{"href":"https:\/\/femumex.org\/es\/wp-json\/wp\/v2\/pages\/409","targetHints":{"allow":["GET"]}}],"collection":[{"href":"https:\/\/femumex.org\/es\/wp-json\/wp\/v2\/pages"}],"about":[{"href":"https:\/\/femumex.org\/es\/wp-json\/wp\/v2\/types\/page"}],"author":[{"embeddable":true,"href":"https:\/\/femumex.org\/es\/wp-json\/wp\/v2\/users\/1"}],"replies":[{"embeddable":true,"href":"https:\/\/femumex.org\/es\/wp-json\/wp\/v2\/comments?post=409"}],"version-history":[{"count":2,"href":"https:\/\/femumex.org\/es\/wp-json\/wp\/v2\/pages\/409\/revisions"}],"predecessor-version":[{"id":453,"href":"https:\/\/femumex.org\/es\/wp-json\/wp\/v2\/pages\/409\/revisions\/453"}],"wp:attachment":[{"href":"https:\/\/femumex.org\/es\/wp-json\/wp\/v2\/media?parent=409"}],"wp:term":[{"taxonomy":"category","embeddable":true,"href":"https:\/\/femumex.org\/es\/wp-json\/wp\/v2\/categories?post=409"},{"taxonomy":"post_tag","embeddable":true,"href":"https:\/\/femumex.org\/es\/wp-json\/wp\/v2\/tags?post=409"}],"curies":[{"name":"wp","href":"https:\/\/api.w.org\/{rel}","templated":true}]}}